{"id":8053,"date":"2022-04-09T16:11:16","date_gmt":"2022-04-09T16:11:16","guid":{"rendered":"https:\/\/kocaeli.worldpest.com.tr\/?page_id=8053"},"modified":"2022-04-20T13:17:10","modified_gmt":"2022-04-20T13:17:10","slug":"blog","status":"publish","type":"page","link":"https:\/\/kocaeli.worldpest.com.tr\/?page_id=8053","title":{"rendered":"Blog"},"content":{"rendered":"<section class=\"l-section wpb_row height_custom\"><div class=\"l-section-h i-cf\"><div class=\"g-cols vc_row via_grid cols_1 laptops-cols_inherit tablets-cols_inherit mobiles-cols_1 valign_top type_default stacking_default\"><div class=\"wpb_column vc_column_container\"><div class=\"vc_column-inner\"><div class=\"w-grid type_grid layout_blog_classic cols_3 valign_center with_css_animation\" id=\"us_grid_1\" data-filterable=\"true\"><style>#us_grid_1 .w-grid-item{padding:1.5rem}#us_grid_1 .w-grid-list{margin:-1.5rem}.w-grid + #us_grid_1 .w-grid-list,.w-grid-none + #us_grid_1 .w-grid-list{margin-top:1.5rem}@media (max-width:899px){#us_grid_1 .w-grid-item{width:50%}}@media (max-width:599px){#us_grid_1 .w-grid-list{margin:0}#us_grid_1 .w-grid-item{width:100%;padding:0;margin-bottom:1.5rem}}.layout_blog_classic .w-grid-item-h{}.layout_blog_classic .usg_post_image_1{margin-bottom:1rem!important}.layout_blog_classic .usg_post_title_1{font-size:1.4rem!important;font-weight:700!important;margin-bottom:0.5rem!important}.layout_blog_classic .usg_hwrapper_1{color:var(--color-content-faded)!important;font-size:0.9rem!important}.layout_blog_classic .usg_post_taxonomy_1{font-weight:700!important;text-transform:uppercase!important}.layout_blog_classic .usg_post_content_1{max-width:600px!important;margin-top:0.5rem!important}<\/style><div class=\"w-grid-list\">\t<article class=\"w-grid-item us_animate_afb post-8147 post type-post status-publish format-standard hentry category-uncategorized\" data-id=\"8147\" style=\"animation-delay:0s\">\r\n\t\t<div class=\"w-grid-item-h\">\r\n\t\t\t\t\t\t<h2 class=\"w-post-elm post_title usg_post_title_1 entry-title color_link_inherit\"><a href=\"https:\/\/kocaeli.worldpest.com.tr\/?p=8147\">\u0130stanbul \u0130\u015f Yeri \u0130la\u00e7lama Hizmeti<\/a><\/h2><div class=\"w-hwrapper usg_hwrapper_1 has_text_color align_none valign_top wrap\"><div class=\"w-post-elm post_taxonomy usg_post_taxonomy_1 style_simple\"><a class=\"term-1 term-uncategorized\" href=\"https:\/\/kocaeli.worldpest.com.tr\/?cat=1\">Uncategorized<\/a><\/div><time class=\"w-post-elm post_date usg_post_date_1 entry-date published\" datetime=\"2022-04-15T16:15:01+00:00\" title=\"15 Nisan 2022, 16:15:01 +00:00\">4 y\u0131l \u00f6nce<\/time><\/div><div class=\"w-post-elm post_content usg_post_content_1\">Ev, i\u015f yeri, bah\u00e7e, garaj, otel vb. alanlarda, nerede bulundu\u011fumuz fark etmeksizin bireyler olarak hijyenik bir ortama sahip olmak iste\u011fimiz mevcuttur. Bar\u0131nd\u0131\u011f\u0131m\u0131z ve bulundu\u011fumuz t\u00fcm alanlar, insan ya\u015fam alan\u0131n\u0131n do\u011fal\u0131nda&hellip;<\/div>\t\t<\/div>\r\n\t<\/article>\r\n\t<article class=\"w-grid-item us_animate_afb post-8144 post type-post status-publish format-standard has-post-thumbnail hentry category-uncategorized\" data-id=\"8144\" style=\"animation-delay:0.1s\">\r\n\t\t<div class=\"w-grid-item-h\">\r\n\t\t\t\t\t\t<div class=\"w-post-elm post_image usg_post_image_1 stretched\"><a href=\"https:\/\/kocaeli.worldpest.com.tr\/?p=8144\" aria-label=\"Bah\u00e7e \u0130la\u00e7lama Servisi\"><img loading=\"lazy\" decoding=\"async\" width=\"500\" height=\"300\" src=\"https:\/\/kocaeli.worldpest.com.tr\/wp-content\/uploads\/2022\/04\/3-500x300.jpg\" class=\"attachment-us_500_300_crop size-us_500_300_crop wp-post-image\" alt=\"\" \/><\/a><\/div><h2 class=\"w-post-elm post_title usg_post_title_1 entry-title color_link_inherit\"><a href=\"https:\/\/kocaeli.worldpest.com.tr\/?p=8144\">Bah\u00e7e \u0130la\u00e7lama Servisi<\/a><\/h2><div class=\"w-hwrapper usg_hwrapper_1 has_text_color align_none valign_top wrap\"><div class=\"w-post-elm post_taxonomy usg_post_taxonomy_1 style_simple\"><a class=\"term-1 term-uncategorized\" href=\"https:\/\/kocaeli.worldpest.com.tr\/?cat=1\">Uncategorized<\/a><\/div><time class=\"w-post-elm post_date usg_post_date_1 entry-date published\" datetime=\"2022-04-15T16:14:25+00:00\" title=\"15 Nisan 2022, 16:14:25 +00:00\">4 y\u0131l \u00f6nce<\/time><\/div><div class=\"w-post-elm post_content usg_post_content_1\">\u0130nsanlar bar\u0131nd\u0131klar\u0131 ve bulunduklar\u0131 her ortam i\u00e7in, steril ve rahats\u0131z edici her t\u00fcrl\u00fc etmenden uzak bir alan yaratmaya \u00f6zen g\u00f6stermektedirler. Bu sterilli\u011fi bozacak problemlerden olan b\u00f6cek ve ha\u015fere sorunu, \u00f6zellikle&hellip;<\/div>\t\t<\/div>\r\n\t<\/article>\r\n\t<article class=\"w-grid-item us_animate_afb post-8141 post type-post status-publish format-standard has-post-thumbnail hentry category-uncategorized\" data-id=\"8141\" style=\"animation-delay:0.2s\">\r\n\t\t<div class=\"w-grid-item-h\">\r\n\t\t\t\t\t\t<div class=\"w-post-elm post_image usg_post_image_1 stretched\"><a href=\"https:\/\/kocaeli.worldpest.com.tr\/?p=8141\" aria-label=\"Be\u015fikta\u015f Fare \u0130la\u00e7lama Firmas\u0131\"><img loading=\"lazy\" decoding=\"async\" width=\"500\" height=\"300\" src=\"https:\/\/kocaeli.worldpest.com.tr\/wp-content\/uploads\/2022\/04\/4-500x300.jpg\" class=\"attachment-us_500_300_crop size-us_500_300_crop wp-post-image\" alt=\"\" \/><\/a><\/div><h2 class=\"w-post-elm post_title usg_post_title_1 entry-title color_link_inherit\"><a href=\"https:\/\/kocaeli.worldpest.com.tr\/?p=8141\">Be\u015fikta\u015f Fare \u0130la\u00e7lama Firmas\u0131<\/a><\/h2><div class=\"w-hwrapper usg_hwrapper_1 has_text_color align_none valign_top wrap\"><div class=\"w-post-elm post_taxonomy usg_post_taxonomy_1 style_simple\"><a class=\"term-1 term-uncategorized\" href=\"https:\/\/kocaeli.worldpest.com.tr\/?cat=1\">Uncategorized<\/a><\/div><time class=\"w-post-elm post_date usg_post_date_1 entry-date published\" datetime=\"2022-04-15T16:13:43+00:00\" title=\"15 Nisan 2022, 16:13:43 +00:00\">4 y\u0131l \u00f6nce<\/time><\/div><div class=\"w-post-elm post_content usg_post_content_1\">Do\u011fal ya\u015fam alanlar\u0131n\u0131n yok olmas\u0131 ya da ihtiya\u00e7lar\u0131n\u0131 kar\u015f\u0131layamamalar\u0131 nedeniyle farelerin insanlar\u0131n ya\u015fam alanlar\u0131nda yuvalanmas\u0131 s\u0131kl\u0131kla rastlanan bir durumdur. \u0130nsan sa\u011fl\u0131\u011f\u0131na zarar verebilen bu hayvanlar\u0131n h\u0131zl\u0131 \u00fcremeleri nedeniyle m\u00fccadelesi de&hellip;<\/div>\t\t<\/div>\r\n\t<\/article>\r\n<\/div><div class=\"w-grid-preloader\"><div class=\"g-preloader type_1\">\r\n\t<div><\/div>\r\n<\/div>\r\n<\/div>\t<div class=\"w-grid-json hidden\" onclick='return {&quot;action&quot;:&quot;us_ajax_grid&quot;,&quot;ajax_url&quot;:&quot;https:\\\/\\\/kocaeli.worldpest.com.tr\\\/wp-admin\\\/admin-ajax.php&quot;,&quot;infinite_scroll&quot;:0,&quot;max_num_pages&quot;:2,&quot;pagination&quot;:&quot;none&quot;,&quot;permalink_url&quot;:&quot;https:\\\/\\\/kocaeli.worldpest.com.tr&quot;,&quot;template_vars&quot;:{&quot;columns&quot;:&quot;3&quot;,&quot;exclude_items&quot;:&quot;none&quot;,&quot;img_size&quot;:&quot;us_500_300_crop&quot;,&quot;ignore_items_size&quot;:&quot;1&quot;,&quot;items_layout&quot;:&quot;blog_classic&quot;,&quot;items_offset&quot;:&quot;1&quot;,&quot;load_animation&quot;:&quot;afb&quot;,&quot;overriding_link&quot;:&quot;none&quot;,&quot;post_id&quot;:8053,&quot;query_args&quot;:{&quot;post_type&quot;:[&quot;post&quot;],&quot;post_status&quot;:[&quot;publish&quot;],&quot;posts_per_page&quot;:&quot;3&quot;},&quot;orderby_query_args&quot;:{&quot;orderby&quot;:{&quot;date&quot;:&quot;DESC&quot;}},&quot;type&quot;:&quot;grid&quot;,&quot;us_grid_ajax_index&quot;:1,&quot;us_grid_filter_params&quot;:null,&quot;us_grid_index&quot;:1,&quot;_us_grid_post_type&quot;:&quot;post&quot;}}'><\/div>\r\n\t<\/div><\/div><\/div><\/div><\/div><\/section>\n","protected":false},"excerpt":{"rendered":"","protected":false},"author":1,"featured_media":0,"parent":0,"menu_order":0,"comment_status":"closed","ping_status":"closed","template":"","meta":{"_joinchat":[],"footnotes":""},"class_list":["post-8053","page","type-page","status-publish","hentry"],"_links":{"self":[{"href":"https:\/\/kocaeli.worldpest.com.tr\/index.php?rest_route=\/wp\/v2\/pages\/8053","targetHints":{"allow":["GET"]}}],"collection":[{"href":"https:\/\/kocaeli.worldpest.com.tr\/index.php?rest_route=\/wp\/v2\/pages"}],"about":[{"href":"https:\/\/kocaeli.worldpest.com.tr\/index.php?rest_route=\/wp\/v2\/types\/page"}],"author":[{"embeddable":true,"href":"https:\/\/kocaeli.worldpest.com.tr\/index.php?rest_route=\/wp\/v2\/users\/1"}],"replies":[{"embeddable":true,"href":"https:\/\/kocaeli.worldpest.com.tr\/index.php?rest_route=%2Fwp%2Fv2%2Fcomments&post=8053"}],"version-history":[{"count":8,"href":"https:\/\/kocaeli.worldpest.com.tr\/index.php?rest_route=\/wp\/v2\/pages\/8053\/revisions"}],"predecessor-version":[{"id":8168,"href":"https:\/\/kocaeli.worldpest.com.tr\/index.php?rest_route=\/wp\/v2\/pages\/8053\/revisions\/8168"}],"wp:attachment":[{"href":"https:\/\/kocaeli.worldpest.com.tr\/index.php?rest_route=%2Fwp%2Fv2%2Fmedia&parent=8053"}],"curies":[{"name":"wp","href":"https:\/\/api.w.org\/{rel}","templated":true}]}}