{"id":8059,"date":"2022-04-09T16:11:39","date_gmt":"2022-04-09T16:11:39","guid":{"rendered":"https:\/\/kocaeli.worldpest.com.tr\/?page_id=8059"},"modified":"2023-09-22T12:14:27","modified_gmt":"2023-09-22T12:14:27","slug":"iletisim","status":"publish","type":"page","link":"https:\/\/kocaeli.worldpest.com.tr\/?page_id=8059","title":{"rendered":"\u0130leti\u015fim"},"content":{"rendered":"<section class=\"l-section wpb_row height_custom\"><div class=\"l-section-h i-cf\"><div class=\"g-cols vc_row via_grid cols_1-3 laptops-cols_inherit tablets-cols_inherit mobiles-cols_1 valign_top type_default stacking_default\" style=\"grid-gap:58px;\"><div class=\"wpb_column vc_column_container\"><div class=\"vc_column-inner\"><h2 class=\"w-text\"><span class=\"w-text-h\"><span class=\"w-text-value\">Bizi aray\u0131n<\/span><\/span><\/h2><div class=\"w-iconbox iconpos_left style_default color_primary align_left\"><div class=\"w-iconbox-icon\" style=\"font-size:2rem;\"><i class=\"fas fa-phone-alt\"><\/i><\/div><div class=\"w-iconbox-meta\"><h4 class=\"w-iconbox-title\">HA\u015eERE KONTROL\u00dc<\/h4><div class=\"w-iconbox-text\"><p>0850 259 73 78<\/p>\n<\/div><\/div><\/div><div class=\"w-separator size_large\"><\/div><h2 class=\"w-text us_custom_c96a8a09\"><span class=\"w-text-h\"><span class=\"w-text-value\">MERKEZ VE \u015eUBELER<\/span><\/span><\/h2><div class=\"w-separator size_custom\" style=\"height:10px\"><\/div><div class=\"w-iconbox iconpos_left style_default color_contrast align_left no_text\"><a target=\"_blank\" rel=\"nofollow noopener\" href=\"https:\/\/goo.gl\/maps\/dfYWcXD5Upw\" class=\"w-iconbox-link\" aria-label=\"MERKEZ Sar\u0131gazi Mah. Balkan Sokak No:6\/A Sancaktepe \/\u0130STANBUL\"><div class=\"w-iconbox-icon\" style=\"font-size:1.2rem;\"><i class=\"far fa-map-marker-alt\"><\/i><\/div><\/a><div class=\"w-iconbox-meta\"><a target=\"_blank\" rel=\"nofollow noopener\" href=\"https:\/\/goo.gl\/maps\/dfYWcXD5Upw\" class=\"w-iconbox-link\" aria-label=\"MERKEZ Sar\u0131gazi Mah. Balkan Sokak No:6\/A Sancaktepe \/\u0130STANBUL\"><div class=\"w-iconbox-title\">MERKEZ Sar\u0131gazi Mah. Balkan Sokak No:6\/A Sancaktepe \/\u0130STANBUL<\/div><\/a><\/div><\/div><div class=\"w-iconbox iconpos_left style_default color_contrast align_left no_text\"><div class=\"w-iconbox-icon\" style=\"font-size:1.2rem;\"><i class=\"far fa-map-marker-alt\"><\/i><\/div><div class=\"w-iconbox-meta\"><div class=\"w-iconbox-title\">\u015eUBE Karak\u00f6pr\u00fc Mahallesi Sedef Sokak No:9 G\u00f6lc\u00fck\/Kocaeli<\/div><\/div><\/div><div class=\"w-iconbox iconpos_left style_default color_contrast align_left no_text\"><a href=\"mailto:info@worldpest.com.tr\" class=\"w-iconbox-link\" aria-label=\"info@worldpest.com.tr\"><div class=\"w-iconbox-icon\" style=\"font-size:1.2rem;\"><i class=\"far fa-envelope\"><\/i><\/div><\/a><div class=\"w-iconbox-meta\"><a href=\"mailto:info@worldpest.com.tr\" class=\"w-iconbox-link\" aria-label=\"info@worldpest.com.tr\"><div class=\"w-iconbox-title\">info@worldpest.com.tr<\/div><\/a><\/div><\/div><div class=\"w-separator size_custom\" style=\"height:10px\"><\/div><div class=\"w-iconbox iconpos_left style_default color_contrast align_left no_text\"><a href=\"tel:08502597378\" class=\"w-iconbox-link\" aria-label=\"0850 259 73 78\"><div class=\"w-iconbox-icon\" style=\"font-size:1.2rem;\"><i class=\"far fa-phone\"><\/i><\/div><\/a><div class=\"w-iconbox-meta\"><a href=\"tel:08502597378\" class=\"w-iconbox-link\" aria-label=\"0850 259 73 78\"><div class=\"w-iconbox-title\">0850 259 73 78<\/div><\/a><\/div><\/div><div class=\"w-iconbox iconpos_left style_default color_contrast align_left no_text\"><a href=\"tel:+905382070418\" class=\"w-iconbox-link\" aria-label=\"+90 538 207 04 18\"><div class=\"w-iconbox-icon\" style=\"font-size:1.2rem;\"><i class=\"far fa-phone\"><\/i><\/div><\/a><div class=\"w-iconbox-meta\"><a href=\"tel:+905382070418\" class=\"w-iconbox-link\" aria-label=\"+90 538 207 04 18\"><div class=\"w-iconbox-title\">+90 538 207 04 18<\/div><\/a><\/div><\/div><div class=\"w-separator size_custom\" style=\"height:10px\"><\/div><div class=\"w-socials us_custom_49f317a8 color_text shape_none\" style=\"--gap:0.5em;\"><div class=\"w-socials-list\"><div class=\"w-socials-item facebook\"><a class=\"w-socials-item-link\" href=\"https:\/\/www.facebook.com\/worldpest4447986\/\" target=\"_blank\" rel=\"noopener nofollow\" title=\"Facebook\" aria-label=\"Facebook\"><span class=\"w-socials-item-link-hover\"><\/span><i class=\"fab fa-facebook\"><\/i><\/a><div class=\"w-socials-item-popup\"><span>Facebook<\/span><\/div><\/div><div class=\"w-socials-item twitter\"><a class=\"w-socials-item-link\" href=\"https:\/\/twitter.com\/world_pest\" target=\"_blank\" rel=\"noopener nofollow\" title=\"Twitter\" aria-label=\"Twitter\"><span class=\"w-socials-item-link-hover\"><\/span><i class=\"fab fa-twitter\"><\/i><\/a><div class=\"w-socials-item-popup\"><span>Twitter<\/span><\/div><\/div><\/div><\/div><\/div><\/div><div class=\"wpb_column vc_column_container\"><div class=\"vc_column-inner\"><h2 class=\"w-text\"><span class=\"w-text-h\"><span class=\"w-text-value\">Bize Ula\u015f\u0131n<\/span><\/span><\/h2><form class=\"w-form  layout_ver for_cform us_form_1\" autocomplete=\"off\" action=\"https:\/\/kocaeli.worldpest.com.tr\/index.php?rest_route=%2Fwp%2Fv2%2Fpages%2F8059\" method=\"post\"><div class=\"w-form-h\"><div class=\"w-form-row for_text\">\r\n\t\t<div class=\"w-form-row-field\">\r\n\t\t\t\t\t\t<input aria-label=\"\u0130sim\" type=\"text\" name=\"us_form_1_text_1\" value placeholder=\"\u0130sim\"\/>\r\n\t\t\t<\/div>\r\n\t\t<div class=\"w-form-row-state\">Fill out this field<\/div>\r\n<\/div>\r\n<div class=\"w-form-row for_email\">\r\n\t\t<div class=\"w-form-row-field\">\r\n\t\t\t\t\t\t<input aria-label=\"E-posta\" type=\"email\" name=\"us_form_1_email_1\" value placeholder=\"E-posta\"\/>\r\n\t\t\t<\/div>\r\n\t\t<div class=\"w-form-row-state\">L\u00fctfen ge\u00e7erli bir e-posta adresi yaz\u0131n.<\/div>\r\n<\/div>\r\n<div class=\"w-form-row for_text\">\r\n\t\t<div class=\"w-form-row-field\">\r\n\t\t\t\t\t\t<input aria-label=\"Telefon\" type=\"text\" name=\"us_form_1_text_2\" value placeholder=\"Telefon\"\/>\r\n\t\t\t<\/div>\r\n\t\t<div class=\"w-form-row-state\">Fill out this field<\/div>\r\n<\/div>\r\n<div class=\"w-form-row for_textarea\">\r\n\t\t<div class=\"w-form-row-field\">\r\n\t\t\t\t\t\t<textarea aria-label=\"Metin\" name=\"us_form_1_textarea_1\" placeholder=\"Metin\"><\/textarea>\r\n\t\t\t<\/div>\r\n\t\t<div class=\"w-form-row-state\">Fill out this field<\/div>\r\n<\/div>\r\n<input type=\"hidden\" name=\"action\" value=\"us_ajax_cform\" \/>\r\n<input type=\"hidden\" name=\"post_id\" value=\"0\" \/>\r\n<input type=\"hidden\" name=\"form_index\" value=\"1\" \/>\r\n<div class=\"w-form-row for_submit  align_none\">\r\n\t<button class=\"w-btn  us-btn-style_1\" aria-label=\"G\u00f6nder\" type=\"submit\">\r\n\t\t<span class=\"g-preloader type_1\"><\/span>\r\n\t\t\t\t<span class=\"w-btn-label\">G\u00f6nder<\/span>\r\n\t\t\t<\/button>\r\n\t<\/div>\r\n<\/div><div class=\"w-form-message\"><\/div><div class=\"w-form-json hidden\" onclick='return {&quot;ajaxurl&quot;:&quot;https:\\\/\\\/kocaeli.worldpest.com.tr\\\/wp-admin\\\/admin-ajax.php&quot;,&quot;messages&quot;:{&quot;err_empty&quot;:&quot;Fill out this field&quot;,&quot;err_size&quot;:&quot;File size cannot exceed %s MB&quot;,&quot;err_extension&quot;:&quot;%s file type is not allowed&quot;}}'><\/div><\/form><\/div><\/div><\/div><\/div><\/section><section class=\"l-section wpb_row height_custom\"><div class=\"l-section-h i-cf\"><div class=\"g-cols vc_row via_grid cols_1 laptops-cols_inherit tablets-cols_inherit mobiles-cols_1 valign_top type_default stacking_default\"><div class=\"wpb_column vc_column_container\"><div class=\"vc_column-inner\"><div class=\"w-html\"><iframe src=\"https:\/\/www.google.com\/maps\/embed?pb=!1m18!1m12!1m3!1d3010.870058092715!2d29.204873514783287!3d41.006217227501644!2m3!1f0!2f0!3f0!3m2!1i1024!2i768!4f13.1!3m3!1m2!1s0x14cadb88b2b2607d%3A0x50912e304eac8102!2sWorldpest%20Ha%C5%9Fere%20%C4%B0la%C3%A7lama%20Servisi!5e0!3m2!1str!2str!4v1651310070046!5m2!1str!2str\" width=\"100%\" height=\"450\" style=\"border:0;\" allowfullscreen=\"\" loading=\"lazy\" referrerpolicy=\"no-referrer-when-downgrade\"><\/iframe><\/div><\/div><\/div><\/div><\/div><\/section>\n","protected":false},"excerpt":{"rendered":"","protected":false},"author":1,"featured_media":8134,"parent":0,"menu_order":0,"comment_status":"closed","ping_status":"closed","template":"","meta":{"_joinchat":[],"footnotes":""},"class_list":["post-8059","page","type-page","status-publish","has-post-thumbnail","hentry"],"_links":{"self":[{"href":"https:\/\/kocaeli.worldpest.com.tr\/index.php?rest_route=\/wp\/v2\/pages\/8059","targetHints":{"allow":["GET"]}}],"collection":[{"href":"https:\/\/kocaeli.worldpest.com.tr\/index.php?rest_route=\/wp\/v2\/pages"}],"about":[{"href":"https:\/\/kocaeli.worldpest.com.tr\/index.php?rest_route=\/wp\/v2\/types\/page"}],"author":[{"embeddable":true,"href":"https:\/\/kocaeli.worldpest.com.tr\/index.php?rest_route=\/wp\/v2\/users\/1"}],"replies":[{"embeddable":true,"href":"https:\/\/kocaeli.worldpest.com.tr\/index.php?rest_route=%2Fwp%2Fv2%2Fcomments&post=8059"}],"version-history":[{"count":15,"href":"https:\/\/kocaeli.worldpest.com.tr\/index.php?rest_route=\/wp\/v2\/pages\/8059\/revisions"}],"predecessor-version":[{"id":8465,"href":"https:\/\/kocaeli.worldpest.com.tr\/index.php?rest_route=\/wp\/v2\/pages\/8059\/revisions\/8465"}],"wp:featuredmedia":[{"embeddable":true,"href":"https:\/\/kocaeli.worldpest.com.tr\/index.php?rest_route=\/wp\/v2\/media\/8134"}],"wp:attachment":[{"href":"https:\/\/kocaeli.worldpest.com.tr\/index.php?rest_route=%2Fwp%2Fv2%2Fmedia&parent=8059"}],"curies":[{"name":"wp","href":"https:\/\/api.w.org\/{rel}","templated":true}]}}