{"id":8177,"date":"2022-04-27T08:27:46","date_gmt":"2022-04-27T08:27:46","guid":{"rendered":"https:\/\/kocaeli.worldpest.com.tr\/?page_id=8177"},"modified":"2022-04-27T15:22:52","modified_gmt":"2022-04-27T15:22:52","slug":"copsinegi","status":"publish","type":"page","link":"https:\/\/kocaeli.worldpest.com.tr\/?page_id=8177","title":{"rendered":"\u00c7\u00f6psine\u011fi"},"content":{"rendered":"<p><strong>\u00c7\u00f6p sine\u011fi<\/strong> mutfak, tuvalet, g\u0131da i\u015fi yapan ve un kullan\u0131larak imalat yap\u0131lan i\u015f yerleri gibi alanlarda ev i\u015f yerlerinde \u00f6nemli sorulardan biridir. \u0130\u015fin uzman\u0131 olmayan ve bilgi sahibi olmayan insanlarca m\u00fccadelesi imk\u00e2ns\u0131zd\u0131r. \u00c7\u00f6p sine\u011fi evlerde bula\u015f\u0131k y\u0131kanan k\u00fcvetlerin yeterince temiz tutulmamas\u0131 ve yemek k\u0131r\u0131nt\u0131lar\u0131n\u0131n bu k\u00fcvetlerde b\u0131rak\u0131lmas\u0131 sonucu olu\u015fur. Baz\u0131 ekmek ve unlu mamuller \u00fcretimi yapan i\u015f yerlerinde de temiz b\u0131rak\u0131lmad\u0131\u011f\u0131nda bu sinekler olu\u015fur. \u00d6zellikle yerlerde unlar\u0131n \u0131slak kalmas\u0131 gibi.<\/p>\n<p>Evsel ya da di\u011fer at\u0131klar\u0131n topland\u0131\u011f\u0131 \u00e7\u00f6p kutular\u0131 da belli s\u00fcre temizlenmedi\u011fi ve \u0131slakl\u0131k oldu\u011funda da \u00e7\u00f6psine\u011fi \u00fcremesi meydana gelir.<\/p>\n<p>\u00c7\u00f6p sine\u011fi m\u00fccadelesinde kullan\u0131lacak ila\u00e7lar\u0131n \u00e7ok titiz ve dikkatli olarak kullan\u0131lmas\u0131 gerekir. Yap\u0131lan ha\u015fere ila\u00e7lamalar\u0131nda en riskli olan ila\u00e7lamalardan biridir. \u00c7\u00fcnk\u00fc g\u0131da alanlar\u0131nda \u00fcreyen bir sinekle m\u00fccadele edildi\u011finde insektaya (ha\u015fereye) ilac\u0131 ula\u015ft\u0131rabilmek i\u00e7in g\u0131da maddesine bu kimyasallar\u0131n bula\u015fmamas\u0131 gerekir.<\/p>\n<h2>\u00c7\u00f6p Sine\u011fi \u0130la\u00e7lama<\/h2>\n<p><strong>\u00c7\u00f6p sine\u011fi ila\u00e7lamas\u0131<\/strong>nda Worldpest \u0130stanbul b\u00f6cek ila\u00e7lama firmas\u0131 olarak etkili ve sorun odakl\u0131 \u00e7al\u0131\u015fmalar yapmaktay\u0131z. Kullan\u0131lan ila\u00e7 ve ekipmanlar\u0131m\u0131z en son teknoloji olup sa\u011fl\u0131k bakanl\u0131\u011f\u0131ndan ruhsatl\u0131 ila\u00e7lar kullan\u0131lmaktad\u0131r. Her t\u00fcrl\u00fc ha\u015fere sorununuzu \u00e7\u00f6zmek i\u00e7in her zaman yan\u0131n\u0131zday\u0131z.<\/p>\n<p>&nbsp;<\/p>\n","protected":false},"excerpt":{"rendered":"<p>\u00c7\u00f6p sine\u011fi mutfak, tuvalet, g\u0131da i\u015fi yapan ve un kullan\u0131larak imalat yap\u0131lan i\u015f yerleri gibi alanlarda ev i\u015f yerlerinde \u00f6nemli sorulardan biridir. \u0130\u015fin uzman\u0131 olmayan ve bilgi sahibi olmayan insanlarca m\u00fccadelesi imk\u00e2ns\u0131zd\u0131r. \u00c7\u00f6p sine\u011fi evlerde bula\u015f\u0131k y\u0131kanan k\u00fcvetlerin yeterince temiz tutulmamas\u0131 ve yemek k\u0131r\u0131nt\u0131lar\u0131n\u0131n bu k\u00fcvetlerde b\u0131rak\u0131lmas\u0131 sonucu olu\u015fur. Baz\u0131 ekmek ve unlu mamuller \u00fcretimi&#8230;<\/p>\n","protected":false},"author":1,"featured_media":0,"parent":0,"menu_order":0,"comment_status":"closed","ping_status":"closed","template":"","meta":{"_joinchat":[],"footnotes":""},"class_list":["post-8177","page","type-page","status-publish","hentry"],"_links":{"self":[{"href":"https:\/\/kocaeli.worldpest.com.tr\/index.php?rest_route=\/wp\/v2\/pages\/8177","targetHints":{"allow":["GET"]}}],"collection":[{"href":"https:\/\/kocaeli.worldpest.com.tr\/index.php?rest_route=\/wp\/v2\/pages"}],"about":[{"href":"https:\/\/kocaeli.worldpest.com.tr\/index.php?rest_route=\/wp\/v2\/types\/page"}],"author":[{"embeddable":true,"href":"https:\/\/kocaeli.worldpest.com.tr\/index.php?rest_route=\/wp\/v2\/users\/1"}],"replies":[{"embeddable":true,"href":"https:\/\/kocaeli.worldpest.com.tr\/index.php?rest_route=%2Fwp%2Fv2%2Fcomments&post=8177"}],"version-history":[{"count":2,"href":"https:\/\/kocaeli.worldpest.com.tr\/index.php?rest_route=\/wp\/v2\/pages\/8177\/revisions"}],"predecessor-version":[{"id":8369,"href":"https:\/\/kocaeli.worldpest.com.tr\/index.php?rest_route=\/wp\/v2\/pages\/8177\/revisions\/8369"}],"wp:attachment":[{"href":"https:\/\/kocaeli.worldpest.com.tr\/index.php?rest_route=%2Fwp%2Fv2%2Fmedia&parent=8177"}],"curies":[{"name":"wp","href":"https:\/\/api.w.org\/{rel}","templated":true}]}}