{"id":8186,"date":"2022-04-27T08:29:56","date_gmt":"2022-04-27T08:29:56","guid":{"rendered":"https:\/\/kocaeli.worldpest.com.tr\/?page_id=8186"},"modified":"2022-04-27T08:29:56","modified_gmt":"2022-04-27T08:29:56","slug":"diger-sinek-turleri","status":"publish","type":"page","link":"https:\/\/kocaeli.worldpest.com.tr\/?page_id=8186","title":{"rendered":"Di\u011fer sinek t\u00fcrleri"},"content":{"rendered":"<p>Kara sinek, sivri sinek, \u00e7\u00f6p sinekleri, meyve sinekleri, r\u00f6gar sinekleri en yayg\u0131n g\u00f6r\u00fclen sinek t\u00fcrleridir. Bu t\u00fcrler d\u0131\u015f\u0131nda u\u00e7an zararl\u0131lar olarak bitki sinekleri, d\u0131\u015f alan u\u00e7kunlar\u0131, di\u011fer sivri sinek, ah\u0131r sine\u011fi ila\u00e7lama ve koruma y\u00f6ntemleri de sunuyoruz.<\/p>\n<p>Zirai alanlarda sinekler<\/p>\n<p>Tar\u0131msal alanlarda da di\u011fer sinek ve u\u00e7an ha\u015ferelerle ilgili zirai ila\u00e7lama ve zirai m\u00fccadeleler hakk\u0131nda y\u00f6nlendirmeler yap\u0131yoruz. Bitki zararl\u0131lar\u0131 hakk\u0131nda bilgilendirmeler yap\u0131yoruz.<\/p>\n<p>Di\u011fer sinek t\u00fcrleri ila\u00e7lamalar\u0131nda da bahar, yaz ve sonbahar aylar\u0131nda d\u0131\u015f alan u\u00e7an ha\u015fere ila\u00e7lamalar\u0131 yap\u0131yoruz. D\u0131\u015f alan ila\u00e7lamalar\u0131 yaparken de \u00e7evreyi koruyoruz.<\/p>\n<p>Di\u011fer sinek t\u00fcrlerinin de zararl\u0131 m\u00fccadelesi \u015firketimiz uzmanlar\u0131 taraf\u0131ndan yap\u0131lmaktad\u0131r. Sizlere t\u00fcm zararl\u0131larla m\u00fccadelede yard\u0131mc\u0131 olmak i\u00e7in bizi aray\u0131n\u0131z. Zararl\u0131larla ilgili 7\/24 \u00e7a\u011fr\u0131 merkezimizden bilgi edinebilirsiniz.<\/p>\n","protected":false},"excerpt":{"rendered":"<p>Kara sinek, sivri sinek, \u00e7\u00f6p sinekleri, meyve sinekleri, r\u00f6gar sinekleri en yayg\u0131n g\u00f6r\u00fclen sinek t\u00fcrleridir. Bu t\u00fcrler d\u0131\u015f\u0131nda u\u00e7an zararl\u0131lar olarak bitki sinekleri, d\u0131\u015f alan u\u00e7kunlar\u0131, di\u011fer sivri sinek, ah\u0131r sine\u011fi ila\u00e7lama ve koruma y\u00f6ntemleri de sunuyoruz. Zirai alanlarda sinekler Tar\u0131msal alanlarda da di\u011fer sinek ve u\u00e7an ha\u015ferelerle ilgili zirai ila\u00e7lama ve zirai m\u00fccadeleler hakk\u0131nda&#8230;<\/p>\n","protected":false},"author":1,"featured_media":0,"parent":0,"menu_order":0,"comment_status":"closed","ping_status":"closed","template":"","meta":{"_joinchat":[],"footnotes":""},"class_list":["post-8186","page","type-page","status-publish","hentry"],"_links":{"self":[{"href":"https:\/\/kocaeli.worldpest.com.tr\/index.php?rest_route=\/wp\/v2\/pages\/8186","targetHints":{"allow":["GET"]}}],"collection":[{"href":"https:\/\/kocaeli.worldpest.com.tr\/index.php?rest_route=\/wp\/v2\/pages"}],"about":[{"href":"https:\/\/kocaeli.worldpest.com.tr\/index.php?rest_route=\/wp\/v2\/types\/page"}],"author":[{"embeddable":true,"href":"https:\/\/kocaeli.worldpest.com.tr\/index.php?rest_route=\/wp\/v2\/users\/1"}],"replies":[{"embeddable":true,"href":"https:\/\/kocaeli.worldpest.com.tr\/index.php?rest_route=%2Fwp%2Fv2%2Fcomments&post=8186"}],"version-history":[{"count":1,"href":"https:\/\/kocaeli.worldpest.com.tr\/index.php?rest_route=\/wp\/v2\/pages\/8186\/revisions"}],"predecessor-version":[{"id":8187,"href":"https:\/\/kocaeli.worldpest.com.tr\/index.php?rest_route=\/wp\/v2\/pages\/8186\/revisions\/8187"}],"wp:attachment":[{"href":"https:\/\/kocaeli.worldpest.com.tr\/index.php?rest_route=%2Fwp%2Fv2%2Fmedia&parent=8186"}],"curies":[{"name":"wp","href":"https:\/\/api.w.org\/{rel}","templated":true}]}}