{"id":8188,"date":"2022-04-27T08:30:15","date_gmt":"2022-04-27T08:30:15","guid":{"rendered":"https:\/\/kocaeli.worldpest.com.tr\/?page_id=8188"},"modified":"2022-04-27T08:40:36","modified_gmt":"2022-04-27T08:40:36","slug":"findik-faresi","status":"publish","type":"page","link":"https:\/\/kocaeli.worldpest.com.tr\/?page_id=8188","title":{"rendered":"F\u0131nd\u0131k faresi"},"content":{"rendered":"<h1>F\u0131nd\u0131k faresi ya da ev faresi<\/h1>\n<p>Ev fareleri fare familyas\u0131n\u0131n k\u00fc\u00e7\u00fck \u00fcyesidir. Evlerde, insanlar\u0131n ya\u015fam alanlar\u0131n\u0131 tercih ettikleri ve daha \u00e7ok evsel g\u0131dalarla beslendikleri i\u00e7in ev faresi ad\u0131n\u0131 alm\u0131\u015ft\u0131r. Yap\u0131s\u0131 gere\u011fi k\u00fc\u00e7\u00fck bir kemirgen oldu\u011fu i\u00e7in ve f\u0131nd\u0131k gibi besinleri kemirmeyi sevdi\u011finden f\u0131nd\u0131kfaresi ismini de alm\u0131\u015ft\u0131r.<\/p>\n<p>Fareler do\u011furarak \u00e7o\u011fal\u0131rlar. Di\u011fer zararl\u0131lardan fark\u0131 \u00fcreme y\u00f6ntemi vard\u0131r. Fareler yakla\u015f\u0131k 15 adete kadar yavru do\u011fururlar. Renkleri siyah, a\u00e7\u0131k Kahve, grimsi tonlarda olur.<\/p>\n<p>Fareler her \u015feyi yer mi?<\/p>\n<p>Kemirgen zararl\u0131lar\u0131n bir\u00e7o\u011fu her \u015feyi yerler zannedilir fakat bu yanl\u0131\u015f bilgidir. Cisimlerin yenilen bir \u015fey olup olmad\u0131\u011f\u0131n\u0131 tespit etmek i\u00e7in, ge\u00e7i\u015f yapacaklar\u0131 g\u00fczerg\u00e2h ve hedeflerine ula\u015fmak i\u00e7in kemirirler. En \u00f6nemlisi ise fareler di\u015flerini geli\u015ftirmek, g\u00fc\u00e7lendirmek ve t\u00f6rp\u00fclemek i\u00e7inde s\u00fcrekli kemirme ihtiyac\u0131 duyarlar.<\/p>\n<p>Fareler nerelerde ya\u015far?<\/p>\n<p>K\u00fc\u00e7\u00fck zararl\u0131 misafirlerimiz mesken ya da i\u015fletmenin i\u00e7 ve d\u0131\u015f alan fark etmez t\u00fcm g\u00fcvenli alanlarda yuvalan\u0131r, avlan\u0131r ve hayatlar\u0131na devam ederler. Mesken ve i\u015fletmelerde bazen duvar i\u00e7ine, bazen kablo kanal\u0131 gibi yerlere, bazen de s\u00fcrekli yerinden oynat\u0131lmayan e\u015fya ya da dolap gibi yerlerin sote alanlar\u0131nda saklan\u0131r ve yuva yaparlar. Fareler bir yerden ba\u015fka bir yere ge\u00e7mek i\u00e7in her \u015feyi kemirirler. Yuvalar\u0131 ve ya\u015fam alanlar\u0131 i\u00e7in bazen bizleri yan\u0131lt\u0131rlar.<\/p>\n<p>Fare aktivitesi ve yuvalanma alan\u0131n\u0131 tespit etmek i\u00e7in kemirgen zararl\u0131s\u0131n\u0131n pisliklerinin boylar\u0131, yap\u0131lar\u0131 izlenerek t\u00fcr\u00fcne ve nerelerde ya\u015fad\u0131klar\u0131, nerelerden ge\u00e7tikleri, t\u00fcm aktivitelerini g\u00f6zlemleyebiliriz.<\/p>\n<p>Fare t\u00fcr\u00fc ve b\u00fcy\u00fckl\u00fc\u011f\u00fcn\u00fc anlayabilmek i\u00e7in kemirilen cisim ya da \u00fcr\u00fcn\u00fcn \u00fczerindeki \u0131s\u0131r\u0131k izlerine bak\u0131larak da t\u00fcr\u00fc ve say\u0131 yo\u011funlu\u011fu anla\u015f\u0131l\u0131r.<\/p>\n<p>Kemirgen m\u00fccadelesi nas\u0131l yap\u0131lmal\u0131d\u0131r?<\/p>\n<p>Di\u011fer kemirgen m\u00fccadelesinden farkl\u0131 olarak f\u0131nd\u0131k faresi de\u011fdi\u011fimiz ev farelerini kimyasal m\u00fccadele haricinde fiziksel m\u00fccadele y\u00f6ntemleri ile de kontrol alt\u0131na almam\u0131z m\u00fcmk\u00fcnd\u00fcr. Fare canl\u0131 yakalama monit\u00f6rleri ve \u015firketimiz i\u00e7inde geli\u015ftirdi\u011fimiz farkl\u0131 fizikler y\u00f6ntemlerle de kemirgenlerden i\u015fletme ve meskenleri koruyabilir.<\/p>\n<p>Unutmay\u0131n\u0131z bizler pest kotrol \u015firketi olarak sadece fare ve di\u011fer zararl\u0131lar\u0131 \u00f6ld\u00fcrm\u00fcyoruz, zehirlemiyoruz. Fare m\u00fccadelesi yaparken sizi, i\u015fletmenizi, evcil hayvanlar\u0131n\u0131z\u0131, ailenizi, hedef d\u0131\u015f\u0131 canl\u0131lar\u0131 koruyoruz. Zararl\u0131lar\u0131 kontrol alt\u0131na almak ad\u0131na i\u015fletme ve meskenlerinizde sizi ayr\u0131ca bilgilendiriyoruz. Ha\u015fere olu\u015fumlar\u0131n\u0131 \u00f6nlemek ad\u0131na birifinkler verip, fiziksel m\u00fccadele i\u00e7in fikirler veriyoruz.<\/p>\n<p>Fare ila\u00e7lamas\u0131nda garanti veriyoruz<\/p>\n<p>T\u00fcm fare ila\u00e7lamalar\u0131nda oldu\u011fu gibi f\u0131nd\u0131k faresi ila\u00e7lamalar\u0131nda da i\u015fletme ya da mesken fark etmez i\u015fimize garanti veriyoruz. Ekibimize ve al\u0131\u015f\u0131lm\u0131\u015f\u0131n d\u0131\u015f\u0131nda m\u00fccadele y\u00f6ntemi ve \u00e7ok \u00f6zel rodendisitler (fare zehiri) kulland\u0131\u011f\u0131m\u0131z i\u00e7in g\u00fcveniyoruz. (Uzmandan daha fazla bilgi alacaks\u0131n\u0131z).<\/p>\n<p>Fare ila\u00e7lama \u00fccreti ne kadard\u0131r.?<\/p>\n<p>Fare ila\u00e7lama \u00fccretleri \u0130\u015fletme ve meskenlerde metrekare alan\u0131, fare t\u00fcr\u00fc ve kullan\u0131lan fare m\u00fccadele y\u00f6ntemlerine g\u00f6re de\u011fi\u015fkenlik g\u00f6sterecektir. Uzman\u0131m\u0131zdan bilgi al\u0131rken fiyat\u0131 da birlikte olu\u015fturacaks\u0131n\u0131z. Piyasa ko\u015fullar\u0131na g\u00f6re fare ila\u00e7lama \u00fccretlerimiz ortalaman\u0131n alt\u0131ndad\u0131r.<\/p>\n<p>&nbsp;<\/p>\n<p>&nbsp;<\/p>\n","protected":false},"excerpt":{"rendered":"<p>F\u0131nd\u0131k faresi ya da ev faresi Ev fareleri fare familyas\u0131n\u0131n k\u00fc\u00e7\u00fck \u00fcyesidir. Evlerde, insanlar\u0131n ya\u015fam alanlar\u0131n\u0131 tercih ettikleri ve daha \u00e7ok evsel g\u0131dalarla beslendikleri i\u00e7in ev faresi ad\u0131n\u0131 alm\u0131\u015ft\u0131r. Yap\u0131s\u0131 gere\u011fi k\u00fc\u00e7\u00fck bir kemirgen oldu\u011fu i\u00e7in ve f\u0131nd\u0131k gibi besinleri kemirmeyi sevdi\u011finden f\u0131nd\u0131kfaresi ismini de alm\u0131\u015ft\u0131r. Fareler do\u011furarak \u00e7o\u011fal\u0131rlar. Di\u011fer zararl\u0131lardan fark\u0131 \u00fcreme y\u00f6ntemi vard\u0131r&#8230;.<\/p>\n","protected":false},"author":1,"featured_media":0,"parent":0,"menu_order":0,"comment_status":"closed","ping_status":"closed","template":"","meta":{"_joinchat":[],"footnotes":""},"class_list":["post-8188","page","type-page","status-publish","hentry"],"_links":{"self":[{"href":"https:\/\/kocaeli.worldpest.com.tr\/index.php?rest_route=\/wp\/v2\/pages\/8188","targetHints":{"allow":["GET"]}}],"collection":[{"href":"https:\/\/kocaeli.worldpest.com.tr\/index.php?rest_route=\/wp\/v2\/pages"}],"about":[{"href":"https:\/\/kocaeli.worldpest.com.tr\/index.php?rest_route=\/wp\/v2\/types\/page"}],"author":[{"embeddable":true,"href":"https:\/\/kocaeli.worldpest.com.tr\/index.php?rest_route=\/wp\/v2\/users\/1"}],"replies":[{"embeddable":true,"href":"https:\/\/kocaeli.worldpest.com.tr\/index.php?rest_route=%2Fwp%2Fv2%2Fcomments&post=8188"}],"version-history":[{"count":1,"href":"https:\/\/kocaeli.worldpest.com.tr\/index.php?rest_route=\/wp\/v2\/pages\/8188\/revisions"}],"predecessor-version":[{"id":8189,"href":"https:\/\/kocaeli.worldpest.com.tr\/index.php?rest_route=\/wp\/v2\/pages\/8188\/revisions\/8189"}],"wp:attachment":[{"href":"https:\/\/kocaeli.worldpest.com.tr\/index.php?rest_route=%2Fwp%2Fv2%2Fmedia&parent=8188"}],"curies":[{"name":"wp","href":"https:\/\/api.w.org\/{rel}","templated":true}]}}