{"id":8190,"date":"2022-04-27T08:41:00","date_gmt":"2022-04-27T08:41:00","guid":{"rendered":"https:\/\/kocaeli.worldpest.com.tr\/?page_id=8190"},"modified":"2022-04-27T15:22:56","modified_gmt":"2022-04-27T15:22:56","slug":"gidersinegi","status":"publish","type":"page","link":"https:\/\/kocaeli.worldpest.com.tr\/?page_id=8190","title":{"rendered":"Gidersine\u011fi"},"content":{"rendered":"<p>Gider sine\u011fi\u00a0halk aras\u0131nda top sinek, <strong>k\u00f6r sinek<\/strong> olarak da bilinir. Ad\u0131ndan anla\u015f\u0131ld\u0131\u011f\u0131 gibi r\u00f6gar, mazgal gibi pislik ve \u0131slakl\u0131k olan yerlerde \u00fcrerler. \u015eekilleri sivrisinek veya karasinek den biraz daha de\u011fi\u015fik yuvarlak yap\u0131l\u0131 bir t\u00fcrd\u00fcr. Renkleri kahverengi ve siyaht\u0131r.<\/p>\n<p><strong>Gider sine\u011fi<\/strong>, temizli\u011fi yap\u0131lmayan banyo ve tuvalet tesisatlar\u0131n\u0131n a\u00e7\u0131k oldu\u011fu yerlerde, mutfaklarda mutfak lavabo giderinin ba\u011flant\u0131lar\u0131n temiz tutulmamas\u0131 ve hortumlar\u0131n\u0131n y\u0131rt\u0131k olmas\u0131, d\u0131\u015f alanlarda r\u00f6gar kapaklar\u0131n\u0131n yeterince kapal\u0131 olmamas\u0131 bu sine\u011fin d\u0131\u015fa \u00e7\u0131kma sebepleridir. Genel olarak bina \u00e7evresinde bulunan la\u011f\u0131m \u00e7ukurlar\u0131n\u0131n kapaklar\u0131na dikkat edilmelidir. Bu kapaklar tam kapat\u0131lmal\u0131. Gerekirse silikonla izole edilmelidir.<\/p>\n<p>Gider sine\u011fi m\u00fccadelesinde kimyasal m\u00fccadeleden daha \u00e7ok fizikler m\u00fccadeleler daha etkilidir. Yukar\u0131da bahsetti\u011fimiz eksikliklerin giderilmesiyle sorunun b\u00fcy\u00fck k\u0131sm\u0131n\u0131 halletmi\u015f oluruz. Bu \u00f6nlem ve tadilatlar al\u0131nd\u0131ktan sonra uzman ekibimizi arayarak daha fazla bilgi ve ila\u00e7lama hakk\u0131nda bilgi alabilirsiniz.<\/p>\n<h2>K\u00f6r-Sinek (Gider Sine\u011fi)<\/h2>\n<p><strong>\u0130stanbul sinek ila\u00e7lama \u015firketi<\/strong> olarak <strong>Anadolu yakas\u0131 sinek ila\u00e7lama<\/strong> ve <strong>Avrupa yakas\u0131 sinek\u00a0ila\u00e7lama<\/strong> ekiplerimizle t\u00fcm semtlerde kaliteli hizmet vermekteyiz.<\/p>\n<p>&nbsp;<\/p>\n","protected":false},"excerpt":{"rendered":"<p>Gider sine\u011fi\u00a0halk aras\u0131nda top sinek, k\u00f6r sinek olarak da bilinir. Ad\u0131ndan anla\u015f\u0131ld\u0131\u011f\u0131 gibi r\u00f6gar, mazgal gibi pislik ve \u0131slakl\u0131k olan yerlerde \u00fcrerler. \u015eekilleri sivrisinek veya karasinek den biraz daha de\u011fi\u015fik yuvarlak yap\u0131l\u0131 bir t\u00fcrd\u00fcr. Renkleri kahverengi ve siyaht\u0131r. Gider sine\u011fi, temizli\u011fi yap\u0131lmayan banyo ve tuvalet tesisatlar\u0131n\u0131n a\u00e7\u0131k oldu\u011fu yerlerde, mutfaklarda mutfak lavabo giderinin ba\u011flant\u0131lar\u0131n temiz&#8230;<\/p>\n","protected":false},"author":1,"featured_media":0,"parent":0,"menu_order":0,"comment_status":"closed","ping_status":"closed","template":"","meta":{"_joinchat":[],"footnotes":""},"class_list":["post-8190","page","type-page","status-publish","hentry"],"_links":{"self":[{"href":"https:\/\/kocaeli.worldpest.com.tr\/index.php?rest_route=\/wp\/v2\/pages\/8190","targetHints":{"allow":["GET"]}}],"collection":[{"href":"https:\/\/kocaeli.worldpest.com.tr\/index.php?rest_route=\/wp\/v2\/pages"}],"about":[{"href":"https:\/\/kocaeli.worldpest.com.tr\/index.php?rest_route=\/wp\/v2\/types\/page"}],"author":[{"embeddable":true,"href":"https:\/\/kocaeli.worldpest.com.tr\/index.php?rest_route=\/wp\/v2\/users\/1"}],"replies":[{"embeddable":true,"href":"https:\/\/kocaeli.worldpest.com.tr\/index.php?rest_route=%2Fwp%2Fv2%2Fcomments&post=8190"}],"version-history":[{"count":2,"href":"https:\/\/kocaeli.worldpest.com.tr\/index.php?rest_route=\/wp\/v2\/pages\/8190\/revisions"}],"predecessor-version":[{"id":8370,"href":"https:\/\/kocaeli.worldpest.com.tr\/index.php?rest_route=\/wp\/v2\/pages\/8190\/revisions\/8370"}],"wp:attachment":[{"href":"https:\/\/kocaeli.worldpest.com.tr\/index.php?rest_route=%2Fwp%2Fv2%2Fmedia&parent=8190"}],"curies":[{"name":"wp","href":"https:\/\/api.w.org\/{rel}","templated":true}]}}