{"id":8192,"date":"2022-04-27T08:41:13","date_gmt":"2022-04-27T08:41:13","guid":{"rendered":"https:\/\/kocaeli.worldpest.com.tr\/?page_id=8192"},"modified":"2022-04-27T15:20:32","modified_gmt":"2022-04-27T15:20:32","slug":"gumuscun-bocegi","status":"publish","type":"page","link":"https:\/\/kocaeli.worldpest.com.tr\/?page_id=8192","title":{"rendered":"G\u00fcm\u00fc\u015f\u00e7\u00fcn B\u00f6ce\u011fi"},"content":{"rendered":"<h2>G\u00fcm\u00fc\u015f\u00e7\u00fcn B\u00f6ce\u011fi \u0130la\u00e7lama (Nem B\u00f6ce\u011fi)<\/h2>\n<p><strong>G\u00fcm\u00fc\u015f\u00e7\u00fcn b\u00f6ce\u011fi<\/strong> g\u00f6r\u00fcn\u00fc\u015f\u00fc t\u0131pk\u0131 g\u00fcm\u00fc\u015f\u00fc and\u0131rd\u0131\u011f\u0131ndan bu isim ile nitelendirilir. Ba\u015f k\u0131sm\u0131ndan geriye do\u011fru bir incelmeyle; kafas\u0131nda antenleri bulunan 4 ayak ve kuyruk k\u0131sm\u0131nda \u00e7atal \u015feklinde 3 tane \u00e7\u0131k\u0131nt\u0131s\u0131 mevcuttur. Eri\u015ftikleri b\u00fcy\u00fckl\u00fck 1 ile 2 cm aras\u0131nda de\u011fi\u015fmektedir. Oda s\u0131cakl\u0131\u011f\u0131 ve y\u00fcksek nemin oldu\u011fu alanlarda ya\u015famaya endekslidirler. Bu nedenle nem b\u00f6ce\u011fi olarak da isimlendirilmi\u015ftir.<\/p>\n<p><strong>G\u00fcm\u00fc\u015f\u00e7\u00fcn b\u00f6ce\u011fine <\/strong>dokunuldu\u011funda su halinde da\u011f\u0131l\u0131rlar. <strong>G\u00fcm\u00fc\u015f\u00e7\u00fcn b\u00f6ce\u011fi<\/strong>, g\u00fcnl\u00fck yumurtlayan bir b\u00f6cek t\u00fcr\u00fcd\u00fcr ve g\u00fcnde ikiden fazla yumurta b\u0131rak\u0131rlar. Tamam\u0131yla neredeyse kimyasal \u00fcr\u00fcnlerden beslenirler k\u00e2\u011f\u0131t ve naylon yiyebilen tek canl\u0131d\u0131r. Bu y\u00fczden tekstil \u00fcr\u00fcnleri ve k\u00e2\u011f\u0131da dair olan her \u015feyin aras\u0131nda rastlamak m\u00fcmk\u00fcnd\u00fcr. G\u00fcnlerce a\u00e7 ve susuz kalmalar\u0131na ra\u011fmen \u00f6lmedikleri g\u00f6zlemlenmi\u015ftir.<\/p>\n<h2>G\u00fcm\u00fc\u015f\u00e7\u00fcn B\u00f6ce\u011fi \u0130la\u00e7lama<\/h2>\n<p><strong>G\u00fcm\u00fc\u015f\u00e7\u00fcn b\u00f6ce\u011fi <\/strong>evlerde ise nemli alanlarda; banyo mutfak su giderlerinin oldu\u011fu alanlar, parke altlar\u0131, s\u00fcp\u00fcrgelikler ve duvar \u00e7atlaklar\u0131 gibi kendilerine mahzen say\u0131lan yerlerde gizlenirler. Bireysel olarak al\u0131nacak ba\u015fl\u0131ca \u00f6nlemlerse, \u0131slak alanlar\u0131 havaland\u0131rarak kuru tutmaya \u00e7al\u0131\u015fmak, onar\u0131lmas\u0131 gereken, su s\u0131zd\u0131ran boru ve di\u011fer giderleri elden ge\u00e7irmek. Bunlar sadece al\u0131nan tedbirler olmakla <strong>nem b\u00f6ce\u011fini <\/strong>bitirece\u011finiz anlam\u0131na gelmez.<\/p>\n<p>Ancak daha \u00e7ok olu\u015fmalar\u0131na izin vermeyecektir. En etkili ve k\u00f6kl\u00fc \u00e7\u00f6z\u00fcm <strong>g\u00fcm\u00fc\u015f\u00e7\u00fcn b\u00f6ce\u011fi ila\u00e7lama\u00a0<\/strong>uygulamas\u0131d\u0131r. Bunun i\u00e7inde Sa\u011fl\u0131k Bakanl\u0131\u011f\u0131 onayl\u0131 bir <strong>ila\u00e7lama firmas\u0131<\/strong> ile irtibat kurarak sorununuzu k\u00f6k\u00fcnden \u00e7\u00f6zebilirsiniz. Daha \u00e7ok bilgi ve \u00fccretsiz ke\u015fif istemek i\u00e7in ileti\u015fim numaralar\u0131m\u0131zdan 7\/24 hizmet veren firmam\u0131zla irtibat kurunuz.<\/p>\n<p>&nbsp;<\/p>\n","protected":false},"excerpt":{"rendered":"<p>G\u00fcm\u00fc\u015f\u00e7\u00fcn B\u00f6ce\u011fi \u0130la\u00e7lama (Nem B\u00f6ce\u011fi) G\u00fcm\u00fc\u015f\u00e7\u00fcn b\u00f6ce\u011fi g\u00f6r\u00fcn\u00fc\u015f\u00fc t\u0131pk\u0131 g\u00fcm\u00fc\u015f\u00fc and\u0131rd\u0131\u011f\u0131ndan bu isim ile nitelendirilir. Ba\u015f k\u0131sm\u0131ndan geriye do\u011fru bir incelmeyle; kafas\u0131nda antenleri bulunan 4 ayak ve kuyruk k\u0131sm\u0131nda \u00e7atal \u015feklinde 3 tane \u00e7\u0131k\u0131nt\u0131s\u0131 mevcuttur. Eri\u015ftikleri b\u00fcy\u00fckl\u00fck 1 ile 2 cm aras\u0131nda de\u011fi\u015fmektedir. Oda s\u0131cakl\u0131\u011f\u0131 ve y\u00fcksek nemin oldu\u011fu alanlarda ya\u015famaya endekslidirler. Bu nedenle nem&#8230;<\/p>\n","protected":false},"author":1,"featured_media":0,"parent":0,"menu_order":0,"comment_status":"closed","ping_status":"closed","template":"","meta":{"_joinchat":[],"footnotes":""},"class_list":["post-8192","page","type-page","status-publish","hentry"],"_links":{"self":[{"href":"https:\/\/kocaeli.worldpest.com.tr\/index.php?rest_route=\/wp\/v2\/pages\/8192","targetHints":{"allow":["GET"]}}],"collection":[{"href":"https:\/\/kocaeli.worldpest.com.tr\/index.php?rest_route=\/wp\/v2\/pages"}],"about":[{"href":"https:\/\/kocaeli.worldpest.com.tr\/index.php?rest_route=\/wp\/v2\/types\/page"}],"author":[{"embeddable":true,"href":"https:\/\/kocaeli.worldpest.com.tr\/index.php?rest_route=\/wp\/v2\/users\/1"}],"replies":[{"embeddable":true,"href":"https:\/\/kocaeli.worldpest.com.tr\/index.php?rest_route=%2Fwp%2Fv2%2Fcomments&post=8192"}],"version-history":[{"count":2,"href":"https:\/\/kocaeli.worldpest.com.tr\/index.php?rest_route=\/wp\/v2\/pages\/8192\/revisions"}],"predecessor-version":[{"id":8361,"href":"https:\/\/kocaeli.worldpest.com.tr\/index.php?rest_route=\/wp\/v2\/pages\/8192\/revisions\/8361"}],"wp:attachment":[{"href":"https:\/\/kocaeli.worldpest.com.tr\/index.php?rest_route=%2Fwp%2Fv2%2Fmedia&parent=8192"}],"curies":[{"name":"wp","href":"https:\/\/api.w.org\/{rel}","templated":true}]}}