{"id":8194,"date":"2022-04-27T08:41:25","date_gmt":"2022-04-27T08:41:25","guid":{"rendered":"https:\/\/kocaeli.worldpest.com.tr\/?page_id=8194"},"modified":"2022-04-27T08:41:25","modified_gmt":"2022-04-27T08:41:25","slug":"guve","status":"publish","type":"page","link":"https:\/\/kocaeli.worldpest.com.tr\/?page_id=8194","title":{"rendered":"G\u00fcve"},"content":{"rendered":"<p>Pirin\u00e7 g\u00fcvesi soluk sar\u0131-kahverengidir. Tek renkli bir yap\u0131ya sahiptir, ay\u0131rt edici \u00f6zellikleri yoktur. Damarlar\u0131 koyu renklidir ve arka kanatlar\u0131 neredeyse saydamd\u0131r. 15-25 mm kanat geni\u015fli\u011fine sahiptirler.<\/p>\n<p>Larvalar\u0131n v\u00fccutlar\u0131 matt\u0131r, sar\u0131ms\u0131\/beyaz renktedirler ve ba\u015flar\u0131 koyu kahverengidir. V\u00fccutlar\u0131 uzun ve yo\u011fun k\u0131llarla kapl\u0131d\u0131r.<\/p>\n<p>Tropik iklim k\u00f6kenlidirler ancak art\u0131k d\u00fcnyan\u0131n her yerine yay\u0131lm\u0131\u015flard\u0131r. Kuzey Avrupa \u00fclkelerinde bile g\u00f6r\u00fclmektedirler. Bu \u00fclkelere ithal g\u0131da maddeleriyle birlikte ula\u015f\u0131rlar.<\/p>\n<p>Bu tropikal t\u00fcr s\u0131cak iklimleri sever ancak \u0131l\u0131man iklimlerde de s\u0131cak depolarda y\u0131l boyunca hayatta kalabilirler. Depolanm\u0131\u015f g\u0131dalar\u0131 istila eden bir zararl\u0131 t\u00fcr\u00fcd\u00fcr. Tah\u0131llar\u0131 ve \u00f6zellikle pirinci tercih eder. Un de\u011firmenlerinde yayg\u0131n olmakla birlikte her t\u00fcrl\u00fc depolanm\u0131\u015f g\u0131da alan\u0131nda g\u00f6r\u00fclebilirler.<\/p>\n<p>Bu g\u00fcve tah\u0131llar\u0131, \u00f6zellikle pirinci istila eder ama ayn\u0131 zamanda ya\u011fl\u0131 tohumlar\u0131, kakao \u00e7ekirdeklerini, kuru meyveleri ve baharatlar\u0131 da yer.<\/p>\n<p>G\u0131da kaynaklar\u0131n\u0131n \u00fczerine ya da yak\u0131nlar\u0131na 160&#8217;a yak\u0131n yumurta b\u0131rak\u0131r. Uygun ko\u015fullar alt\u0131nda larva safhas\u0131 15-20 g\u00fcn s\u00fcrer. Larvalar, pupa evresini ge\u00e7irmek i\u00e7in g\u00fc\u00e7l\u00fc a\u011flardan yo\u011fun bir koza \u00f6rmektedir. Bu evre 7-10 g\u00fcn s\u00fcrer.<\/p>\n<h1><strong>G\u00fcve zararlar\u0131 <\/strong><\/h1>\n<p>Pirin\u00e7 g\u00fcveleri y\u00fcksek oranda g\u00fc\u00e7l\u00fc a\u011flar ve at\u0131klar \u00fcreterek g\u0131da maddelerini kontamine eder. G\u0131dalar birbirine yap\u0131\u015farak sat\u0131\u015f ve t\u00fcketime uygun olmayan bir hale gelir.<\/p>\n<p>Pirin\u00e7 g\u00fcvelerinin at\u0131klar\u0131 di\u011fer depo zararl\u0131 canl\u0131lar\u0131n\u0131 da \u00e7ekerek \u00fcr\u00fcnlerdeki hasar\u0131n ve kontaminasyonun artmas\u0131na neden olur.<\/p>\n<p><strong>G\u00fcve zararl\u0131s\u0131 m\u00fccadelesi <\/strong><\/p>\n<p>&nbsp;<\/p>\n<p>G\u00fcve m\u00fccadelesi, di\u011fer \u00fcr\u00fcnlere ve alana h\u0131zl\u0131 yay\u0131lmas\u0131n\u0131 engellemek i\u00e7in \u00f6nemlidir. Bazen insektisitlerle, bazen fiziksel \u00f6nlemlerle, bazen de fumigasyon metodu uygulamalar\u0131m\u0131z ile ancak kontrol alt\u0131na al\u0131nabilir. L\u00fctfen uzmandan yard\u0131m ve bilgi al\u0131n\u0131z.<\/p>\n<p><strong>\u00a0<\/strong><\/p>\n<p>&nbsp;<\/p>\n<p>&nbsp;<\/p>\n<p>&nbsp;<\/p>\n<p>&nbsp;<\/p>\n","protected":false},"excerpt":{"rendered":"<p>Pirin\u00e7 g\u00fcvesi soluk sar\u0131-kahverengidir. Tek renkli bir yap\u0131ya sahiptir, ay\u0131rt edici \u00f6zellikleri yoktur. Damarlar\u0131 koyu renklidir ve arka kanatlar\u0131 neredeyse saydamd\u0131r. 15-25 mm kanat geni\u015fli\u011fine sahiptirler. Larvalar\u0131n v\u00fccutlar\u0131 matt\u0131r, sar\u0131ms\u0131\/beyaz renktedirler ve ba\u015flar\u0131 koyu kahverengidir. V\u00fccutlar\u0131 uzun ve yo\u011fun k\u0131llarla kapl\u0131d\u0131r. Tropik iklim k\u00f6kenlidirler ancak art\u0131k d\u00fcnyan\u0131n her yerine yay\u0131lm\u0131\u015flard\u0131r. Kuzey Avrupa \u00fclkelerinde bile g\u00f6r\u00fclmektedirler&#8230;.<\/p>\n","protected":false},"author":1,"featured_media":0,"parent":0,"menu_order":0,"comment_status":"closed","ping_status":"closed","template":"","meta":{"_joinchat":[],"footnotes":""},"class_list":["post-8194","page","type-page","status-publish","hentry"],"_links":{"self":[{"href":"https:\/\/kocaeli.worldpest.com.tr\/index.php?rest_route=\/wp\/v2\/pages\/8194","targetHints":{"allow":["GET"]}}],"collection":[{"href":"https:\/\/kocaeli.worldpest.com.tr\/index.php?rest_route=\/wp\/v2\/pages"}],"about":[{"href":"https:\/\/kocaeli.worldpest.com.tr\/index.php?rest_route=\/wp\/v2\/types\/page"}],"author":[{"embeddable":true,"href":"https:\/\/kocaeli.worldpest.com.tr\/index.php?rest_route=\/wp\/v2\/users\/1"}],"replies":[{"embeddable":true,"href":"https:\/\/kocaeli.worldpest.com.tr\/index.php?rest_route=%2Fwp%2Fv2%2Fcomments&post=8194"}],"version-history":[{"count":1,"href":"https:\/\/kocaeli.worldpest.com.tr\/index.php?rest_route=\/wp\/v2\/pages\/8194\/revisions"}],"predecessor-version":[{"id":8195,"href":"https:\/\/kocaeli.worldpest.com.tr\/index.php?rest_route=\/wp\/v2\/pages\/8194\/revisions\/8195"}],"wp:attachment":[{"href":"https:\/\/kocaeli.worldpest.com.tr\/index.php?rest_route=%2Fwp%2Fv2%2Fmedia&parent=8194"}],"curies":[{"name":"wp","href":"https:\/\/api.w.org\/{rel}","templated":true}]}}