{"id":8196,"date":"2022-04-27T08:41:51","date_gmt":"2022-04-27T08:41:51","guid":{"rendered":"https:\/\/kocaeli.worldpest.com.tr\/?page_id=8196"},"modified":"2022-04-30T08:46:39","modified_gmt":"2022-04-30T08:46:39","slug":"hamam-bocegi","status":"publish","type":"page","link":"https:\/\/kocaeli.worldpest.com.tr\/?page_id=8196","title":{"rendered":"Hamam B\u00f6ce\u011fi"},"content":{"rendered":"<h2>\u00a0ALMAN HAMAM B\u00d6CE\u011e\u0130<\/h2>\n<p><strong>Hamam b\u00f6ce\u011fi<\/strong> ailesinden en kalabal\u0131k olan t\u00fcr\u00fcd\u00fcr. Bilimsel ad\u0131\u00a0<strong><em>Blattella germanica, T\u00fcrk\u00e7e<\/em><\/strong> kar\u015f\u0131l\u0131\u011f\u0131<strong><em>\u00a0Alman hamam b\u00f6ce\u011fi (<\/em><\/strong>Kalorifer<strong> b\u00f6ce\u011fi<\/strong>) hayatta kalabilmesi i\u00e7in s\u00fcrekli s\u0131cak bir ortam i\u00e7inde kalmas\u0131 gereklidir, eskiden g\u00fcn\u00fcm\u00fcze kadar kazan daireleri, mutfak ve di\u011fer g\u0131da imalatlar\u0131nda g\u00f6r\u00fclm\u00fc\u015f olduklar\u0131 i\u00e7in halk aras\u0131nda <strong>kalorifer b\u00f6ce\u011fi<\/strong>, <strong>sar\u0131 b\u00f6cek , kahve rengi b\u00f6cek<\/strong> ve\u00a0<strong>\u00a0kakalak<\/strong>\u00a0 gibi isimlerle an\u0131lmaktad\u0131r. Ev, i\u015f yeri, g\u0131da imalat\u0131 ve benzeri bir\u00e7ok yerde kar\u015f\u0131m\u0131za \u00e7\u0131kan<strong> kalorifer b\u00f6cekleri<\/strong> her zaman b\u00fcy\u00fck bir sorun haline gelmi\u015ftir. Kafalar\u0131n\u0131n \u00fczerinde bulunan uzunca iki anten, s\u00fcrekli titre\u015fim halindedir. B\u00f6ylece aile bireyleriyle s\u00fcrekli bilgi payla\u015f\u0131m\u0131 i\u00e7erisindedirler.<\/p>\n<p>D\u0131\u015f g\u00f6r\u00fcn\u00fcmleri; sar\u0131, beyaz\u0131ms\u0131, a\u00e7\u0131k ve koyu kahve renklerinde olup, en k\u00fc\u00e7\u00fckleri 2 mm ve eri\u015fkinleri ise 2,5 cm kadard\u0131r,<strong> kalorifer b\u00f6ce\u011fi<\/strong>\u00a0\u0131\u015f\u0131\u011fa kar\u015f\u0131 duyarl\u0131d\u0131r, yani bir \u00e7e\u015fit alerjik durumlar\u0131 var da diyebiliriz. Karanl\u0131k alanlarda daha \u00e7ok belirgindir. Evlerde ise, gece saatlerinde \u0131\u015f\u0131klar\u0131n kapal\u0131 olmas\u0131 ile <strong>kalorifer b\u00f6ce\u011fi<\/strong>\u00a0evin her taraf\u0131nda aktiftir. \u00d6zellikle gece uyku aralar\u0131nda mutfa\u011fa su i\u00e7meye gidildi\u011finde, mutfak tezgah\u0131 ve dolaplarda <strong>kalorifer b\u00f6ce\u011fini<\/strong> g\u00f6rmemek ka\u00e7\u0131n\u0131lmazd\u0131r.<\/p>\n<h2>Kalorifer b\u00f6cekleri nerede ya\u015far<\/h2>\n<p><strong>Kalorifer b\u00f6cekleri nerede ya\u015far:\u00a0<\/strong>Bulunduklar\u0131 alanlarda e\u015fyalar\u0131n \u00fczerinde dola\u015farak k\u00f6t\u00fc g\u00f6r\u00fcn\u00fcmleri ve mikrop ta\u015f\u0131d\u0131klar\u0131 i\u00e7in insanlar taraf\u0131ndan tiksinti olarak nitelendirilirler. <strong>Alman hamam b\u00f6ce\u011fi<\/strong>nden kurtulabilmek i\u00e7in, \u00e7e\u015fitli \u00e7al\u0131\u015fmalar ile ferdi m\u00fccadeleler yap\u0131labilir. <em>Yani \u00e7ama\u015f\u0131r suyu kullanarak \u00f6ld\u00fcrme, bitkisel baharatlar ge\u00e7i\u015f alanlar\u0131na b\u0131rak\u0131larak uzakla\u015ft\u0131rma, duvarlardaki \u00e7atlaklar\u0131 kapama, s\u00fcp\u00fcrgelikleri onarma gibi \u00e7al\u0131\u015fmalar ile kurtulu\u015f sa\u011flaman\u0131n pe\u015fine d\u00fc\u015febilirsiniz. Bu t\u00fcr tedbirler sorunu bitirmek i\u00e7in yeterli de\u011fildir.<\/em> \u00c7\u00fcnk\u00fc <strong>kalorifer b\u00f6cekleri<\/strong>, evlerde, i\u015f yerlerinde ve imalatlarda; kap\u0131 pervazlar\u0131, parke altlar\u0131, mutfak dolaplar\u0131 arkalar\u0131na, mutfak tezg\u00e2h ve kombi i\u00e7lerine, buzdolab\u0131 ve bula\u015f\u0131k makinesi motor k\u0131s\u0131mlar\u0131na girerler bu durumda yukar\u0131daki amat\u00f6r \u00e7al\u0131\u015fmalar<strong> alman hamam b\u00f6ce\u011fi<\/strong>nin sonunu getiremez.<\/p>\n<h2>Kalorifer B\u00f6ce\u011finden Nas\u0131l Kurtulabilirim<\/h2>\n<p><strong>Alman hamam b\u00f6ce\u011fi<\/strong>\u00a0sorunu ve nerelerde ya\u015fad\u0131klar\u0131 hakk\u0131nda bilgi verdik. \u015eimdi ise; <strong>Kalorifer b\u00f6ce\u011finden nas\u0131l kurtulabilirim<\/strong> i\u00e7in kesin \u00e7\u00f6z\u00fcm\u00fc payla\u015f\u0131m yapal\u0131m. <strong>Kalorifer b\u00f6cekleri<\/strong> s\u0131ca\u011f\u0131 ve nemi sevdiklerinden dolay\u0131 evlerde en \u00e7ok mutfak alanlar\u0131nda, g\u0131da imalatlar\u0131nda ise (Lokanta, pide-ekmek ve lahmacun f\u0131r\u0131n\u0131) oca\u011f\u0131n yand\u0131\u011f\u0131 yak\u0131nlarda bar\u0131n\u0131rlar. Bunun i\u00e7in firmam\u0131z\u0131n kullanm\u0131\u015f oldu\u011fu Sa\u011fl\u0131k Bakanl\u0131\u011f\u0131 onayl\u0131 Bayer marka kokusuz ve insan sa\u011fl\u0131nda olumsuz etkileri olmayan g\u00fcvenilir<a href=\"http:\/\/www.worldbocekilaclama.com\/jel-ilaclama\/\"> jel\u00a0ila\u00e7<\/a> formasyonlu \u00fcr\u00fcn\u00fcm\u00fcz ile tek seferde 1 y\u0131l garantili hizmet vermektedir. Bu <strong>ila\u00e7lama<\/strong> esnas\u0131nda mutfakta ve evde dolap i\u00e7lerini bo\u015faltma hal\u0131lar\u0131 kald\u0131rma ve evden \u00e7\u0131kman\u0131z gibi hi\u00e7bir zahmete gerek yoktur. L\u00fctfen bu gibi haz\u0131rl\u0131klar yapmay\u0131n\u0131z. Gelecek Uzman personelimiz 15 dakikada uygulamay\u0131 yaparak gereken bilgiyi aktaracakt\u0131r.<\/p>\n<h2>\u015eARK HAMAM B\u00d6CE\u011e\u0130<\/h2>\n<p>Karafatma: yani do\u011fu hamam b\u00f6ce\u011fi, \u015fark hamam b\u00f6ce\u011fi kara b\u00f6cek olarak bilinmektedir. Bu zararl\u0131n\u0131n ya\u015fam alan\u0131 asl\u0131nda kanalizasyon ve yeralt\u0131d\u0131r yass\u0131 bir v\u00fccut 1 ile 3 santimetreye kadar<\/p>\n<p>Eri\u015febilirler beslenme al\u0131\u015fkanl\u0131klar\u0131 a\u011f\u0131rl\u0131k bitkisel az da olsa hayvansal g\u0131dalardan t\u00fcketiyorlar s\u0131kl\u0131kla yaz aylar\u0131nda kar\u015f\u0131la\u015ft\u0131\u011f\u0131m\u0131z bu b\u00f6cek bodrum katlar\u0131, merdiven bo\u015fluklar\u0131 k\u00f6m\u00fcrl\u00fckler, \u00e7at\u0131 kat\u0131, evdeki ardiyeler, mutfak tezg\u00e2h\u0131 alt\u0131, bah\u00e7elerde s\u0131k s\u0131k kar\u015f\u0131m\u0131za \u00e7\u0131karlar her ne kadar g\u00fcnd\u00fcz g\u00f6r\u00fcnseler de geceleri daha \u00e7ok aktiftirler bir hamam b\u00f6ce\u011fi bir gecede bir kilometreden fazla yol kat edebilir<\/p>\n<h2>Hamam b\u00f6ce\u011fi ile m\u00fccadele<\/h2>\n<p>Hamam b\u00f6ce\u011fi ila\u00e7lamas\u0131 ve kontrol alt\u0131na al\u0131nmas\u0131 say\u0131lar\u0131n\u0131n \u00e7oklu\u011fundan dolay\u0131 ba\u015f etmek bir hayli zordur bunu defalarca farkl\u0131 teknikler denemelerinize ra\u011fmen ba\u015far\u0131s\u0131z oldu\u011funuzu g\u00f6rm\u00fc\u015fs\u00fcn\u00fczd\u00fcr. Kesinlikle deterjan veya \u00e7ama\u015f\u0131r suyu ile kontrol alt\u0131na almak bo\u015fa bir u\u011fra\u015ft\u0131r di\u011fer kimyasallarla sava\u015f vermek sa\u011fl\u0131\u011f\u0131n\u0131z\u0131 olumsuz y\u00f6nde etkileyebilir. Buna dikkat etmek gerekir bu hususta geli\u015ftirilmi\u015f olan do\u011fru ve etkili karafatma ila\u00e7lar\u0131 profesyonel ki\u015filer taraf\u0131ndan yani bir ila\u00e7lama firmas\u0131 \u00e7al\u0131\u015fmas\u0131yla etkili ve uzun s\u00fcre koruma sa\u011flamaktad\u0131r. Karafatma ila\u00e7lar\u0131 i\u00e7erisinde en etkilisi olan ila\u00e7 t\u00fcr\u00fc s\u0131v\u0131 ila\u00e7lamad\u0131r.<\/p>\n<h2>Garantili karafatma ila\u00e7lama<\/h2>\n<p>\u0130la\u00e7lama yap\u0131lmas\u0131na ra\u011fmen karafatmalar bazen tekrardan \u00e7\u0131kmaya devam etmektedirler. Bunun i\u00e7in ila\u00e7lamadan sonra 20 g\u00fcn beklemelisiniz bunun sebebi yumurtadan \u00e7\u0131kan b\u00f6cekler ilaca ula\u015f\u0131ncaya kadar ge\u00e7en s\u00fcre\u00e7tir. Bundan sonra hala ilk g\u00fcnk\u00fc gibi devam eden b\u00f6cek s\u00fcr\u00fcs\u00fc var ise tekrardan bizimle ileti\u015fime ge\u00e7melisiniz bundan sonra tekrar bir ila\u00e7lama yap\u0131lmal\u0131d\u0131r. Bu sorunun olu\u015fmas\u0131nda ba\u015fl\u0131ca fakt\u00f6rler \u015funlard\u0131r: Yap\u0131lan ila\u00e7lamadan sonra \u00f6zellikle d\u0131\u015f alansa ya\u011fan ya\u011fmur, g\u00fcne\u015f veya toz, ilac\u0131n etkisini kaybetmesine neden olacakt\u0131r. Ev i\u00e7inde veya i\u015fletmelerde ise bilmeden veya ila\u00e7lama teknisyenin vermi\u015f oldu\u011fu talimatlar\u0131 uygulamayarak temizlik yapmakla ve ya alan\u0131 suyun basmas\u0131 gibi kazalar\u0131n ard\u0131ndan b\u00f6cek g\u00f6rebilirsiniz. Hizmet verdi\u011fimiz m\u00fc\u015fterilerimize <strong>karafatma ila\u00e7lamas\u0131<\/strong> alt\u0131 ay garanti kapsam\u0131ndad\u0131r. \u00a0Hizmet bedeli \u00fccreti tek sefer \u00f6denerek daha sonraki ha\u015fere olu\u015fumunda yap\u0131lan \u00e7al\u0131\u015fmalar tamam\u0131yla \u00fccretsizdir. Bu \u015fartlar bir\u00e7ok ila\u00e7lama firmas\u0131 taraf\u0131ndan maalesef verilmemektedir ila\u00e7lama hususunda bu ayr\u0131nt\u0131lara dikkat etmenizi tavsiye ederiz<\/p>\n<h1><strong>Amerikan Hamam B\u00f6ce\u011fi<\/strong><\/h1>\n<p><strong>Amerikan hamam b\u00f6ce\u011fi\u00a0<\/strong>kendi t\u00fcr\u00fcn\u00fcn i\u00e7inde iri ve kanatl\u0131 olmas\u0131yla en \u00f6zelidir.2 ile 3 cm uzunlu\u011funda kahve renge sahiptirler. Gerekti\u011finde u\u00e7abilir, ancak \u00e7o\u011fu zaman y\u00fcr\u00fcd\u00fc\u011f\u00fc g\u00f6r\u00fclen ve \u00f6n\u00fcne \u00e7\u0131kan her \u015feyden beslenmeye al\u0131\u015f\u0131k olan bir <strong>hamam b\u00f6ce\u011fi <\/strong>\u00e7e\u015fididir. \u00dclkemize kargo ve di\u011fer y\u00fck ta\u015f\u0131mac\u0131l\u0131\u011f\u0131 yolu ile gelmi\u015ftir, bu nedenle sahil kasabas\u0131 ve kentlerinde \u00e7ok yayg\u0131nd\u0131r.<\/p>\n<h2><strong>\u00a0Hamam B\u00f6ce\u011fi\u00a0Nereden Gelir?<\/strong><\/h2>\n<p><strong>Amerikan hamam b\u00f6ce\u011fi ila\u00e7lama <\/strong>gemi ambarlar\u0131 ve b\u00fcy\u00fck antrepolar\u0131nda s\u0131k rastland\u0131\u011f\u0131 kadar\u0131yla art\u0131k yerle\u015fim alanlar\u0131nda yuva kurmu\u015flard\u0131r. <strong>Amerikan hamam b\u00f6ce\u011fi <\/strong>\u0130\u015f yeri ve imalatlarda g\u00f6r\u00fcld\u00fc\u011f\u00fc gibi evlerde de g\u00f6r\u00fclmektedir. \u0130ri ve korkutucu yap\u0131s\u0131yla insanlar\u0131 tiksindirmekle kalmayarak ayr\u0131ca ta\u015f\u0131d\u0131klar\u0131 hastal\u0131klar\u0131 da dolayl\u0131 olarak kulland\u0131\u011f\u0131m\u0131z ara\u00e7lar ve besin kaynaklar\u0131m\u0131za kadar ula\u015ft\u0131rmakta b\u00fcy\u00fck rol oynarlar.<\/p>\n<h2><strong>Amerikan Hamam B\u00f6ce\u011fi\u00a0Nas\u0131l Olu\u015fur?<\/strong><\/h2>\n<p><strong>Amerikan hamam b\u00f6ce\u011fi <\/strong>evlere bir e\u015fya\u00a0ambalaj\u0131nda tutunarak ve ya yumurta b\u0131rakarak, di\u011fer t\u00fcrl\u00fc ise duvar \u00e7atlaklar\u0131 merdiven bo\u015fluklar\u0131 ve evin d\u0131\u015far\u0131ya ba\u011flant\u0131l\u0131 a\u00e7\u0131k yerlerden ula\u015f\u0131rlar. Kontrol edilmesi zordur gard\u0131rop ile tezg\u00e2h ve mutfak dolaplar\u0131 i\u00e7ine saklan\u0131rlar.<strong> Amerikan hamam b\u00f6cekleri<\/strong>\u00a0g\u00fcn\u00fcn belli saatlerinde beslenmek i\u00e7in ortada dola\u015f\u0131rlar.<\/p>\n<h3><strong>Amerikan Hamam B\u00f6ce\u011finden Kurtulman\u0131n Yollar\u0131<\/strong><\/h3>\n<p><strong>Amerikan hamam b\u00f6ce\u011fi ila\u00e7lama <\/strong>h\u0131zl\u0131 \u00fcreyen ve sakland\u0131klar\u0131 yerlere ula\u015fmak bir hayl\u0131 zordur. <a href=\"https:\/\/kocaeli.worldpest.com.tr\/alman-hamam-bocegi.html\">Kalorifer b\u00f6ce\u011fi<\/a> gibi \u00e7o\u011fu zaman g\u00f6z \u00f6n\u00fcnde dola\u015fmazlar. Sinsi ve olduk\u00e7a ak\u0131ll\u0131 bir t\u00fcrd\u00fcr. Bu b\u00f6ce\u011fe en etkili olacak \u00e7al\u0131\u015fma ise <a href=\"http:\/\/www.worldbocekilaclama.com\/sivi-ilaclama\/\"><strong>s\u0131v\u0131 ila\u00e7lama<\/strong><\/a> yani; p\u00fcsk\u00fcrtme ila\u00e7lamad\u0131r. Yap\u0131lan <strong>ila\u00e7lama<\/strong> <a href=\"http:\/\/www.worldbocekilaclama.com\/kokusuz-ilaclama\/\">kokusuz <\/a>ve renksizdir bu \u00e7al\u0131\u015fmalar yap\u0131l\u0131rken eviniz ve i\u015f yerinizden \u00e7\u0131kman\u0131za gerek yoktur. G\u00fcnl\u00fck i\u015flerinizi etkilemeyecek sorunsuz kesin \u00e7\u00f6z\u00fcm sunan bir hizmet \u015feklidir.<\/p>\n<p>Evinizin her taraf\u0131n\u0131 sarm\u0131\u015f olan bu b\u00f6ceklerden kurtulmak i\u00e7in bir\u00e7ok y\u00f6ntemleri ba\u015fvurdu\u011funuzda biliyorum. \u00d6ncelikle kar\u015f\u0131la\u015fm\u0131\u015f oldu\u011funuz b\u00f6cekler; sar\u0131 b\u00f6cekler, kahverengi b\u00f6cekler, koyu kahverengi ve k\u0131z\u0131l\u0131ms\u0131 tonlardad\u0131r. Mutfa\u011f\u0131n\u0131z\u0131n tezg\u00e2h \u00fczerinde, dolap i\u00e7lerinde, kuru g\u0131da dolap \u00e7ekmecelerinde, yerde, duvarda buzdolab\u0131 motor k\u0131sm\u0131nda, buzdolab\u0131 kapa\u011f\u0131nda, bula\u015f\u0131k makinesi \u00fcst\u00fcnde ve arkas\u0131nda, kap\u0131 pervazlar\u0131na, kombi i\u00e7inde, elektronik e\u015fyalar\u0131n\u0131z\u0131n havaland\u0131rma k\u0131s\u0131mlar\u0131na, banyodan, tuvalette, salonda ve her yerde g\u00f6rebilece\u011finiz bir b\u00f6cek t\u00fcr\u00fcd\u00fcr. G\u00f6rm\u00fc\u015f oldu\u011funuz b\u00f6ce\u011fin ad\u0131 alman hamam b\u00f6ce\u011fidir veya <strong>kalorifer b\u00f6ce\u011fi<\/strong> olarak da bilinmektedir<\/p>\n<h2><strong>Hamam b\u00f6cekleri neyden olu\u015fur<\/strong><\/h2>\n<p>Hepinizin Merak etti\u011fi tek \u015fey bu b\u00f6cek evimde nas\u0131l olu\u015ftu ve evime nas\u0131l geldi? Kesinlikle iyi bilmeniz gereken bir \u015fey vard\u0131r: Bu b\u00f6cek u\u00e7maz. Hizmet verdi\u011fimiz m\u00fc\u015fterilerimizle s\u00fcrekli bu konuyu tart\u0131\u015f\u0131yoruz, m\u00fc\u015fterilerimiz b\u00f6ce\u011fin u\u00e7arak yer de\u011fi\u015ftirdi\u011fini iddia etmektedir. Lakin anlatt\u0131\u011f\u0131m\u0131z <strong>hamam b\u00f6ce\u011fi<\/strong> t\u00fcr\u00fc u\u00e7maz. E\u011fer u\u00e7tu\u011funu g\u00f6r\u00fcyorsan\u0131z, bu alman hamam b\u00f6ce\u011fi de\u011fil; Amerikan hamam b\u00f6ce\u011fidir. Amerikan hamam b\u00f6ce\u011fi ise yakla\u015f\u0131k 3 santim b\u00fcy\u00fckl\u00fc\u011f\u00fcnde hantal ve say\u0131lar\u0131 fazla olmayan hamam b\u00f6ce\u011fi t\u00fcr\u00fcn\u00fcn en b\u00fcy\u00fc\u011f\u00fcd\u00fcr. Konumuza geri d\u00f6necek olursak kar\u015f\u0131la\u015fm\u0131\u015f oldu\u011funuz kalorifer b\u00f6cekleri, evinizdeki g\u0131da at\u0131klar\u0131ndan olu\u015fmaz. Ancak evinizdeki g\u0131da at\u0131klar\u0131ndan beslenebilirler daha \u00e7ok ni\u015fasta bazl\u0131, \u015feker ve bitkisel ya\u011f besinlerinden faydalan\u0131rlar. Evinize giri\u015f yeri ise apartman dairesinde oturuyor iseniz bir kom\u015funuzdan ge\u00e7ebilir, yani imkans\u0131z gibi g\u00f6r\u00fclse de 10 katl\u0131 bir apartman varsayal\u0131m Siz 1. Katta oturuyorsan\u0131z 10. Kattaki daireden evinize Alman hamam b\u00f6ce\u011fi rahatl\u0131kla ge\u00e7i\u015f yapabilir, ge\u00e7i\u015f yerlerini s\u00f6yleyecek olursak birincisi elektrik kablolar\u0131n\u0131n ge\u00e7mi\u015f oldu\u011fu borular, siz de biliyorsunuz ki bina i\u00e7erisindeki elektrik tesisat\u0131 tablosu borular vas\u0131tas\u0131 ile yap\u0131lmaktad\u0131r. Yani elektrik buat\u0131 alt\u0131ndan ge\u00e7en bir b\u00f6cek bina i\u00e7erisindeki bir di\u011fer boru \u00e7\u0131k\u0131\u015f\u0131ndan ba\u015fka bir tarafa ge\u00e7i\u015f yapabilir. \u0130kincisi do\u011fal gaz, su, televizyon kablosu, d\u0131\u015f kap\u0131 alt\u0131ndaki bo\u015fluktan<strong> b\u00f6cek<\/strong> rahatl\u0131k ve evinizin i\u00e7ine girebilir veya evinize getirmi\u015f oldu\u011funuz ikinci el bir e\u015fya ile de ge\u00e7i\u015f yapabilir. Daha da ince bir ayr\u0131nt\u0131ya inecek olursak, al\u0131\u015fveri\u015f yapm\u0131\u015f oldu\u011funuz marketteki ambalajl\u0131 \u00fcr\u00fcnler ile bir yumurtayla da gelebilir. G\u00f6r\u00fcld\u00fc\u011f\u00fcnde e\u011fer m\u00fcdahale edilmezse k\u0131sa bir s\u00fcre sonra eviniz hamam b\u00f6ce\u011fi \u00e7iftli\u011fi haline gelebilir.<\/p>\n<h2>Hamam b\u00f6cekleri zararl\u0131 m\u0131<\/h2>\n<p>Kafalar\u0131n \u00fczerindeki antenlerinin s\u00fcrekli titre\u015fim halinde olmas\u0131 etraf\u0131 analiz ederek, kendi aralar\u0131nda \u0130yi bir ileti\u015fim halindedirler. \u00d6zellikle tamam\u0131 gece ortaya \u00e7\u0131kar, karanl\u0131k, sessizlik, s\u0131cakl\u0131k, a\u00e7l\u0131k bunlar\u0131 harekete ge\u00e7irir. Uyudu\u011funuzda y\u00fcz\u00fcn\u00fcz\u00fcn \u00fczerinde ge\u00e7ebilir, nefes ald\u0131\u011f\u0131n\u0131zda duda\u011f\u0131n\u0131z\u0131 \u00fczerinde duruyor olabilir veya kula\u011f\u0131n\u0131z\u0131n i\u00e7ine kadar girebilir bunu zarar vermek i\u00e7in de\u011fil yiyecek bulabilmek i\u00e7in yap\u0131yordur. Fazla \u00e7ekingen,\u00a0korkak bir b\u00f6cektir ama ev ahalisine belli bir s\u00fcreden sonra al\u0131\u015fabilir. M\u00fckemmel bir koordine halindedirler <strong>hamam b\u00f6ce\u011fi insana zarar verir mi<\/strong> diye d\u00fc\u015f\u00fcnebilirsiniz, hamam b\u00f6ce\u011fi zehirsizdir <strong>hamam b\u00f6ce\u011fi \u0131s\u0131r\u0131r m\u0131<\/strong> diye d\u00fc\u015f\u00fcnebilirsiniz hamam b\u00f6ce\u011fi \u0131s\u0131rmaz. Hamam<strong> b\u00f6ce\u011finin en etkili ilac\u0131<\/strong> <a href=\"http:\/\/www.worldbocekilaclama.com\/jel-ilaclama\/\">jel ila\u00e7lama <\/a>daha sonra <a href=\"http:\/\/www.worldbocekilaclama.com\/sivi-ilaclama\/\">.<\/a><\/p>\n<p>Hamam b\u00f6cekleri evler ve i\u015f yerlerinde g\u00f6r\u00fclebilen ha\u015fere t\u00fcrlerindendir. Bu b\u00f6cekler e\u015fyalara dokunduklar\u0131 i\u00e7in insanlar\u0131n zehirlenmelerine veya alerji olmalar\u0131na neden olurlar. Bunun yan\u0131 s\u0131ra insanlar\u0131n hijyenik olmayan ortamda kalmalar\u0131na neden olurlar.<\/p>\n<p>Bu nedenle hamam b\u00f6ce\u011fi bulanan mekanlar\u0131n ila\u00e7lanmas\u0131 gerekir. Hamam b\u00f6ceklerinden kurtulmak i\u00e7in toz ve jel \u015feklindeki ila\u00e7lardan yararlan\u0131labilir. Ancak bu b\u00f6cekler i\u00e7in geli\u015ftirilen \u00e7ok say\u0131da ila\u00e7 oldu\u011fundan en etkilisini bulmak zor olabilir.<\/p>\n<p><em>\u0130nsanlar taraf\u0131ndan merak edilen <\/em><strong><em>en<\/em><\/strong> <strong><em>etkili hamam b\u00f6ce\u011fi ilac\u0131<\/em><\/strong><em> \u00e7e\u015fitleri \u015funlard\u0131r;<\/em><\/p>\n<ul>\n<li>Bayer Maxforce Platin hamam b\u00f6ce\u011fi ilac\u0131<\/li>\n<li>Goliath jel hamam b\u00f6ce\u011fi yemi<\/li>\n<li>Solfac hamam b\u00f6ce\u011fi ilac\u0131<\/li>\n<li>Icon 10 CS hamam b\u00f6ce\u011fi ilac\u0131<\/li>\n<\/ul>\n<p>Hamam b\u00f6cekleri i\u00e7in etkili olan bu ila\u00e7lar i\u00e7erik, etki ve fiyat gibi kar\u015f\u0131la\u015ft\u0131rmalar yap\u0131larak sat\u0131n al\u0131nabilir. B\u00f6ylelikle hem sa\u011fl\u0131k hem de hijyen a\u00e7\u0131s\u0131ndan rahats\u0131zl\u0131k veren b\u00f6ceklerden kurtulmak m\u00fcmk\u00fcn olur.<\/p>\n<h2>Bayer Maxforce Platin Hamam B\u00f6ce\u011fi \u0130lac\u0131<\/h2>\n<p>Hamam b\u00f6cekleri i\u00e7in kullan\u0131labilecek en etkili ila\u00e7lar aras\u0131nda Bayer Maxforce Platin <a href=\"https:\/\/worldbocekilaclama.com\/urun\/maxforce-prime-bayer-jel-hamam-bocegi-ilaci\/\">hamam b\u00f6ce\u011fi ilac\u0131<\/a> vard\u0131r. Bu ila\u00e7 jel halinde \u00fcretilen bir ila\u00e7t\u0131r ve t\u00fcm hamam b\u00f6ceklerinde etkilidir. \u015e\u0131r\u0131ngas\u0131 sayesinde kolay bir \u015fekilde uygulanabilir. Kokusuz olarak \u00fcretilmi\u015f olan bu ila\u00e7 kullan\u0131laca\u011f\u0131 zaman mek\u00e2n\u0131n bo\u015falt\u0131lmas\u0131na gerek yoktur. Elektrik kablosu ve ekipmanlar\u0131 \u00e7evresi i\u00e7in de kullan\u0131ma uygun olan bu jel leke veya kal\u0131nt\u0131 b\u0131rakmadan hamam b\u00f6ceklerinden kurtulmay\u0131 sa\u011flar. \u0130\u00e7erdi\u011fi Klothianidin isimli madde sayesinde hamam b\u00f6ceklerinin birbirini etkileyerek yok olmalar\u0131na yard\u0131mc\u0131 olur.<\/p>\n<h2>Goliath Jel Hamam B\u00f6ce\u011fi Yemi<\/h2>\n<p>Hamam b\u00f6ceklerinden kurtulmak i\u00e7in kullan\u0131labilecek etkili ila\u00e7lardan birisi de Goliath jel hamam b\u00f6ce\u011fi yemidir. Bu yem sayesinde hamam b\u00f6ceklerinden h\u0131zl\u0131 bir \u015fekilde kurtulmak m\u00fcmk\u00fcn olur. Kesin sonu\u00e7 sa\u011flayan bu yem Alman, Amerikan ve Oriental hamam b\u00f6ceklerinde etkilidir.<\/p>\n<h3>Solfac Hamam B\u00f6ce\u011fi \u0130lac\u0131<\/h3>\n<p>Hamam b\u00f6ceklerinden kurtulmak i\u00e7in tercih edilebilecek etkili ila\u00e7lardan birisi de Solfac hamam b\u00f6ce\u011fi ilac\u0131d\u0131r. Bu ila\u00e7 toz \u015feklinde \u00fcretilmi\u015ftir. \u0130la\u00e7 a\u00e7\u0131k alanlarda, kapal\u0131 alanlarda ve \u00e7\u00f6pl\u00fcklerde kullan\u0131ma uygundur. \u0130la\u00e7 i\u00e7eri\u011fi sayesinde ila\u00e7laman\u0131n yap\u0131lmas\u0131 i\u00e7in mekan\u0131n bo\u015falt\u0131lmas\u0131na gerek yoktur. Uluslararas\u0131 g\u00fcvenilirlik belgesi bulunan bu ila\u00e7 su bazl\u0131 ve kokusuzdur.<\/p>\n<h3>Icon 10 CS Hamam B\u00f6ce\u011fi \u0130lac\u0131<\/h3>\n<p>Icon 10 CS hamam b\u00f6ce\u011fi ilac\u0131 evlerde ve i\u015f yerlerinde s\u0131kl\u0131kla g\u00f6r\u00fclen hamam b\u00f6ceklerinden kurtulmak i\u00e7in kullan\u0131labilecek hamam b\u00f6ce\u011fi ila\u00e7lar\u0131ndand\u0131r. Bu ila\u00e7 20 g\u00fcn ve \u00fczerinde kal\u0131c\u0131l\u0131k sa\u011flayarak mekanlar\u0131n b\u00f6ceklerden temizlenmesine yard\u0131mc\u0131 olur. \u0130lac\u0131n insanlar\u0131 etkilememesi i\u00e7in ila\u00e7lanacak alan\u0131n bo\u015falt\u0131lmas\u0131 gerekir. Etkili olan bu ila\u00e7 suland\u0131r\u0131larak kullan\u0131l\u0131r. Ayr\u0131ca kene, tahtakurusu ve sivrisinek gibi farkl\u0131 ha\u015fereler \u00fczerinde de etkilidir.<\/p>\n<h3>Provet Altox Hamam B\u00f6ce\u011fi \u0130lac\u0131<\/h3>\n<p>En etkili hamam b\u00f6ce\u011fi ila\u00e7lar\u0131n\u0131n aras\u0131nda Provet Altox hamam b\u00f6ce\u011fi ilac\u0131 bulunur. Bu ila\u00e7 d\u00f6kme \u00e7\u00f6zelti \u015feklindedir ve \u00e7evre ila\u00e7lamalar\u0131nda kullan\u0131ma uygundur. K\u0131sa s\u00fcrede etkili olan ila\u00e7 sayesinde ba\u015fta hamam b\u00f6cekleri olmak \u00fczere kene, kara sinek ve pirelerden kurtulmak m\u00fcmk\u00fcnd\u00fcr. \u0130lac\u0131n kullan\u0131m\u0131 ise ha\u015fere miktar\u0131na ba\u011fl\u0131 olarak belirlenmelidir.<\/p>\n<p>&nbsp;<\/p>\n","protected":false},"excerpt":{"rendered":"<p>\u00a0ALMAN HAMAM B\u00d6CE\u011e\u0130 Hamam b\u00f6ce\u011fi ailesinden en kalabal\u0131k olan t\u00fcr\u00fcd\u00fcr. Bilimsel ad\u0131\u00a0Blattella germanica, T\u00fcrk\u00e7e kar\u015f\u0131l\u0131\u011f\u0131\u00a0Alman hamam b\u00f6ce\u011fi (Kalorifer b\u00f6ce\u011fi) hayatta kalabilmesi i\u00e7in s\u00fcrekli s\u0131cak bir ortam i\u00e7inde kalmas\u0131 gereklidir, eskiden g\u00fcn\u00fcm\u00fcze kadar kazan daireleri, mutfak ve di\u011fer g\u0131da imalatlar\u0131nda g\u00f6r\u00fclm\u00fc\u015f olduklar\u0131 i\u00e7in halk aras\u0131nda kalorifer b\u00f6ce\u011fi, sar\u0131 b\u00f6cek , kahve rengi b\u00f6cek ve\u00a0\u00a0kakalak\u00a0 gibi isimlerle&#8230;<\/p>\n","protected":false},"author":1,"featured_media":0,"parent":0,"menu_order":0,"comment_status":"closed","ping_status":"closed","template":"","meta":{"_joinchat":[],"footnotes":""},"class_list":["post-8196","page","type-page","status-publish","hentry"],"_links":{"self":[{"href":"https:\/\/kocaeli.worldpest.com.tr\/index.php?rest_route=\/wp\/v2\/pages\/8196","targetHints":{"allow":["GET"]}}],"collection":[{"href":"https:\/\/kocaeli.worldpest.com.tr\/index.php?rest_route=\/wp\/v2\/pages"}],"about":[{"href":"https:\/\/kocaeli.worldpest.com.tr\/index.php?rest_route=\/wp\/v2\/types\/page"}],"author":[{"embeddable":true,"href":"https:\/\/kocaeli.worldpest.com.tr\/index.php?rest_route=\/wp\/v2\/users\/1"}],"replies":[{"embeddable":true,"href":"https:\/\/kocaeli.worldpest.com.tr\/index.php?rest_route=%2Fwp%2Fv2%2Fcomments&post=8196"}],"version-history":[{"count":5,"href":"https:\/\/kocaeli.worldpest.com.tr\/index.php?rest_route=\/wp\/v2\/pages\/8196\/revisions"}],"predecessor-version":[{"id":8375,"href":"https:\/\/kocaeli.worldpest.com.tr\/index.php?rest_route=\/wp\/v2\/pages\/8196\/revisions\/8375"}],"wp:attachment":[{"href":"https:\/\/kocaeli.worldpest.com.tr\/index.php?rest_route=%2Fwp%2Fv2%2Fmedia&parent=8196"}],"curies":[{"name":"wp","href":"https:\/\/api.w.org\/{rel}","templated":true}]}}