{"id":8198,"date":"2022-04-27T08:42:03","date_gmt":"2022-04-27T08:42:03","guid":{"rendered":"https:\/\/kocaeli.worldpest.com.tr\/?page_id=8198"},"modified":"2022-04-27T15:22:48","modified_gmt":"2022-04-27T15:22:48","slug":"karasinek","status":"publish","type":"page","link":"https:\/\/kocaeli.worldpest.com.tr\/?page_id=8198","title":{"rendered":"Karasinek"},"content":{"rendered":"<p><strong>Karasinek<\/strong> u\u00e7kun familyas\u0131n\u0131n en kalabal\u0131k ve ya\u015fam alanlar\u0131 en yayg\u0131n olan\u0131d\u0131r. D\u00fcnya \u00fczerinde 15 derece s\u0131cakl\u0131k ve \u00fczeri olan hemen hemen her yerde ya\u015farlar. Daha \u00e7ok hayvansal at\u0131k ve hayvansal g\u0131dalardan beslenirler. Ah\u0131r g\u00fcbresindeki yeterli miktarda bakteri ve besin kayna\u011f\u0131 bulunmas\u0131ndan dolay\u0131 bu gibi \u00e7evrelerde s\u0131k\u00e7a g\u00f6r\u00fclmektedir. \u00dcreme \u015fekilleri ise, yumurtalar\u0131 besin ve nem alan\u0131n\u0131n yeterli miktarda oldu\u011fu yerlere b\u0131rakarak \u00fcremektedir. Anne taraf\u0131ndan b\u0131rak\u0131lan yumurtalar 24 saat i\u00e7erisinde a\u00e7\u0131larak larvalar\u0131n hareketlili\u011fi ile devam eder ve larvalar s\u0131v\u0131 halde olan besinlerin yard\u0131m\u0131 ile pupa evrelerine ge\u00e7i\u015f sa\u011flarlar b\u00f6ylelikle yakla\u015f\u0131k iki hafta sonra\u00a0ergin bir hal almaya ba\u015flarlar.<\/p>\n<h2><strong>KARAS\u0130NEK \u0130LA\u00c7LAMA<\/strong><\/h2>\n<p><strong>Karasinek ila\u00e7lama<\/strong>\u00a0i\u015flemine ba\u015flamadan \u00f6nce \u00e7evre analizi yapmakta fayda vard\u0131r. Ya\u015fad\u0131\u011f\u0131n\u0131z alanlarda a\u00e7\u0131kta olan hayvan g\u00fcbreleri, \u00e7\u00f6p y\u0131\u011f\u0131nlar\u0131, ev i\u00e7inde a\u00e7\u0131kta kalan hayvansal g\u0131dalar (s\u00fct ve s\u00fct \u00fcr\u00fcnleri), \u015feker ve \u015fekerli mamuller varise \u00f6ncelikle bunlar\u0131 kontrol alt\u0131na almal\u0131 sonra da<strong>\u00a0<\/strong>ila\u00e7lama yap\u0131lmal\u0131d\u0131r. Hayvan g\u00fcbrelerinin oldu\u011fu alanlara g\u00fcbre \u00fczerine sinek larvasiti ila\u00e7lama pompas\u0131 ile p\u00fcsk\u00fcrterek olan yumurta ve olu\u015facak larvalar\u0131n geli\u015fimini gerileterek yeni \u00fcyelerin do\u011fmamas\u0131n\u0131 sa\u011flamak gereklidir. Daha sonras\u0131nda ise evde a\u00e7\u0131kta kalan tatl\u0131 ve s\u00fct \u00fcr\u00fcnlerini tamam\u0131yla kontrol alt\u0131na almak gerekir. Bunlar kontrol edildikten sonra a\u015fa\u011f\u0131da s\u0131ralayaca\u011f\u0131m\u0131z y\u00f6ntemler dahilinde\u00a0ila\u00e7lama yapabilirsiniz.<\/p>\n<h2><strong>S\u0130NEK \u0130LACI NASIL YAPILIR<\/strong><\/h2>\n<p>Ba\u015fta belirtmek gerekirse, kesinlikle kocakar\u0131 tabiri ile sinek ila\u00e7lar\u0131 \u00fcretmek hi\u00e7bir zaman fayda sa\u011flamayacakt\u0131r. Bunun i\u00e7in bu gibi giri\u015fimlere gerek yoktur. Zaten dev ila\u00e7 firmalar\u0131 bu alanda ak\u0131llara hayret verecek ve <a href=\"http:\/\/www.worldbocekilaclama.com\/ilaclama-yontemleri\/sinek-ilaclama\/\">sinek ila\u00e7lamas\u0131<\/a> yap\u0131ld\u0131ktan be\u015f dakika sonras\u0131nda etkisini g\u00f6sterecek birinci s\u0131n\u0131f sinek ila\u00e7lar\u0131 yapm\u0131\u015flar.\u00a0Sinek ilac\u0131 nas\u0131l yap\u0131l\u0131r sorusundan ziyade, <strong>sinek ila\u00e7lama nas\u0131l yap\u0131lmal\u0131d\u0131r<\/strong> sorusunun cevab\u0131n\u0131 bulmak daha makuld\u00fcr.<\/p>\n<h2><strong>S\u0130NEK \u0130LA\u00c7LAMA Y\u00d6NTEMLER\u0130<\/strong><\/h2>\n<p>Sinek ilac\u0131n\u0131 gran\u00fcl veya saf s\u0131v\u0131 halinden ambalaj miktar\u0131n\u0131n istedi\u011fi kadar\u0131yla su ile \u00e7\u00f6zeltisini sa\u011flayacak bir kap i\u00e7inde kar\u0131\u015ft\u0131r\u0131p \u00e7alkalayarak ila\u00e7lama pompas\u0131na doldurduktan sonra, g\u00fcn\u00fcn en erken veya ak\u015fam karanl\u0131\u011fa yak\u0131n zaman dilimlerinde sinek probleminin oldu\u011fu alana p\u00fcsk\u00fcrterek sorunu \u00e7\u00f6zebiliriz. Ba\u015fka t\u00fcrl\u00fc <strong>sinek ila\u00e7lama y\u00f6ntemler<\/strong>i i\u00e7in ise yap\u0131\u015fkan tabakalara hormon serpi\u015ftirme veya haz\u0131r halde bulunan fenomen sinek tuzaklar\u0131 ile durumu kontrol alt\u0131na almak m\u00fcmk\u00fcnd\u00fcr.<\/p>\n<h2><strong>En etkili sinek ilac\u0131<\/strong><\/h2>\n<p>Sinek ila\u00e7lar\u0131 uzman kullan\u0131c\u0131 taraf\u0131ndan kullan\u0131lan sinek ila\u00e7lar\u0131 insektisitler ergin t\u00fcm sinekler \u00fczerinde en etkili sinek ilac\u0131 olarak g\u00f6zle g\u00f6r\u00fcl\u00fcr ba\u015far\u0131 sa\u011flamaktad\u0131rlar. Piyasada sat\u0131lan onlarca farkl\u0131 sinek ila\u00e7lar\u0131 i\u00e7inde en etkili sinek ilac\u0131 ba\u015fl\u0131\u011f\u0131 ile yer verilmektedir. Ancak bunlar\u0131n sadece bir k\u0131sm\u0131 ger\u00e7ek anlamda fayda sa\u011flamaktad\u0131r.<\/p>\n<p>\u0130\u015fletme ve mesken alanlar\u0131nda kara sinek m\u00fccadelesi i\u00e7in uzmandan yard\u0131m al\u0131n\u0131z.<\/p>\n","protected":false},"excerpt":{"rendered":"<p>Karasinek u\u00e7kun familyas\u0131n\u0131n en kalabal\u0131k ve ya\u015fam alanlar\u0131 en yayg\u0131n olan\u0131d\u0131r. D\u00fcnya \u00fczerinde 15 derece s\u0131cakl\u0131k ve \u00fczeri olan hemen hemen her yerde ya\u015farlar. Daha \u00e7ok hayvansal at\u0131k ve hayvansal g\u0131dalardan beslenirler. Ah\u0131r g\u00fcbresindeki yeterli miktarda bakteri ve besin kayna\u011f\u0131 bulunmas\u0131ndan dolay\u0131 bu gibi \u00e7evrelerde s\u0131k\u00e7a g\u00f6r\u00fclmektedir. \u00dcreme \u015fekilleri ise, yumurtalar\u0131 besin ve nem alan\u0131n\u0131n&#8230;<\/p>\n","protected":false},"author":1,"featured_media":0,"parent":0,"menu_order":0,"comment_status":"closed","ping_status":"closed","template":"","meta":{"_joinchat":[],"footnotes":""},"class_list":["post-8198","page","type-page","status-publish","hentry"],"_links":{"self":[{"href":"https:\/\/kocaeli.worldpest.com.tr\/index.php?rest_route=\/wp\/v2\/pages\/8198","targetHints":{"allow":["GET"]}}],"collection":[{"href":"https:\/\/kocaeli.worldpest.com.tr\/index.php?rest_route=\/wp\/v2\/pages"}],"about":[{"href":"https:\/\/kocaeli.worldpest.com.tr\/index.php?rest_route=\/wp\/v2\/types\/page"}],"author":[{"embeddable":true,"href":"https:\/\/kocaeli.worldpest.com.tr\/index.php?rest_route=\/wp\/v2\/users\/1"}],"replies":[{"embeddable":true,"href":"https:\/\/kocaeli.worldpest.com.tr\/index.php?rest_route=%2Fwp%2Fv2%2Fcomments&post=8198"}],"version-history":[{"count":3,"href":"https:\/\/kocaeli.worldpest.com.tr\/index.php?rest_route=\/wp\/v2\/pages\/8198\/revisions"}],"predecessor-version":[{"id":8368,"href":"https:\/\/kocaeli.worldpest.com.tr\/index.php?rest_route=\/wp\/v2\/pages\/8198\/revisions\/8368"}],"wp:attachment":[{"href":"https:\/\/kocaeli.worldpest.com.tr\/index.php?rest_route=%2Fwp%2Fv2%2Fmedia&parent=8198"}],"curies":[{"name":"wp","href":"https:\/\/api.w.org\/{rel}","templated":true}]}}