{"id":8200,"date":"2022-04-27T08:42:14","date_gmt":"2022-04-27T08:42:14","guid":{"rendered":"https:\/\/kocaeli.worldpest.com.tr\/?page_id=8200"},"modified":"2022-04-27T15:19:55","modified_gmt":"2022-04-27T15:19:55","slug":"karincalar","status":"publish","type":"page","link":"https:\/\/kocaeli.worldpest.com.tr\/?page_id=8200","title":{"rendered":"Kar\u0131ncalar"},"content":{"rendered":"<p><strong>Kar\u0131nca ila\u00e7lama<\/strong>; kar\u0131ncalar geni\u015f aile birli\u011fi ile koloniler halinde ya\u015farlar. Ar\u0131larla benzerli\u011finden akraba olduklar\u0131 rivayet edilir. Bilimsel olarak 14000 civar\u0131nda kar\u0131nca t\u00fcr\u00fc vard\u0131r. D\u00fcnyadaki en kalabal\u0131k canl\u0131lard\u0131r. Sosyal ya\u015fam alanlar\u0131 ile davran\u0131\u015flar\u0131 insanlara \u00e7ok benzerdirler. Her t\u00fcr\u00fcn kendine \u00f6zg\u00fc kanatl\u0131 kar\u0131nca olanlar\u0131 da vard\u0131r. Bunlar kral ve krali\u00e7edir, sadece bahar ay\u0131nda yery\u00fcz\u00fcne \u00e7\u0131karak yeni koloniler kurmak i\u00e7in uzaklara u\u00e7arlar. Krali\u00e7e kar\u0131nca b\u00fct\u00fcn canl\u0131 s\u0131n\u0131f\u0131n\u0131n en \u00e7ok do\u011furanlar\u0131 aras\u0131ndad\u0131r, yumurtlamak i\u00e7in m\u00fckemmel bir sisteme sahiptir. 40 mm ile 60 mm aras\u0131nda b\u00fcy\u00fckl\u00fc\u011fe eri\u015fmi\u015flerdir. En yayg\u0131n renkleri siyah ve k\u0131rm\u0131z\u0131d\u0131r,<\/p>\n<p><strong>Kar\u0131nca ila\u00e7lama<\/strong>; kar\u0131ncalar\u0131n ci\u011ferleri olmad\u0131\u011f\u0131ndan \u00e7evredeki s\u0131v\u0131 ve gazlardan \u00e7ok ge\u00e7 etkilenirler su alt\u0131nda saatlerce hayatta kalabilirler. En geli\u015fmi\u015f duyu organ\u0131 kafalar\u0131n\u0131n \u00fczerinde duran bir \u00e7ift antendir. S\u00fcrekli titre\u015fim halinde olan bu uydular uzaklardan haber alma ve iletme i\u015flevlerini g\u00f6r\u00fcrler. Kendi a\u011f\u0131rl\u0131\u011f\u0131n\u0131n on kat\u0131ndan fazlas\u0131n\u0131 ta\u015f\u0131yabilecek g\u00fcce sahiptirler. Hi\u00e7 uyumazlar ve bu nedenle g\u00f6revlendirildikleri alanlarda s\u00fcrekli bir \u00e7al\u0131\u015fma ile hizmet verme \u00e7abas\u0131ndad\u0131rlar. Neredeyse d\u00fcnyan\u0131n her taraf\u0131nda ya\u015fayan bu canl\u0131lar \u00e7o\u011funlukla evlerimizi de ziyaret etme giri\u015fimindedir.<\/p>\n<h2>Kar\u0131nca \u0130la\u00e7lama \u00d6nemi<\/h2>\n<p><strong>Kar\u0131nca ila\u00e7lama<\/strong>; Evinizde bir tek kar\u0131nca ile kar\u015f\u0131la\u015ft\u0131ysan\u0131z k\u0131sa bir s\u00fcre sonra onlarcas\u0131yla tekrar kar\u015f\u0131lanman\u0131z muhtemeldir. <strong>Kar\u0131ncalar<\/strong> mutfa\u011f\u0131n\u0131za kadar girmi\u015fse acele ile bir \u00f6nlem alman\u0131z gerekmektedir, \u00e7\u00fcnk\u00fc dokunduklar\u0131 yerlere ve besinlere mikrop ve parazit bula\u015ft\u0131rd\u0131klar\u0131 gibi yiyeceklerin i\u00e7ine d\u00fc\u015fme ve a\u00e7\u0131kta olanlar\u0131 yuvalar\u0131na ta\u015f\u0131ma ile g\u00f6zlerinizin \u00f6n\u00fcnde s\u00fcrekli akan bir kervan g\u00f6r\u00fcrs\u00fcn\u00fcz.<\/p>\n<p>Bu tip ha\u015fere en zor kontrol edilen cinstendir. Her ne kadar eve giri\u015f yollar\u0131n\u0131 kapatsan\u0131z dahi ba\u015fka yollardan tekrar geleceklerdir. E\u011fer kendiniz buna bir \u00e7\u00f6z\u00fcm olu\u015fturacaksan\u0131z geni\u015f bir ara\u015ft\u0131rma ile <strong>do\u011fru ila\u00e7lama<\/strong> y\u00f6ntemini iyi \u00f6\u011frenmeniz laz\u0131m. Yoksa aksi bir durumda kulland\u0131\u011f\u0131n\u0131z zehir t\u00fcrleri size ve evcil hayvanlar\u0131n\u0131za ciddi zararlar verebilir. Bunun i\u00e7in en kolay yol en yak\u0131n ve profesyonel ila\u00e7lama firmas\u0131ndan yard\u0131m istemek ve garantili sonucu elde etmektir. Gelen firman\u0131n i\u015flemlerinden sonra da yeterli bilgi taraf\u0131n\u0131za aktar\u0131ld\u0131\u011f\u0131nda zaten \u00e7\u00f6z\u00fcm\u00fcn ne kadar da kolay olabildi\u011fini g\u00f6receksiniz.<\/p>\n<p>Bir anda evinizin her taraf\u0131nda<strong> kanatl\u0131 u\u00e7an b\u00f6cekler<\/strong> veya yerde y\u00fcr\u00fcyen onlarca normal g\u00f6rd\u00fc\u011f\u00fcm\u00fcz Kar\u0131ncalardan daha iri ve kanatl\u0131 olanlar\u0131yla kar\u015f\u0131la\u015fabilirsiniz. \u00d6zellikle kap\u0131 pervazlar\u0131na, pencere kasalar\u0131n\u0131n \u00e7atlaklar\u0131na veya duvarda olu\u015fan herhangi bir delikten eve girme \u00e7abas\u0131 i\u00e7erisinde olabilirler.<strong> Kar\u0131ncalardan kurtulma yollar\u0131<\/strong> i\u00e7in yap\u0131lmas\u0131 gerekenlerin ba\u015f\u0131nda, kar\u0131ncalar\u0131n bulundu\u011fu ve yuvarlanmaya \u00e7al\u0131\u015ft\u0131\u011f\u0131 alanlar\u0131 s\u0131v\u0131 ila\u00e7 ile veya jel ila\u00e7 kullan\u0131larak tamam\u0131 ile \u00fcremelerini durduruldu\u011funu ve orta yerlerde dola\u015fanlar\u0131n kalmad\u0131\u011f\u0131 zaman, oyuk \u00e7atlak ve tamir g\u00f6recek bozuk alanlara g\u00fc\u00e7l\u00fc bir yal\u0131t\u0131m malzemesi ile (s\u0131v\u0131 k\u00f6p\u00fck silikon al\u00e7\u0131 vs) kapatmak gereklidir<\/p>\n<h2>Evde u\u00e7an kanatl\u0131 kar\u0131ncalar<\/h2>\n<p>\u00d6zellikle Nisan ve haziran ay\u0131 aras\u0131nda her yerde s\u0131kl\u0131kla kar\u015f\u0131la\u015f\u0131lan ve bu canl\u0131lar ile ba\u015fa \u00e7\u0131k\u0131lmas\u0131 olduk\u00e7a zordur. Daha \u00e7ok bar\u0131nd\u0131klar\u0131 alanlar\u0131 ise<strong> evde u\u00e7an kanatl\u0131 kar\u0131ncalar<\/strong>\u00a0istilas\u0131 ile kar\u015f\u0131la\u015fabilirsiniz. Bu zaman diliminde g\u00f6r\u00fclmesinin sebepleri ise; koloninin yeni alanlara g\u00f6\u00e7 ederek g\u00fcvenli ve g\u0131da tedariki i\u00e7in zengin alanlar\u0131 tercih etmelerinden kaynakl\u0131d\u0131r.\u00a0Yerle\u015fen bu \u00fcyeler kral ve krali\u00e7enin yuvan\u0131n en g\u00fcvenli alan\u0131na yerle\u015ftirilmesi ile h\u0131zl\u0131 bir \u00fcreme d\u00f6nemine girerler. Bunun yan\u0131 s\u0131ra yerle\u015fik hayat oturduktan sonra biyolojileri gere\u011fi de kanatl\u0131 kar\u0131ncalar\u0131n kanatlar\u0131 tek tek d\u00f6k\u00fclmeye ba\u015flayacakt\u0131r. Bir nevi bu kanatlar g\u00f6\u00e7 esnas\u0131nda \u00e7\u0131k\u0131p daha sonra kaybolan bir el vas\u0131ta haline gelmi\u015ftir, gelecek bahar da\u00a0tekrardan ayn\u0131 durum ger\u00e7ekle\u015fecektir.<\/p>\n<h2>Kanatl\u0131 kar\u0131nca ilac\u0131<\/h2>\n<p>G\u00f6zlemlerimize g\u00f6re <strong>kanatl\u0131 kar\u0131ncalar<\/strong> di\u011fer bir tabirle<strong> kanatl\u0131 b\u00f6cekler<\/strong> evinizin i\u015fyerinizin yerden y\u00fcksek duran b\u00f6l\u00fcmlerini, yukar\u0131da bahsetti\u011finiz gibi kap\u0131, pencere ve \u00e7at\u0131 sa\u00e7aklar\u0131na \u00e7ok az da olsa zemin alanlara daha \u00e7ok yine kap\u0131 e\u015fiklerine yuvalanma durumundad\u0131rlar.<strong> Kanatl\u0131 kar\u0131nca ilac\u0131<\/strong> s\u0131v\u0131 jel ve gran\u00fcl olacak en yayg\u0131n olan ila\u00e7lardand\u0131r, di\u011fer kokulu gaz, sprey gibi bir\u00e7ok de\u011fi\u015fik ila\u00e7 \u00e7e\u015fitleri de bulunmas\u0131na ra\u011fmen \u00e7ok etki sa\u011flamamaktad\u0131rlar<\/p>\n<h2>Kanatl\u0131 kar\u0131nca nas\u0131l ila\u00e7lan\u0131r<\/h2>\n<p>Kar\u015f\u0131la\u015ft\u0131\u011f\u0131m\u0131z durumlar neticesinde s\u0131v\u0131 ilac\u0131 kullan\u0131lmayacak\u00a0alanlar i\u00e7in, yani; elektrik panosu d\u0131\u015f\u0131, mutfak tezgah\u0131ndan uzak insanlar\u0131n oturabildi\u011fi salon, oda i\u015f yeri gibi alanlar\u0131n uygun olmas\u0131 dahilinde yeterli \u00f6nlemler alarak, <strong>kanatl\u0131 kar\u0131ncalar nas\u0131l ila\u00e7lan\u0131r<\/strong> konusu hakk\u0131nda birka\u00e7 pratik bilgi \u00f6\u011freniriz. \u0130\u015f g\u00fcvenli\u011fi elbiseleri giyindikten sonra, hava ak\u0131m\u0131 ve r\u00fczg\u00e2r\u0131n olmad\u0131\u011f\u0131 anda alana s\u0131k\u0131labilir. Bir ila\u00e7lama pompas\u0131 veya kendinizin haz\u0131rlam\u0131\u015f oldu\u011fu ilac\u0131 cam sil gibi bir sprey kutusunun i\u00e7ine koyarak uygulayabilirsiniz. Enjekt\u00f6r tasar\u0131m\u0131yla kendi ambalaj\u0131n\u0131n ucundaki i\u011fneden kar\u0131ncalar\u0131n yerle\u015fmi\u015f oldu\u011fu alanlar veya ge\u00e7i\u015f yollar\u0131na, damlalar halinde sorumlu b\u00f6lge i\u00e7in yakla\u015f\u0131k 15-20 Damla b\u0131rakarak ila\u00e7lama ger\u00e7ekle\u015ftirebilirsiniz. Gran\u00fcl yani tane halindeki ila\u00e7lar ile ki; bunlar susam b\u00fcy\u00fckl\u00fc\u011f\u00fcnde veya daha b\u00fcy\u00fc\u011f\u00fc olabilir. Bunlar\u0131 Kar\u0131nca yuvalar\u0131n\u0131n ve kar\u0131ncan\u0131n ge\u00e7i\u015f yollar\u0131n\u0131 bulundu alanlara, bir yemek ka\u015f\u0131\u011f\u0131 kadar veya daha az bir kahve ka\u015f\u0131\u011f\u0131 kadar serpi\u015ftirerek ila\u00e7lama ger\u00e7ekle\u015ftirebilirsiniz. Bu ila\u00e7lamalar yap\u0131ld\u0131ktan sonra minimum bir hafta ila\u00e7lanan b\u00f6lgeleri de temizlik yap\u0131lmamal\u0131d\u0131r. \u00d6zellikle jel\u00a0ve gran\u00fcl halindeki ila\u00e7lar\u0131 kulland\u0131ktan sonra elektrikli s\u00fcp\u00fcrgeyi ve villada ile temizlik yapmay\u0131n\u0131z.<\/p>\n<p>&nbsp;<\/p>\n","protected":false},"excerpt":{"rendered":"<p>Kar\u0131nca ila\u00e7lama; kar\u0131ncalar geni\u015f aile birli\u011fi ile koloniler halinde ya\u015farlar. Ar\u0131larla benzerli\u011finden akraba olduklar\u0131 rivayet edilir. Bilimsel olarak 14000 civar\u0131nda kar\u0131nca t\u00fcr\u00fc vard\u0131r. D\u00fcnyadaki en kalabal\u0131k canl\u0131lard\u0131r. Sosyal ya\u015fam alanlar\u0131 ile davran\u0131\u015flar\u0131 insanlara \u00e7ok benzerdirler. Her t\u00fcr\u00fcn kendine \u00f6zg\u00fc kanatl\u0131 kar\u0131nca olanlar\u0131 da vard\u0131r. Bunlar kral ve krali\u00e7edir, sadece bahar ay\u0131nda yery\u00fcz\u00fcne \u00e7\u0131karak yeni koloniler&#8230;<\/p>\n","protected":false},"author":1,"featured_media":0,"parent":0,"menu_order":0,"comment_status":"closed","ping_status":"closed","template":"","meta":{"_joinchat":[],"footnotes":""},"class_list":["post-8200","page","type-page","status-publish","hentry"],"_links":{"self":[{"href":"https:\/\/kocaeli.worldpest.com.tr\/index.php?rest_route=\/wp\/v2\/pages\/8200","targetHints":{"allow":["GET"]}}],"collection":[{"href":"https:\/\/kocaeli.worldpest.com.tr\/index.php?rest_route=\/wp\/v2\/pages"}],"about":[{"href":"https:\/\/kocaeli.worldpest.com.tr\/index.php?rest_route=\/wp\/v2\/types\/page"}],"author":[{"embeddable":true,"href":"https:\/\/kocaeli.worldpest.com.tr\/index.php?rest_route=\/wp\/v2\/users\/1"}],"replies":[{"embeddable":true,"href":"https:\/\/kocaeli.worldpest.com.tr\/index.php?rest_route=%2Fwp%2Fv2%2Fcomments&post=8200"}],"version-history":[{"count":3,"href":"https:\/\/kocaeli.worldpest.com.tr\/index.php?rest_route=\/wp\/v2\/pages\/8200\/revisions"}],"predecessor-version":[{"id":8359,"href":"https:\/\/kocaeli.worldpest.com.tr\/index.php?rest_route=\/wp\/v2\/pages\/8200\/revisions\/8359"}],"wp:attachment":[{"href":"https:\/\/kocaeli.worldpest.com.tr\/index.php?rest_route=%2Fwp%2Fv2%2Fmedia&parent=8200"}],"curies":[{"name":"wp","href":"https:\/\/api.w.org\/{rel}","templated":true}]}}