{"id":8202,"date":"2022-04-27T08:42:26","date_gmt":"2022-04-27T08:42:26","guid":{"rendered":"https:\/\/kocaeli.worldpest.com.tr\/?page_id=8202"},"modified":"2022-04-27T15:20:59","modified_gmt":"2022-04-27T15:20:59","slug":"kene","status":"publish","type":"page","link":"https:\/\/kocaeli.worldpest.com.tr\/?page_id=8202","title":{"rendered":"Kene"},"content":{"rendered":"<h2>Kene Zararl\u0131s\u0131 Hakk\u0131nda Bilgi<\/h2>\n<p><strong>Kene<\/strong> \u00f6r\u00fcmcek s\u0131n\u0131f\u0131ndan bir canl\u0131d\u0131r. Keneler zorunlu olarak kan emerler bacaklar\u0131n\u0131n ucunda vantuz ve \u00e7engeller vard\u0131r. Bu bacak yap\u0131s\u0131 sayesinde deriye rahat\u00e7a yap\u0131\u015f\u0131rlar. V\u00fccudunda bulunan hortumlar sayesinde kan emerler ayak u\u00e7lar\u0131nda dokunma ve koku alma hisleri geli\u015fmi\u015ftir.<\/p>\n<h2>Keneler Nerelerde Ya\u015farlar<\/h2>\n<p><strong>Keneler <\/strong>ormanl\u0131k, a\u011fa\u00e7l\u0131k, ye\u015fillik alanlarda ya\u015farlar insan ve hayvanlar o b\u00f6lgeden ge\u00e7ti\u011finde \u00fcst\u00fcne yap\u0131\u015farak kanlar\u0131n\u0131 emerler. <strong>Keneler <\/strong>bir\u00e7ok mikrop ve hastal\u0131k ta\u015f\u0131yarak di\u011fer hayvanlar ve insanlara hastal\u0131k bula\u015ft\u0131rmaktad\u0131r.<\/p>\n<p>Evcil hayvanlar\u0131n\u0131z\u0131n d\u00fczenli veteriner hekim kontrollerini yapt\u0131rarak kene olu\u015fumlar\u0131n\u0131 engelleyebilirsiniz.<\/p>\n<p>M\u00fcstakil evler, site a\u00e7\u0131k alanlar\u0131, yazl\u0131k bah\u00e7e alanlar\u0131, mesire alanlar\u0131nda keneler daha \u00e7ok g\u00f6r\u00fcl\u00fcr. Bu alanlarda kene sokmalar\u0131na dikkat edelim.<\/p>\n<h2>Kene Sokmas\u0131nda Ne Yap\u0131lmal\u0131d\u0131r<\/h2>\n<p><strong>Kene <\/strong>insana bula\u015farak \u00f6nemli hastal\u0131klara yol a\u00e7maktad\u0131r. Kene sokmalar\u0131nda acil olarak bir sa\u011fl\u0131k kurulu\u015funa ba\u015fvurulmal\u0131 ve kene soktu\u011fu yerden <strong><u>\u00e7\u0131kart\u0131lmamal\u0131d\u0131r.<\/u><\/strong><\/p>\n<p>Kene sorunu ya\u015famamak i\u00e7in ve kene sorunundan kurtulmak i\u00e7in \u00f6zellikle a\u011fa\u00e7l\u0131k ve bah\u00e7e alanlar\u0131n\u0131n d\u00fczenli olarak ha\u015fere ila\u00e7lama servisi yard\u0131m\u0131yla ila\u00e7lanmas\u0131 gerekmektedir. \u0130stanbul kene ila\u00e7lama firmam\u0131zdan ila\u00e7lama hizmeti ve bilgi alabilirsiniz.<\/p>\n<p>&nbsp;<\/p>\n","protected":false},"excerpt":{"rendered":"<p>Kene Zararl\u0131s\u0131 Hakk\u0131nda Bilgi Kene \u00f6r\u00fcmcek s\u0131n\u0131f\u0131ndan bir canl\u0131d\u0131r. Keneler zorunlu olarak kan emerler bacaklar\u0131n\u0131n ucunda vantuz ve \u00e7engeller vard\u0131r. Bu bacak yap\u0131s\u0131 sayesinde deriye rahat\u00e7a yap\u0131\u015f\u0131rlar. V\u00fccudunda bulunan hortumlar sayesinde kan emerler ayak u\u00e7lar\u0131nda dokunma ve koku alma hisleri geli\u015fmi\u015ftir. Keneler Nerelerde Ya\u015farlar Keneler ormanl\u0131k, a\u011fa\u00e7l\u0131k, ye\u015fillik alanlarda ya\u015farlar insan ve hayvanlar o b\u00f6lgeden&#8230;<\/p>\n","protected":false},"author":1,"featured_media":0,"parent":0,"menu_order":0,"comment_status":"closed","ping_status":"closed","template":"","meta":{"_joinchat":[],"footnotes":""},"class_list":["post-8202","page","type-page","status-publish","hentry"],"_links":{"self":[{"href":"https:\/\/kocaeli.worldpest.com.tr\/index.php?rest_route=\/wp\/v2\/pages\/8202","targetHints":{"allow":["GET"]}}],"collection":[{"href":"https:\/\/kocaeli.worldpest.com.tr\/index.php?rest_route=\/wp\/v2\/pages"}],"about":[{"href":"https:\/\/kocaeli.worldpest.com.tr\/index.php?rest_route=\/wp\/v2\/types\/page"}],"author":[{"embeddable":true,"href":"https:\/\/kocaeli.worldpest.com.tr\/index.php?rest_route=\/wp\/v2\/users\/1"}],"replies":[{"embeddable":true,"href":"https:\/\/kocaeli.worldpest.com.tr\/index.php?rest_route=%2Fwp%2Fv2%2Fcomments&post=8202"}],"version-history":[{"count":2,"href":"https:\/\/kocaeli.worldpest.com.tr\/index.php?rest_route=\/wp\/v2\/pages\/8202\/revisions"}],"predecessor-version":[{"id":8363,"href":"https:\/\/kocaeli.worldpest.com.tr\/index.php?rest_route=\/wp\/v2\/pages\/8202\/revisions\/8363"}],"wp:attachment":[{"href":"https:\/\/kocaeli.worldpest.com.tr\/index.php?rest_route=%2Fwp%2Fv2%2Fmedia&parent=8202"}],"curies":[{"name":"wp","href":"https:\/\/api.w.org\/{rel}","templated":true}]}}