{"id":8204,"date":"2022-04-27T08:42:38","date_gmt":"2022-04-27T08:42:38","guid":{"rendered":"https:\/\/kocaeli.worldpest.com.tr\/?page_id=8204"},"modified":"2022-04-27T08:42:38","modified_gmt":"2022-04-27T08:42:38","slug":"kus-biti","status":"publish","type":"page","link":"https:\/\/kocaeli.worldpest.com.tr\/?page_id=8204","title":{"rendered":"Ku\u015f biti"},"content":{"rendered":"<p><strong>Ku\u015f biti<\/strong> ku\u015flar\u0131n \u00fczerinde ya\u015fayan bir parazit canl\u0131d\u0131r. Boylar\u0131 2 ile 3 mm ye ula\u015f\u0131rlar. <strong>Ku\u015f bitleri<\/strong> ku\u015flar\u0131n kanatlar\u0131nda yumurta b\u0131rakarak \u00fcrerler. \u00c7ok \u00e7abuk \u00e7o\u011fal\u0131rlar. Bu asalak t\u00fcr\u00fc b\u00fct\u00fcn ku\u015flarda olaca\u011f\u0131 gibi daha \u00e7ok g\u00fcvercin t\u00fcrlerinde g\u00f6r\u00fcl\u00fcr. Renkleri koyu kahverengi bazen k\u0131z\u0131l\u0131ms\u0131 bazen de a\u00e7\u0131k renkleri de olabilir. \u00c7o\u011funlukla a\u00e7\u0131k renktedir.<\/p>\n<p><strong>KU\u015e B\u0130T\u0130 \u0130NSANI ISIRIR MI?<\/strong><\/p>\n<p><strong>Ku\u015f biti<\/strong> ku\u015flar\u0131n kanat ve derilerini yiyerek beslenirler. Di\u011fer bit ve pireler gibi kan emmezler. <strong>Ku\u015fbitleri<\/strong> insan veya di\u011fer hayvanlar\u0131n \u00fczerine gelmez ve ya\u015famazlar. \u0130nsan\u0131 \u0131s\u0131rmazlar. Fakat, oldu\u011fu alanda \u00e7o\u011fal\u0131p yay\u0131ld\u0131\u011f\u0131nda insan v\u00fccuduna tesad\u00fcfen gelirler. <strong>Ku\u015fbiti<\/strong> u\u00e7abilen veya z\u0131playan bir ha\u015fere \u00e7e\u015fidi de\u011fildir. Y\u00fcr\u00fcyerek hareket ederler. Y\u00fcr\u00fcy\u00fcp hareket ettikleri \u00e7ok yak\u0131ndan bak\u0131larak fark edilir.<\/p>\n<p><strong>KU\u015e B\u0130T\u0130 G\u00d6ZLE G\u00d6R\u00dcL\u00dcR M\u00dc?<\/strong><\/p>\n<p><strong>Ku\u015f biti<\/strong> daha \u00e7ok geceleri aktiftir. I\u015f\u0131k oldu\u011fu zamanlarda ku\u015flar\u0131n kanatlar\u0131na saklan\u0131rlar. G\u00f6zle g\u00f6r\u00fclebilen bir parazittir. Peki nas\u0131l anlar\u0131z ku\u015flarda <strong>bit<\/strong> oldu\u011funu? Kanatlar\u0131n\u0131n seyrek veya s\u0131k t\u00fcyl\u00fc olmas\u0131ndan anla\u015f\u0131labilir.<\/p>\n<p>Evlerimizde ve di\u011fer ya\u015fam alanlar\u0131m\u0131zda da bu ha\u015fere ile kar\u015f\u0131la\u015fmam\u0131z m\u00fcmk\u00fcnd\u00fcr. <strong>Ku\u015f bitleri<\/strong> bazen ku\u015flar\u0131n \u00fczerinden ayr\u0131l\u0131p balkon ve <strong>pencere<\/strong> \u00f6nlerinden evlerimize girebilirler. Her kesin bildi\u011fi gibi ku\u015flar balkonlara, pencere \u00f6nlerine, \u00e7at\u0131lara konarlar bundan dolay\u0131 evlerimizde ku\u015f bitleri dola\u015ft\u0131\u011f\u0131nda \u015fa\u015f\u0131rmayal\u0131m.<\/p>\n<p><strong>KU\u015e B\u0130T\u0130 \u0130LA\u00c7LAMA NASIL YAPILIR?<\/strong><\/p>\n<p><strong>Ha\u015fere ila\u00e7lama servisi<\/strong> olarak \u015firketimiz <strong>bit ila\u00e7lama<\/strong> konusunda da sizlere kaliteli ve g\u00fcvenilir hizmet vermektedir. Ku\u015f biti sorunlar\u0131n\u0131z\u0131 \u00e7\u00f6zmek ve bilgi almak i\u00e7in \u015firketimizle irtibata ge\u00e7ebilirsiniz.<strong> \u0130la\u00e7lama<\/strong> yap\u0131ld\u0131ktan sonra bu sorundan tamamen kurtulman\u0131z m\u00fcmk\u00fcnd\u00fcr. Kullan\u0131lan ila\u00e7lar Bayer marka olup sa\u011fl\u0131k bakanl\u0131\u011f\u0131ndan onayl\u0131 kokusuz grubunda ila\u00e7lard\u0131r. Daha sonralar\u0131 ayn\u0131 sorunla kar\u015f\u0131la\u015fmamak i\u00e7in ku\u015flar\u0131n kondu\u011fu yerlere balon, cd gibi ku\u015f kovucu tuzaklar yap\u0131labilir.<\/p>\n<p><strong>Mite Nedir<\/strong><\/p>\n<p><strong>Mite<\/strong> orijinalinden <strong>mayt<\/strong> bozma yaz\u0131l\u0131\u015f\u0131 ve okunu\u015fu ile de telaffuz edenler olabilir.<strong> Mite <\/strong>(<strong>mayt<\/strong>)\u00a0kesinlikle ku\u015f bitleri ile kar\u0131\u015ft\u0131r\u0131lmamal\u0131d\u0131r.<strong> Mite<\/strong>\u00a0\u00e7\u0131plak g\u00f6zle g\u00f6r\u00fclmeyen mikroskobik canl\u0131lard\u0131r. Mite halk aras\u0131nda uyuz b\u00f6ce\u011fi gibi isimle de bilinir. <strong>Uyuz b\u00f6ce\u011fi ila\u00e7lama<\/strong> veya <strong>uyuz b\u00f6ce\u011fi<\/strong> nedir gibi konularda sorular ve internet sayfalar\u0131nda <strong>uyuz b\u00f6ce\u011fi<\/strong> ile ilgili pek ara\u015ft\u0131rma i\u00e7erisine girebilirsiniz. Maalesef <strong>ku\u015f biti<\/strong> ve <strong>uyuz b\u00f6ce\u011fi<\/strong> olarak bilinen iki asalak da ayn\u0131 de\u011fildir. Bunun yan\u0131nda<strong> toz b\u00f6ce\u011fi <\/strong>veya<strong>\u00a0toz akar\u0131<\/strong>\u00a0diye de s\u00f6yleyenler olabiliyor. <strong>Toz b\u00f6ce\u011fi<\/strong> diye bir canl\u0131 yoktur. Kesinlikle yanl\u0131\u015f bilgidir.<\/p>\n<ul>\n<li>K\u0131saca \u00f6zetlersek; <strong>Mite<\/strong> g\u00f6zle g\u00f6r\u00fclmez. <strong>Uyuz b\u00f6ce\u011fi<\/strong> olarak da isimlendirilir. Ve bu parazittir. \u0130nsan ve di\u011fer canl\u0131lar\u0131n derisi alt\u0131na gizlenir yo\u011fun bulundu\u011fu b\u00f6lgede anlams\u0131z ve tatl\u0131 bir ka\u015f\u0131nmaya sebep verir.<\/li>\n<li>Mite y\u00fcz\u00fcnden ka\u015f\u0131nt\u0131 hissi var ise bir dermatolo\u011fa gitmenizde tavsiye vard\u0131r.<\/li>\n<li>Eski mobilya ve yataklar\u0131n\u0131z\u0131 de\u011fi\u015ftirmeniz faydal\u0131 olacakt\u0131r.<\/li>\n<li><strong>Toz b\u00f6ce\u011fi<\/strong> diye bir \u015fey de yoktur.<\/li>\n<li>***<em>Evinizin her taraf\u0131ndan; duvarlarda perde de, masa, sandalye, yatak ba\u015fl\u0131k ve kenarlar\u0131nda gezinen onlarca ve ya y\u00fczlerce i\u011fne deli\u011finde daha da k\u00fc\u00e7\u00fck gezen kene benzerli\u011findeki canl\u0131lar <strong>ku\u015f biti<\/strong>dir. Ku\u015f biti g\u00f6zle zor g\u00f6r\u00fcl\u00fcr. Nokta \u015feklindedir. \u00c7ok yak\u0131ndan dikkatli bak\u0131larak fark edilebilir. ***<\/em><\/li>\n<\/ul>\n<p>\u00d6NEML\u0130 HATIRLATMA:<\/p>\n<p><strong>Ku\u015f biti<\/strong> sorunlar\u0131nda ku\u015flara kesinlikle <strong>ha\u015fere ilac\u0131<\/strong> gibi kimyasallar kullanmay\u0131n\u0131z. Ku\u015funuzu bir veteriner hekimine g\u00f6t\u00fcr\u00fcn\u00fcz. Bizler <strong>ila\u00e7lama \u015firketleri<\/strong> olarak ku\u015fun \u00fcst\u00fcndeki <strong>bitleri<\/strong> de\u011fil, etrafa sa\u00e7t\u0131\u011f\u0131 <strong>bit<\/strong> konusunda size yard\u0131mc\u0131 olabiliriz.<\/p>\n<p>&nbsp;<\/p>\n","protected":false},"excerpt":{"rendered":"<p>Ku\u015f biti ku\u015flar\u0131n \u00fczerinde ya\u015fayan bir parazit canl\u0131d\u0131r. Boylar\u0131 2 ile 3 mm ye ula\u015f\u0131rlar. Ku\u015f bitleri ku\u015flar\u0131n kanatlar\u0131nda yumurta b\u0131rakarak \u00fcrerler. \u00c7ok \u00e7abuk \u00e7o\u011fal\u0131rlar. Bu asalak t\u00fcr\u00fc b\u00fct\u00fcn ku\u015flarda olaca\u011f\u0131 gibi daha \u00e7ok g\u00fcvercin t\u00fcrlerinde g\u00f6r\u00fcl\u00fcr. Renkleri koyu kahverengi bazen k\u0131z\u0131l\u0131ms\u0131 bazen de a\u00e7\u0131k renkleri de olabilir. \u00c7o\u011funlukla a\u00e7\u0131k renktedir. KU\u015e B\u0130T\u0130 \u0130NSANI ISIRIR&#8230;<\/p>\n","protected":false},"author":1,"featured_media":0,"parent":0,"menu_order":0,"comment_status":"closed","ping_status":"closed","template":"","meta":{"_joinchat":[],"footnotes":""},"class_list":["post-8204","page","type-page","status-publish","hentry"],"_links":{"self":[{"href":"https:\/\/kocaeli.worldpest.com.tr\/index.php?rest_route=\/wp\/v2\/pages\/8204","targetHints":{"allow":["GET"]}}],"collection":[{"href":"https:\/\/kocaeli.worldpest.com.tr\/index.php?rest_route=\/wp\/v2\/pages"}],"about":[{"href":"https:\/\/kocaeli.worldpest.com.tr\/index.php?rest_route=\/wp\/v2\/types\/page"}],"author":[{"embeddable":true,"href":"https:\/\/kocaeli.worldpest.com.tr\/index.php?rest_route=\/wp\/v2\/users\/1"}],"replies":[{"embeddable":true,"href":"https:\/\/kocaeli.worldpest.com.tr\/index.php?rest_route=%2Fwp%2Fv2%2Fcomments&post=8204"}],"version-history":[{"count":1,"href":"https:\/\/kocaeli.worldpest.com.tr\/index.php?rest_route=\/wp\/v2\/pages\/8204\/revisions"}],"predecessor-version":[{"id":8205,"href":"https:\/\/kocaeli.worldpest.com.tr\/index.php?rest_route=\/wp\/v2\/pages\/8204\/revisions\/8205"}],"wp:attachment":[{"href":"https:\/\/kocaeli.worldpest.com.tr\/index.php?rest_route=%2Fwp%2Fv2%2Fmedia&parent=8204"}],"curies":[{"name":"wp","href":"https:\/\/api.w.org\/{rel}","templated":true}]}}