{"id":8206,"date":"2022-04-27T08:42:56","date_gmt":"2022-04-27T08:42:56","guid":{"rendered":"https:\/\/kocaeli.worldpest.com.tr\/?page_id=8206"},"modified":"2022-04-27T08:42:56","modified_gmt":"2022-04-27T08:42:56","slug":"kuslar","status":"publish","type":"page","link":"https:\/\/kocaeli.worldpest.com.tr\/?page_id=8206","title":{"rendered":"Ku\u015flar"},"content":{"rendered":"<p>Ku\u015f ve ku\u015f t\u00fcrleri zararl\u0131 s\u0131n\u0131f\u0131na girmemektedir. Fakat baz\u0131 i\u015fletmeler ve meskenlerde yuva yaparak i\u015fletme ve meskenlerde ku\u015f biti sorunlar\u0131na yol a\u00e7maktad\u0131r. Bundan dolay\u0131 WORLDPEST \u015firketimizden ku\u015f ile m\u00fccadele i\u00e7in yard\u0131m istenmektedir. En etkili y\u00f6ntemler ile m\u00fc\u015fterilerimize yard\u0131mc\u0131 olmaktay\u0131z.<\/p>\n<p>Ku\u015f m\u00fccadelesi i\u00e7in ne yap\u0131yoruz.<\/p>\n<p>Ku\u015f m\u00fccadelesi i\u00e7in b\u00f6cek zehiri ya da fare zehirleri gibi kimyasallar kullan\u0131p ku\u015flar\u0131n \u00f6lmesini sa\u011flam\u0131yoruz. Bunun yerine i\u015fletme ve meskenlerde ku\u015f kovucu ve ku\u015flar\u0131n konup yuva yapmas\u0131n\u0131 \u00f6nleyici ku\u015f kovucu aparatlar tedarik ediyoruz. Bunu yaparken ku\u015flara zarar vermiyoruz. Yada ku\u015flar\u0131n i\u00e7eri girmemeleri i\u00e7in dan\u0131\u015fmanl\u0131k yap\u0131yoruz.<\/p>\n<p>Ku\u015flar\u0131n ne gibi zararlar\u0131 var<\/p>\n<p>Ku\u015flar\u0131n bilinen bir zarar\u0131 yoktur. Fakat ev ve i\u015fletmelerde tavan, sa\u00e7ak, pencere \u00f6n\u00fc gibi alanlara yuva yap\u0131p a\u015fa\u011f\u0131lara d\u0131\u015fk\u0131lar\u0131n\u0131 d\u00f6kerek kirlilik olu\u015fur. Ku\u015flar yuva yapt\u0131\u011f\u0131 alanlarda \u00e7evresine t\u00fcylerine d\u00f6kerler. T\u00fcy d\u00f6k\u00fclmeleri de i\u015fletme veya evlerde k\u00f6t\u00fc koku ve kirlilik olu\u015fturur.<\/p>\n<p>Ku\u015flar\u0131n en rahats\u0131z edici durumu ise kanatlar\u0131 ve derilerinde ya\u015fayan, ku\u015flar\u0131n deri ve kanatlar\u0131 ile beslenen ku\u015f bitleridir. Ku\u015f bitleri insan v\u00fccuduna da gelirler ve insanlar\u0131n ka\u015f\u0131nmas\u0131na sebep olurlar. En \u00e7ok bu y\u00fczden zararl\u0131d\u0131r. Ku\u015f biti ile ilgili yaz\u0131m\u0131z\u0131 da l\u00fctfen okuyunuz. Ku\u015f biti ila\u00e7lama makalemizde de faydal\u0131 bilgiler verece\u011fiz. Mutlaka okuyunuz.<\/p>\n","protected":false},"excerpt":{"rendered":"<p>Ku\u015f ve ku\u015f t\u00fcrleri zararl\u0131 s\u0131n\u0131f\u0131na girmemektedir. Fakat baz\u0131 i\u015fletmeler ve meskenlerde yuva yaparak i\u015fletme ve meskenlerde ku\u015f biti sorunlar\u0131na yol a\u00e7maktad\u0131r. Bundan dolay\u0131 WORLDPEST \u015firketimizden ku\u015f ile m\u00fccadele i\u00e7in yard\u0131m istenmektedir. En etkili y\u00f6ntemler ile m\u00fc\u015fterilerimize yard\u0131mc\u0131 olmaktay\u0131z. Ku\u015f m\u00fccadelesi i\u00e7in ne yap\u0131yoruz. Ku\u015f m\u00fccadelesi i\u00e7in b\u00f6cek zehiri ya da fare zehirleri gibi kimyasallar&#8230;<\/p>\n","protected":false},"author":1,"featured_media":0,"parent":0,"menu_order":0,"comment_status":"closed","ping_status":"closed","template":"","meta":{"_joinchat":[],"footnotes":""},"class_list":["post-8206","page","type-page","status-publish","hentry"],"_links":{"self":[{"href":"https:\/\/kocaeli.worldpest.com.tr\/index.php?rest_route=\/wp\/v2\/pages\/8206","targetHints":{"allow":["GET"]}}],"collection":[{"href":"https:\/\/kocaeli.worldpest.com.tr\/index.php?rest_route=\/wp\/v2\/pages"}],"about":[{"href":"https:\/\/kocaeli.worldpest.com.tr\/index.php?rest_route=\/wp\/v2\/types\/page"}],"author":[{"embeddable":true,"href":"https:\/\/kocaeli.worldpest.com.tr\/index.php?rest_route=\/wp\/v2\/users\/1"}],"replies":[{"embeddable":true,"href":"https:\/\/kocaeli.worldpest.com.tr\/index.php?rest_route=%2Fwp%2Fv2%2Fcomments&post=8206"}],"version-history":[{"count":1,"href":"https:\/\/kocaeli.worldpest.com.tr\/index.php?rest_route=\/wp\/v2\/pages\/8206\/revisions"}],"predecessor-version":[{"id":8207,"href":"https:\/\/kocaeli.worldpest.com.tr\/index.php?rest_route=\/wp\/v2\/pages\/8206\/revisions\/8207"}],"wp:attachment":[{"href":"https:\/\/kocaeli.worldpest.com.tr\/index.php?rest_route=%2Fwp%2Fv2%2Fmedia&parent=8206"}],"curies":[{"name":"wp","href":"https:\/\/api.w.org\/{rel}","templated":true}]}}