{"id":8208,"date":"2022-04-27T08:43:12","date_gmt":"2022-04-27T08:43:12","guid":{"rendered":"https:\/\/kocaeli.worldpest.com.tr\/?page_id=8208"},"modified":"2022-04-27T08:43:12","modified_gmt":"2022-04-27T08:43:12","slug":"lagimsicani","status":"publish","type":"page","link":"https:\/\/kocaeli.worldpest.com.tr\/?page_id=8208","title":{"rendered":"La\u011f\u0131ms\u0131\u00e7an\u0131"},"content":{"rendered":"<p><strong>La\u011f\u0131ms\u0131\u00e7an\u0131<\/strong> kemirgen s\u0131n\u0131f\u0131n\u0131n bir \u00fcyesidir. Boylar\u0131 25 cm ve 30 cm ye kadar ula\u015f\u0131r. <strong>La\u011f\u0131ms\u0131\u00e7an\u0131<\/strong> ad\u0131ndan da anla\u015f\u0131ld\u0131\u011f\u0131 gibi la\u011f\u0131mlarda ya\u015farlar. La\u011f\u0131m \u00e7ukurlar\u0131, la\u011f\u0131mlara ba\u011flanan borular\u0131n i\u00e7erisinde yuvalan\u0131r ve \u00fcrerler.<\/p>\n<p>Bina ve i\u015fletmelerde gider pima\u015f borular\u0131n eskimesi, k\u0131r\u0131lmas\u0131 ya da a\u00e7\u0131lmas\u0131 sonucu ya\u015fam alanlar\u0131m\u0131za da girerler. Ya\u015fam alanlar\u0131m\u0131za giren la\u011f\u0131ms\u0131\u00e7anlar\u0131n\u0131 fark etmedi\u011fimde \u0131ss\u0131z sessiz alanlarda da yuva yap\u0131p, yavrulamalar\u0131 m\u00fcmk\u00fcnd\u00fcr.<\/p>\n<p><strong>La\u011f\u0131ms\u0131\u00e7an\u0131<\/strong> di\u011fer farelere g\u00f6re daha g\u00fc\u00e7l\u00fc ve tehlikelidir. Tehlike hissetti\u011fi zaman rahatl\u0131kla sald\u0131r\u0131r ve \u0131s\u0131rabilir. <strong>La\u011f\u0131m farelerinin<\/strong> yap\u0131lar\u0131 gere\u011fi t\u00fck\u00fcr\u00fcklerinde bulunan uyu\u015fturucu \u00f6zelli\u011fi ile kemirece\u011fi yerleri nefesiyle uyu\u015fturarak kemirirler. Bu uyu\u015fturma \u00f6zelli\u011fi sayesinde insanlar\u0131nda kulak ve el ayak parmaklar\u0131n\u0131 \u0131s\u0131rabilir. Ya da v\u00fccudun \u00e7e\u015fitli yerlerini \u0131s\u0131rabilir.<\/p>\n<p><strong>La\u011f\u0131m fareleri <\/strong>de di\u011fer fareler gibi ya\u015fam alanlar\u0131m\u0131za girip bizleri tedirgin edip \u00e7e\u015fitli zararlar vermektedir. Bu fareler la\u011f\u0131mlardan borular\u0131 ve duvarlar\u0131 delerek ortaya \u00e7\u0131kabilirler. La\u011f\u0131m fareleri insan ve hayvan yiyecekleri aras\u0131nda hemen hemen her g\u0131da malzemesini yerler.<\/p>\n<p><strong>La\u011f\u0131m faresi <\/strong>m\u00fccadelesi amat\u00f6r insanlar taraf\u0131ndan ve amat\u00f6r <strong>fare<\/strong> ila\u00e7lar\u0131yla m\u00fcmk\u00fcn de\u011fildir. \u00d6ncelikle profesyonel bir ila\u00e7lama \u015firketi taraf\u0131ndan ke\u015fif yap\u0131l\u0131p al\u0131nacak \u00f6nlemlerden sonra ila\u00e7lamas\u0131 yap\u0131lmal\u0131d\u0131r. <strong>La\u011f\u0131m fareleri<\/strong> ayn\u0131 zamanda \u00e7ok zeki bir hayvand\u0131r. Bunun i\u00e7in fiziksel y\u00f6ntem ve yap\u0131\u015fkan gibi y\u00f6ntemlerle yakalanmas\u0131 \u00e7ok zordur.<\/p>\n<p><strong>La\u011f\u0131m s\u0131\u00e7an\u0131 m\u00fccadelesi<\/strong><\/p>\n<p>La\u011f\u0131m s\u0131\u00e7an\u0131 m\u00fccadelesi di\u011fer fare m\u00fccadelelerine nazaran daha zordur. Kesinlikle uzman ki\u015filerce kontrol ve m\u00fccadelesi yap\u0131lmal\u0131d\u0131r. La\u011f\u0131m s\u0131\u00e7an\u0131 m\u00fccadelesinde ne kadar kimyasal y\u00f6ntemlerle taraf\u0131m\u0131zdan kontrol haline al\u0131nsa da i\u015fletme ve evlerde r\u00f6gar kapaklar\u0131n\u0131n kapal\u0131 tutulmas\u0131, eskimi\u015f gider borular\u0131n\u0131n tamiri de\u011fi\u015fimi, giri\u015f katlara ya da r\u00f6gara yak\u0131n ya\u015fam veya kullan\u0131m alanlar\u0131nda fiziksel m\u00fccadeleler daha etkilidir.<\/p>\n<p>R\u00f6garlara yak\u0131n alanlarda tuvalet klozetleri ve ta\u015flar\u0131n\u0131n da bazen de\u011fi\u015fmesi gerekebilir. Alaturka tuvaletler yerine alafranga klozetleri tercih edilmelidir. D\u00fcz ba\u011flant\u0131l\u0131 borular yerine i\u00e7erisinde su birikecek \u015fekilde olan s \u015feklinde borular tercih edilmelidir ki la\u011f\u0131m s\u0131\u00e7anlar\u0131 suyun i\u00e7inde belli bir s\u00fcre nefesini tutarak hareket ederler. Uzun s\u00fcre dayanamazlar. D\u00fcz borular kullan\u0131l\u0131r ise, i\u00e7inde su birikintisi ya da engel olmad\u0131\u011f\u0131 i\u00e7in rahatl\u0131kla tuvaletlerden kapal\u0131 alanlar\u0131m\u0131za, evlerimize girebilirler.<\/p>\n<p>La\u011f\u0131ms\u0131\u00e7an\u0131 hakk\u0131nda sizlere daha \u00e7ok bilgi verip, problemlerinizi de \u00e7\u00f6zmek isteriz. L\u00fctfen bize ula\u015farak la\u011f\u0131ms\u0131\u00e7an\u0131 zararl\u0131s\u0131 hakk\u0131nda daha fazla bilgi edininiz. Sizlere 7\/24 kaliteli ve h\u0131zl\u0131 hizmet vermekteyiz.<\/p>\n<p>&nbsp;<\/p>\n","protected":false},"excerpt":{"rendered":"<p>La\u011f\u0131ms\u0131\u00e7an\u0131 kemirgen s\u0131n\u0131f\u0131n\u0131n bir \u00fcyesidir. Boylar\u0131 25 cm ve 30 cm ye kadar ula\u015f\u0131r. La\u011f\u0131ms\u0131\u00e7an\u0131 ad\u0131ndan da anla\u015f\u0131ld\u0131\u011f\u0131 gibi la\u011f\u0131mlarda ya\u015farlar. La\u011f\u0131m \u00e7ukurlar\u0131, la\u011f\u0131mlara ba\u011flanan borular\u0131n i\u00e7erisinde yuvalan\u0131r ve \u00fcrerler. Bina ve i\u015fletmelerde gider pima\u015f borular\u0131n eskimesi, k\u0131r\u0131lmas\u0131 ya da a\u00e7\u0131lmas\u0131 sonucu ya\u015fam alanlar\u0131m\u0131za da girerler. Ya\u015fam alanlar\u0131m\u0131za giren la\u011f\u0131ms\u0131\u00e7anlar\u0131n\u0131 fark etmedi\u011fimde \u0131ss\u0131z sessiz alanlarda&#8230;<\/p>\n","protected":false},"author":1,"featured_media":0,"parent":0,"menu_order":0,"comment_status":"closed","ping_status":"closed","template":"","meta":{"_joinchat":[],"footnotes":""},"class_list":["post-8208","page","type-page","status-publish","hentry"],"_links":{"self":[{"href":"https:\/\/kocaeli.worldpest.com.tr\/index.php?rest_route=\/wp\/v2\/pages\/8208","targetHints":{"allow":["GET"]}}],"collection":[{"href":"https:\/\/kocaeli.worldpest.com.tr\/index.php?rest_route=\/wp\/v2\/pages"}],"about":[{"href":"https:\/\/kocaeli.worldpest.com.tr\/index.php?rest_route=\/wp\/v2\/types\/page"}],"author":[{"embeddable":true,"href":"https:\/\/kocaeli.worldpest.com.tr\/index.php?rest_route=\/wp\/v2\/users\/1"}],"replies":[{"embeddable":true,"href":"https:\/\/kocaeli.worldpest.com.tr\/index.php?rest_route=%2Fwp%2Fv2%2Fcomments&post=8208"}],"version-history":[{"count":1,"href":"https:\/\/kocaeli.worldpest.com.tr\/index.php?rest_route=\/wp\/v2\/pages\/8208\/revisions"}],"predecessor-version":[{"id":8209,"href":"https:\/\/kocaeli.worldpest.com.tr\/index.php?rest_route=\/wp\/v2\/pages\/8208\/revisions\/8209"}],"wp:attachment":[{"href":"https:\/\/kocaeli.worldpest.com.tr\/index.php?rest_route=%2Fwp%2Fv2%2Fmedia&parent=8208"}],"curies":[{"name":"wp","href":"https:\/\/api.w.org\/{rel}","templated":true}]}}