{"id":8210,"date":"2022-04-27T08:43:24","date_gmt":"2022-04-27T08:43:24","guid":{"rendered":"https:\/\/kocaeli.worldpest.com.tr\/?page_id=8210"},"modified":"2022-04-27T08:43:24","modified_gmt":"2022-04-27T08:43:24","slug":"lessinegi","status":"publish","type":"page","link":"https:\/\/kocaeli.worldpest.com.tr\/?page_id=8210","title":{"rendered":"Le\u015fsine\u011fi"},"content":{"rendered":"<p>Le\u015fsine\u011fi ad\u0131ndan da anla\u015f\u0131ld\u0131\u011f\u0131 gibi hayvan \u00f6l\u00fclerinin kurtlanmas\u0131 sonucu ortaya \u00e7\u0131kan lacivert renklerinde kocaman sineklerdir. Le\u015fler \u00fczerinde, le\u015flerden beslenirler. Le\u015f kuruyup kaybolduktan sonra le\u015f sinekleri pop\u00fclasyonu da kaybolur.<\/p>\n<p>Arazi alanlar\u0131nda ya\u011fmur ya\u011fmas\u0131 ile temizlendikten sonra alan sineklerden ar\u0131n\u0131r. Kapal\u0131 alanlarda ise le\u015f olan zemin temizlenip hijyeni sa\u011fland\u0131\u011f\u0131 zaman sinek art\u0131k \u00fcremez.<\/p>\n<p>Le\u015fsine\u011fi ila\u00e7lama\u00a0 uygulamas\u0131 \u015firketimiz uzmanlar\u0131 taraf\u0131ndan kontroll\u00fc bir \u015fekilde yap\u0131lmaktad\u0131r.<\/p>\n","protected":false},"excerpt":{"rendered":"<p>Le\u015fsine\u011fi ad\u0131ndan da anla\u015f\u0131ld\u0131\u011f\u0131 gibi hayvan \u00f6l\u00fclerinin kurtlanmas\u0131 sonucu ortaya \u00e7\u0131kan lacivert renklerinde kocaman sineklerdir. Le\u015fler \u00fczerinde, le\u015flerden beslenirler. Le\u015f kuruyup kaybolduktan sonra le\u015f sinekleri pop\u00fclasyonu da kaybolur. Arazi alanlar\u0131nda ya\u011fmur ya\u011fmas\u0131 ile temizlendikten sonra alan sineklerden ar\u0131n\u0131r. Kapal\u0131 alanlarda ise le\u015f olan zemin temizlenip hijyeni sa\u011fland\u0131\u011f\u0131 zaman sinek art\u0131k \u00fcremez. Le\u015fsine\u011fi ila\u00e7lama\u00a0 uygulamas\u0131 \u015firketimiz&#8230;<\/p>\n","protected":false},"author":1,"featured_media":0,"parent":0,"menu_order":0,"comment_status":"closed","ping_status":"closed","template":"","meta":{"_joinchat":[],"footnotes":""},"class_list":["post-8210","page","type-page","status-publish","hentry"],"_links":{"self":[{"href":"https:\/\/kocaeli.worldpest.com.tr\/index.php?rest_route=\/wp\/v2\/pages\/8210","targetHints":{"allow":["GET"]}}],"collection":[{"href":"https:\/\/kocaeli.worldpest.com.tr\/index.php?rest_route=\/wp\/v2\/pages"}],"about":[{"href":"https:\/\/kocaeli.worldpest.com.tr\/index.php?rest_route=\/wp\/v2\/types\/page"}],"author":[{"embeddable":true,"href":"https:\/\/kocaeli.worldpest.com.tr\/index.php?rest_route=\/wp\/v2\/users\/1"}],"replies":[{"embeddable":true,"href":"https:\/\/kocaeli.worldpest.com.tr\/index.php?rest_route=%2Fwp%2Fv2%2Fcomments&post=8210"}],"version-history":[{"count":1,"href":"https:\/\/kocaeli.worldpest.com.tr\/index.php?rest_route=\/wp\/v2\/pages\/8210\/revisions"}],"predecessor-version":[{"id":8211,"href":"https:\/\/kocaeli.worldpest.com.tr\/index.php?rest_route=\/wp\/v2\/pages\/8210\/revisions\/8211"}],"wp:attachment":[{"href":"https:\/\/kocaeli.worldpest.com.tr\/index.php?rest_route=%2Fwp%2Fv2%2Fmedia&parent=8210"}],"curies":[{"name":"wp","href":"https:\/\/api.w.org\/{rel}","templated":true}]}}