{"id":8212,"date":"2022-04-27T08:43:35","date_gmt":"2022-04-27T08:43:35","guid":{"rendered":"https:\/\/kocaeli.worldpest.com.tr\/?page_id=8212"},"modified":"2022-04-27T15:23:04","modified_gmt":"2022-04-27T15:23:04","slug":"meyvesinegi","status":"publish","type":"page","link":"https:\/\/kocaeli.worldpest.com.tr\/?page_id=8212","title":{"rendered":"Meyvesine\u011fi"},"content":{"rendered":"<p>Grup halinde dola\u015fan ve tatl\u0131 meyveler \u00fczerinde beslenen u\u00e7kun s\u0131n\u0131f\u0131na <strong>meyve sine\u011fi<\/strong> denir. Yaz aylar\u0131nda olgunla\u015fm\u0131\u015f meyveler ile beslenen ve bozulmu\u015f meyvelere \u00fczerine yumurta b\u0131rakan ergin di\u015filerin larvalar\u0131n olu\u015fum evrelerinde besin kayna\u011f\u0131na yak\u0131n olmas\u0131ndan dolay\u0131 h\u0131zl\u0131 bir geli\u015fim g\u00f6sterirler. \u00a0\u0130nce ve susam tanesi b\u00fcy\u00fckl\u00fc\u011f\u00fcne yak\u0131n boyuttad\u0131r.<\/p>\n<h2>Meyve sine\u011fi nerelerde bulunur<\/h2>\n<p><strong>Meyve sine\u011fi <\/strong>genellikle meyve ve sebze depolar\u0131nda uygun olmayan hava ko\u015fullar\u0131n\u0131n taze meyvelerin bozulmas\u0131 sonucunda kurtlanma gibi durumlar sonucunda larvalar\u0131n olu\u015fumu g\u00f6r\u00fcn\u00fcr hal almaktad\u0131r. Daha sonra meyve sine\u011fi m\u00fccadelesi al\u0131nmad\u0131\u011f\u0131ndan dolay\u0131 s\u0131cak hava ko\u015fullar\u0131n\u0131n sa\u011flam\u0131\u015f oldu\u011fu imkanlardan dolay\u0131 bu parazit hayat bularak h\u0131zl\u0131ca \u00e7evreye yay\u0131lmaktad\u0131r.<\/p>\n<h2>Meyve sine\u011fi ila\u00e7lama<\/h2>\n<p><strong>Meyve sine\u011fi ila\u00e7lama<\/strong> yap\u0131lmadan \u00f6nce mutfak, depo veya di\u011fer sat\u0131\u015f alanlar\u0131nda meyve kasalar\u0131n\u0131n g\u00f6zden ge\u00e7irilmesi gerekmektedir. Bozuk olan meyveler kasalardan ay\u0131klanarak naylon torbalara konularak a\u011f\u0131zlar\u0131 ba\u011fland\u0131ktan sonra \u00e7\u00f6pe at\u0131lmal\u0131d\u0131r. Geriye kalan temiz meyveler \u00fczerine branda ve naylon benzeri s\u0131v\u0131 ge\u00e7irmeyecek \u00f6rt\u00fclerle kapat\u0131lmal\u0131d\u0131r. Daha sonra uygun ila\u00e7lama ekipmanlar\u0131 ve sinek ila\u00e7lamas\u0131na y\u00f6nelik insektisit ile \u00fcr\u00fcnlerin bulundu\u011fu alan\u0131n tavan ve duvarlar\u0131 p\u00fcsk\u00fcrtme y\u00f6ntemi ile her yeri meyve sine\u011fi ila\u00e7lama gerekir daha sonras\u0131nda alan bir saat kadar a\u00e7\u0131k tutulan pencere ve kap\u0131lardan gelen hava ile kurumaya b\u0131rak\u0131l\u0131r. Bu \u00e7al\u0131\u015fmalar\u0131n akabinde meyve sine\u011fi ila\u00e7lama sonucunda sineklerden kurtulabilirsiniz.<\/p>\n<p>&nbsp;<\/p>\n","protected":false},"excerpt":{"rendered":"<p>Grup halinde dola\u015fan ve tatl\u0131 meyveler \u00fczerinde beslenen u\u00e7kun s\u0131n\u0131f\u0131na meyve sine\u011fi denir. Yaz aylar\u0131nda olgunla\u015fm\u0131\u015f meyveler ile beslenen ve bozulmu\u015f meyvelere \u00fczerine yumurta b\u0131rakan ergin di\u015filerin larvalar\u0131n olu\u015fum evrelerinde besin kayna\u011f\u0131na yak\u0131n olmas\u0131ndan dolay\u0131 h\u0131zl\u0131 bir geli\u015fim g\u00f6sterirler. \u00a0\u0130nce ve susam tanesi b\u00fcy\u00fckl\u00fc\u011f\u00fcne yak\u0131n boyuttad\u0131r. Meyve sine\u011fi nerelerde bulunur Meyve sine\u011fi genellikle meyve ve&#8230;<\/p>\n","protected":false},"author":1,"featured_media":0,"parent":0,"menu_order":0,"comment_status":"closed","ping_status":"closed","template":"","meta":{"_joinchat":[],"footnotes":""},"class_list":["post-8212","page","type-page","status-publish","hentry"],"_links":{"self":[{"href":"https:\/\/kocaeli.worldpest.com.tr\/index.php?rest_route=\/wp\/v2\/pages\/8212","targetHints":{"allow":["GET"]}}],"collection":[{"href":"https:\/\/kocaeli.worldpest.com.tr\/index.php?rest_route=\/wp\/v2\/pages"}],"about":[{"href":"https:\/\/kocaeli.worldpest.com.tr\/index.php?rest_route=\/wp\/v2\/types\/page"}],"author":[{"embeddable":true,"href":"https:\/\/kocaeli.worldpest.com.tr\/index.php?rest_route=\/wp\/v2\/users\/1"}],"replies":[{"embeddable":true,"href":"https:\/\/kocaeli.worldpest.com.tr\/index.php?rest_route=%2Fwp%2Fv2%2Fcomments&post=8212"}],"version-history":[{"count":2,"href":"https:\/\/kocaeli.worldpest.com.tr\/index.php?rest_route=\/wp\/v2\/pages\/8212\/revisions"}],"predecessor-version":[{"id":8371,"href":"https:\/\/kocaeli.worldpest.com.tr\/index.php?rest_route=\/wp\/v2\/pages\/8212\/revisions\/8371"}],"wp:attachment":[{"href":"https:\/\/kocaeli.worldpest.com.tr\/index.php?rest_route=%2Fwp%2Fv2%2Fmedia&parent=8212"}],"curies":[{"name":"wp","href":"https:\/\/api.w.org\/{rel}","templated":true}]}}