{"id":8214,"date":"2022-04-27T08:43:46","date_gmt":"2022-04-27T08:43:46","guid":{"rendered":"https:\/\/kocaeli.worldpest.com.tr\/?page_id=8214"},"modified":"2022-04-27T15:21:13","modified_gmt":"2022-04-27T15:21:13","slug":"orumcekler","status":"publish","type":"page","link":"https:\/\/kocaeli.worldpest.com.tr\/?page_id=8214","title":{"rendered":"\u00d6r\u00fcmcekler"},"content":{"rendered":"<p>\u00d6r\u00fcmcekler, eklembacakl\u0131lar familyas\u0131n\u0131n \u00fcyelerindendir. \u00d6r\u00fcmceklerin boylar\u0131, birka\u00e7 cm&#8217;den 35\u00a0cm&#8217;ye kadar de\u011fi\u015fiklik g\u00f6sterir. A\u011f\u0131zlar\u0131n\u0131n \u00f6n\u00fcnde iki zehir \u00e7engeli ve iki his aya\u011f\u0131 bulunur. Ayak yap\u0131lar\u0131 gere\u011fi a\u011flar\u0131na rahat\u00e7a tutunurlar. Ba\u015f k\u0131s\u0131mlar\u0131nda g\u00f6zleri bulunur. G\u00f6z say\u0131 ve yap\u0131lar\u0131na bak\u0131larak s\u0131n\u0131fland\u0131rma yap\u0131labilir. Yuvarlak olan kar\u0131n k\u0131sm\u0131 yumu\u015fak ve esnek olup, alt k\u0131sm\u0131nda solunum delikleri, ipek bezleri, an\u00fcs ve cinsiyet organlar\u0131 yer al\u0131r. Alt k\u0131s\u0131mdaki bu yap\u0131 sayesinde a\u011f salg\u0131s\u0131 olu\u015ftururlar.<\/p>\n<p>\u00d6r\u00fcmcekler, bir\u00e7ok co\u011frafi ve iklim \u015fartlar\u0131na uyum sa\u011flad\u0131\u011f\u0131ndan d\u00fcnyan\u0131n her yerinde \u00e7ok fazla cinste bulunurlar. Bir\u00e7o\u011fu a\u011f\u0131 \u00e7evresinde ya\u015fasa da baz\u0131 \u00f6r\u00fcmcek cinsleri a\u011flar\u0131n\u0131n d\u0131\u015f\u0131nda da ya\u015fad\u0131klar\u0131 g\u00f6zlenmi\u015ftir.<\/p>\n<p>\u00d6r\u00fcmcek zararl\u0131lar\u0131 etobur canl\u0131lard\u0131r. Ekosistemde geni\u015f rol oynarlar. Zehirli ve zehirsiz \u00e7e\u015fitleri vard\u0131r. Genel olarak \u00f6r\u00fcmcekler b\u00f6ceklerle beslenirler. Baz\u0131 t\u00fcrlerin daha b\u00fcy\u00fck canl\u0131lar\u0131 da avlad\u0131klar\u0131 g\u00f6r\u00fclm\u00fc\u015ft\u00fcr. V\u00fccutlar\u0131n\u0131n sa\u011flad\u0131\u011f\u0131 zehir sayesinde av\u0131n\u0131 fel\u00e7 ederek etkisiz hale getirir.<\/p>\n<p>\u00d6r\u00fcmcekler 8 adet bacak yap\u0131s\u0131na sahiptir. D\u0131\u015f g\u00f6r\u00fcn\u00fc\u015f\u00fcnde bacaktan olu\u015fmu\u015f hali his duyular\u0131n\u0131n da bacaklarda oldu\u011funu g\u00f6sterir. \u00d6r\u00fcmcekler kanatl\u0131 de\u011fillerdir. U\u00e7ma \u00f6zellikleri yoktur.<\/p>\n<p>Evlerde ve i\u015fletmelerde de s\u0131k s\u0131k kar\u015f\u0131la\u015f\u0131lan \u00f6r\u00fcmcekler, akreplerden sonra en zehirli zararl\u0131 cinsidir. \u00dclkemizde zehirli cinslerine \u00e7ok rastlanmamakla birlikte yine de zehirli \u00f6r\u00fcmceklerin oldu\u011funa s\u0131k\u00e7a rastanm\u0131\u015ft\u0131r.<\/p>\n<h2><strong>\u00d6r\u00fcmcek m\u00fccadelesi nas\u0131l yap\u0131l\u0131r?<\/strong><\/h2>\n<p>\u00d6r\u00fcmcek ile m\u00fccadele y\u00f6ntemi ise tamamen uzmanl\u0131k gerektiren bir i\u015ftir. \u00d6r\u00fcmcek ila\u00e7lama \u015firketi olarak sizlere yard\u0131mc\u0131 olabiliriz. Uygulamalar\u0131m\u0131za \u015firketimiz taraf\u0131ndan garanti verilmektedir. L\u00fctfen uzman ile g\u00f6r\u00fc\u015fme sa\u011flay\u0131n\u0131z.<\/p>\n","protected":false},"excerpt":{"rendered":"<p>\u00d6r\u00fcmcekler, eklembacakl\u0131lar familyas\u0131n\u0131n \u00fcyelerindendir. \u00d6r\u00fcmceklerin boylar\u0131, birka\u00e7 cm&#8217;den 35\u00a0cm&#8217;ye kadar de\u011fi\u015fiklik g\u00f6sterir. A\u011f\u0131zlar\u0131n\u0131n \u00f6n\u00fcnde iki zehir \u00e7engeli ve iki his aya\u011f\u0131 bulunur. Ayak yap\u0131lar\u0131 gere\u011fi a\u011flar\u0131na rahat\u00e7a tutunurlar. Ba\u015f k\u0131s\u0131mlar\u0131nda g\u00f6zleri bulunur. G\u00f6z say\u0131 ve yap\u0131lar\u0131na bak\u0131larak s\u0131n\u0131fland\u0131rma yap\u0131labilir. Yuvarlak olan kar\u0131n k\u0131sm\u0131 yumu\u015fak ve esnek olup, alt k\u0131sm\u0131nda solunum delikleri, ipek bezleri, an\u00fcs ve&#8230;<\/p>\n","protected":false},"author":1,"featured_media":0,"parent":0,"menu_order":0,"comment_status":"closed","ping_status":"closed","template":"","meta":{"_joinchat":[],"footnotes":""},"class_list":["post-8214","page","type-page","status-publish","hentry"],"_links":{"self":[{"href":"https:\/\/kocaeli.worldpest.com.tr\/index.php?rest_route=\/wp\/v2\/pages\/8214","targetHints":{"allow":["GET"]}}],"collection":[{"href":"https:\/\/kocaeli.worldpest.com.tr\/index.php?rest_route=\/wp\/v2\/pages"}],"about":[{"href":"https:\/\/kocaeli.worldpest.com.tr\/index.php?rest_route=\/wp\/v2\/types\/page"}],"author":[{"embeddable":true,"href":"https:\/\/kocaeli.worldpest.com.tr\/index.php?rest_route=\/wp\/v2\/users\/1"}],"replies":[{"embeddable":true,"href":"https:\/\/kocaeli.worldpest.com.tr\/index.php?rest_route=%2Fwp%2Fv2%2Fcomments&post=8214"}],"version-history":[{"count":2,"href":"https:\/\/kocaeli.worldpest.com.tr\/index.php?rest_route=\/wp\/v2\/pages\/8214\/revisions"}],"predecessor-version":[{"id":8364,"href":"https:\/\/kocaeli.worldpest.com.tr\/index.php?rest_route=\/wp\/v2\/pages\/8214\/revisions\/8364"}],"wp:attachment":[{"href":"https:\/\/kocaeli.worldpest.com.tr\/index.php?rest_route=%2Fwp%2Fv2%2Fmedia&parent=8214"}],"curies":[{"name":"wp","href":"https:\/\/api.w.org\/{rel}","templated":true}]}}