{"id":8216,"date":"2022-04-27T08:43:59","date_gmt":"2022-04-27T08:43:59","guid":{"rendered":"https:\/\/kocaeli.worldpest.com.tr\/?page_id=8216"},"modified":"2022-04-27T15:20:23","modified_gmt":"2022-04-27T15:20:23","slug":"pire","status":"publish","type":"page","link":"https:\/\/kocaeli.worldpest.com.tr\/?page_id=8216","title":{"rendered":"Pire"},"content":{"rendered":"<h2>Pire \u0130la\u00e7lama<\/h2>\n<p>Pire canl\u0131lar \u00fczerinde ya\u015fayan bir asalak t\u00fcr\u00fcd\u00fcr. Boylar\u0131 2 ile 8 mm aras\u0131nda de\u011fi\u015fiklik g\u00f6stermektedir. Siyah veya kahve renkli,2 \u00f6n 4 arka olmak \u00fczere toplam 6 baca\u011fa sahiptirler. Bir yerden ba\u015fka bir yere ge\u00e7i\u015f yapacakken genellikle s\u0131\u00e7rayarak giderler. Yakla\u015f\u0131k bir metre y\u00fckselerek bir o kadar da ileriye u\u00e7abilirler. Pire \u0130la\u00e7lama: Bu canl\u0131lar sahip olduklar\u0131 yayl\u0131 bacak yap\u0131lar\u0131ndan kaynaklan\u0131r. Tozlu, y\u00fcnl\u00fc ve t\u00fcyl\u00fc alanlar ise bar\u0131nma ve ya\u015fam alanlar\u0131d\u0131r. \u00dcst\u00fcnde ya\u015fad\u0131klar\u0131 canl\u0131 isimleri ile nitelendirilirler; Kedi piresi, k\u00f6pek piresi, s\u0131\u00e7an piresi. Di\u011fer b\u00f6cekler gibi yumurta ile \u00e7o\u011fal\u0131rlar. Evde; hal\u0131, yatak, duvar kilimleri gibi bir\u00e7ok yere yumurtalar\u0131n\u0131 b\u0131rak\u0131rlar. S\u0131cak ortamlar\u0131 severler bu y\u00fczden t\u00fcyl\u00fc ve y\u00fcnl\u00fc canl\u0131lar \u00fczerinde ya\u015famay\u0131 tercih etmi\u015flerdir. Beslenme \u015fekilleri kan emerek ger\u00e7ekle\u015fir. Evcil hayvanlar\u0131n pire ila\u00e7lama bak\u0131mlar\u0131 d\u00fczenli yap\u0131lm\u0131yorsa hemen pirelenerek ya\u015fam alan\u0131m\u0131za ve oradan da bize ge\u00e7mesi ka\u00e7\u0131n\u0131lmazd\u0131r.<\/p>\n<h2>Pire ila\u00e7lama ve \u00f6nemi<\/h2>\n<p><strong>Pire ila\u00e7lama ve \u00f6nemi<\/strong>: Pire h\u0131zl\u0131 ve k\u00fc\u00e7\u00fck oldu\u011fundan dolay\u0131 neredeyse g\u00f6r\u00fcnmezdir. Bu durum da el ve ayak bileklerinde ve v\u00fccudun \u00e7e\u015fitli b\u00f6lgelerinde yanma, ka\u015f\u0131nt\u0131, k\u0131zarma oluyorsa bu pirenin oldu\u011funa dair i\u015farettir. Belirtilerini marketimizde ve pire ila\u00e7lama ile \u00f6nlem almazsak pire taraf\u0131ndan \u0131s\u0131r\u0131ld\u0131\u011f\u0131m\u0131zda, \u00f6l\u00fcmc\u00fcl hastal\u0131klar\u0131n do\u011frudan kan\u0131m\u0131za ge\u00e7mesine maruz kalabiliriz. Olabilecek en tehlikeli hastal\u0131klardan baz\u0131lar\u0131 \u015funlard\u0131r; S\u0131tma, tifo, tif\u00fcs, hepatit, humma gibi\u2026<\/p>\n<h2>Pire ila\u00e7lama ve \u00e7\u00f6z\u00fcm<\/h2>\n<p><strong>Pirelerden kurtulmak i\u00e7in<\/strong> \u00f6ncelikle evcil hayvanlar\u0131m\u0131za veteriner kontrol\u00fcnde pire tasmas\u0131 ve a\u015f\u0131 yapt\u0131rmal\u0131, daha sonra da evimize <strong>pire ila\u00e7lama hizmeti<\/strong> veren \u015firketlerden pire ila\u00e7lama hizmeti almal\u0131y\u0131z. Ancak \u015funu unutmam\u0131z gerekmektedir; <strong>pire ila\u00e7lama<\/strong>, di\u011fer b\u00f6cek ila\u00e7lamas\u0131na k\u0131yasla daha zor ve tehlikelidir. Bunu ancak Sa\u011fl\u0131k Bakanl\u0131\u011f\u0131 onayl\u0131 ve profesyonel bir <strong>pire ila\u00e7lama<\/strong> firmas\u0131ndan yard\u0131m\u0131 ile ger\u00e7ekle\u015ftirebiliriz. Bu durumda evcil hayvanlar\u0131m\u0131z\u0131n hepsini alarak evin d\u0131\u015f\u0131na \u00e7\u0131kmal\u0131s\u0131n\u0131z. Yard\u0131m ald\u0131\u011f\u0131m\u0131z pire ila\u00e7lama firmas\u0131ndan gelen uzman personel \u00f6ncelikle ke\u015fif yaparak, sonra da yeterli dozda ila\u00e7 haz\u0131rlayarak \u00f6zel kost\u00fcm\u00fcyle evinize ba\u015ftan sona yo\u011fun ila\u00e7 uygulad\u0131ktan sonra, yakla\u015f\u0131k birka\u00e7 saat kapal\u0131 kalmas\u0131n\u0131 isteyecektir. Bu zaman bitiminde evinize genel bir temizlikten sonra yerle\u015febilirsiniz. Bu konuda detayl\u0131 bilgi ve \u00fccretsiz ke\u015fif i\u00e7in l\u00fctfen <a href=\"http:\/\/www.worldbocekilaclama.com\/iletisim\/\">ileti\u015fim b\u00f6l\u00fcm\u00fcnde<\/a> 7\/24 saat uzman personel ekibimizle irtibata ge\u00e7iniz.<\/p>\n<h2>Pire ila\u00e7lama Hakk\u0131nda Daha Fazla Bilgi Edinin<\/h2>\n<p>\u00d6zellikle yaz aylar\u0131nda kedi ve k\u00f6peklerin do\u011fum yapmas\u0131 ve hastalanmas\u0131 sonucu \u00fcstlerinde ya\u015fayan pireleri d\u0131\u015f alanlara atmaktad\u0131r. Kedi ve k\u00f6peklerin v\u00fccudundan\u00a0pireleri atmas\u0131 ile birlikte ya\u015fam alanlar\u0131m\u0131zda pirelerin z\u0131plad\u0131klar\u0131n\u0131 g\u00f6rmeye ba\u015flar\u0131z.<\/p>\n<p><strong>Pireler<\/strong> insan v\u00fccudu \u00fczerinde ya\u015famaz fakat insanlar\u0131n v\u00fccutlar\u0131n\u0131 \u0131s\u0131r\u0131r ve kan emerler. Bu durum bizler i\u00e7in son derece zor bir sorun haline gelir. Evlerde, i\u015f yerlerinde, apartmanlarda, bah\u00e7elerde k\u0131saca kedi k\u00f6pek olan her yerde pire problemi ya\u015fanabilir. \u00c7ok h\u0131zl\u0131 bir \u015fekilde \u00fcredikleri ve say\u0131lar\u0131n\u0131n olduk\u00e7a fazla oldu\u011fu \u00e7ok kolay fark edilir.<\/p>\n<p><strong>Pireler<\/strong> genel olarak tozlu alanlarda daha \u00e7ok ya\u015farlar. Binalar\u0131n bah\u00e7eleri bodrum katlar\u0131 otoparklar\u0131 gibi alanlardan evlerimize kadar ta\u015f\u0131n\u0131rlar. Evde ya\u015fayan aile bireylerini \u0131s\u0131rmaya ve ka\u015f\u0131nd\u0131rmaya ba\u015flarlar. \u0130lk \u00f6nce pire ile m\u00fccadeleyi kendi ba\u015f\u0131m\u0131za amat\u00f6r ila\u00e7lar ve amat\u00f6r ila\u00e7lamalarla yapmaya ba\u015flar\u0131z. Her yol denenir ve sonu\u00e7 al\u0131namaz. \u00c7\u00fcnk\u00fc pire ile m\u00fccadele olduk\u00e7a zor bir ha\u015fere m\u00fccadele \u015feklidir. Pirelerin biyolojisine uygun insektisit ve olu\u015fumunu \u00f6nleyici ila\u00e7lar kullan\u0131lmas\u0131 gerekir. Bu durum ise profesyonellik gerektiren bir i\u015flemdir.<\/p>\n<p>\u015eirketimiz taraf\u0131ndan pire ila\u00e7lamas\u0131 profesyonel olarak yap\u0131lmaktad\u0131r. Genel olarak bayer marka \u00fcr\u00fcnler kullan\u0131l\u0131r. \u00c7ok tozlu alanlar haricinde bu ila\u00e7lamalarda tek seferde bitirme garantisi verilmektedir. Bu garanti \u015fartlar\u0131 alan\u0131n zemini g\u00f6re de\u011fi\u015fiklik g\u00f6sterebilir.<\/p>\n<p><strong>Pire ila\u00e7lama<\/strong> da kulland\u0131\u011f\u0131m\u0131z \u00fcr\u00fcnler ruhsatl\u0131 olup ev tipi ila\u00e7lard\u0131r. Eskiden kullan\u0131lan kokulu tar\u0131m ila\u00e7lar\u0131 de\u011fildir. Bu sebeple evden veya bulundu\u011fumuz alanlardan g\u00fcnlerce \u00e7\u0131kmam\u0131za gerek yoktur.<strong> Pire ila\u00e7lar\u0131nda<\/strong> \u00e7ok toksin oldu\u011fundan 2 saat kapal\u0131 alanlardan \u00e7\u0131k\u0131lmas\u0131 yeterlidir.<\/p>\n<p>Detayl\u0131 bilgi ve merak etti\u011finiz di\u011fer konular\u0131 7\/24 \u00e7a\u011fr\u0131 merkezimizdeki uzman arkada\u015flar\u0131m\u0131zdan \u00f6\u011frenebilirsiniz.<\/p>\n<p>&nbsp;<\/p>\n<p>Mevsim yaz \u00e7evrenizde kedi veya k\u00f6pekler varsa bilmelisiniz ki pireler ile kar\u015f\u0131la\u015fman\u0131z an meselesidir bunun en b\u00fcy\u00fck sebebi bu hayvanlar\u0131n do\u011fumlar\u0131ndan sonra olu\u015fan parazitlerdir. Olu\u015fan <strong>kedi piresi<\/strong> ve k\u00f6pek piresi tamamen kan ile beslenirler boylar\u0131 1 ile 3 milimetre b\u00fcy\u00fckl\u00fcktedir. Yumurtlama y\u00f6ntemi ile \u00e7o\u011fal\u0131rlar ve bunun m\u00fccadelesi olduk\u00e7a zordur. \u015eimdi a\u015fa\u011f\u0131da <strong>pire ila\u00e7lama y\u00f6ntemleri<\/strong> ile ilgili birtak\u0131m a\u00e7\u0131klamalarda bulunaca\u011f\u0131z<\/p>\n<h2>Pire ila\u00e7lama nas\u0131l yap\u0131l\u0131r<\/h2>\n<p>Bu alanda birka\u00e7 \u00e7e\u015fit ila\u00e7lama y\u00f6ntemi olmas\u0131na ra\u011fmen en s\u0131k kulland\u0131\u011f\u0131m\u0131z ve tercih etmi\u015f oldu\u011fumuz <strong>ila\u00e7lama y\u00f6ntemi<\/strong> toz halindeki gran\u00fcl ilac\u0131 su ile kar\u0131\u015ft\u0131rarak ila\u00e7lama pompas\u0131 yard\u0131m\u0131yla,<strong> pire<\/strong> aktivitesinin oldu\u011fu alanlara ve yak\u0131n \u00e7evresine kuru hi\u00e7bir yer kalmayacak \u015fekilde yo\u011fun p\u00fcsk\u00fcrtme yaparak zeminin \u0131slanmas\u0131na kadar bu i\u015flemi devam ederek uygulamay\u0131 tamamlamak gerekir. Ancak burada dikkat edilmesi gereken en \u00f6nemli fakt\u00f6rler i\u00e7erisinde ila\u00e7lama yapmadan \u00f6nce almam\u0131z gereken birtak\u0131m \u00f6nlemler vard\u0131r Birincisi i\u015f g\u00fcvenli\u011fi ve sa\u011fl\u0131\u011f\u0131 yani uygulama yapacak teknisyen veya \u015fah\u0131s \u00d6ncelikle profesyonel bir maske kullanmak zorundad\u0131r bunun yan\u0131 s\u0131ra eldiven, \u00e7izme ve g\u00f6zl\u00fck ayr\u0131ca tulum giymesinde de olduk\u00e7a fayda vard\u0131r.<\/p>\n<h2>Evde Pire \u0130la\u00e7lamas\u0131<\/h2>\n<p>Bunlar tamamland\u0131ktan sonra varsayal\u0131m ki ev ila\u00e7lamas\u0131 yapaca\u011f\u0131z: Evdeki b\u00fct\u00fcn canl\u0131lar d\u0131\u015far\u0131 \u00e7\u0131kar\u0131larak ve evdeki hi\u00e7bir \u015feye dokunmadan yani hal\u0131 kilim vesaire yerden kald\u0131r\u0131lmadan sadece g\u0131da malzemelerini ortadan kald\u0131rd\u0131ktan sonra \u00e7al\u0131\u015fmaya ba\u015flayabiliriz. \u0130la\u00e7lama i\u015fleminden sonra alan kapal\u0131 tutularak en az 2 saat girilmemesi gerekmektedir bu i\u015flemin sonucunda eve girerek camlar a\u00e7\u0131l\u0131r, h\u0131zl\u0131ca d\u0131\u015far\u0131 \u00e7\u0131karak ve 20 dakika havalanmas\u0131 beklendikten sonra tekrardan i\u00e7eri girerek hal\u0131 kilim vesaire toparlan\u0131p y\u0131kamaya g\u00f6nderilmelidir. Peki bundan sonra pireler tamam\u0131yla biter mi ? Pireler yumurtlama y\u00f6ntemi ile \u00e7o\u011fu ald\u0131klar\u0131 i\u00e7in maalesef yumurta da b\u0131rakabilirler ve bu yakla\u015f\u0131k iki hafta sonra tekrardan bir pire aktivitesinin olu\u015fmas\u0131na neden olur veya tek seferde bu sorun \u00e7\u00f6z\u00fclm\u00fc\u015f olabilir. E\u011fer devam ederse daha \u00f6nce bahsetti\u011fimiz \u015fekilde bir uygulama daha gerekebilir ve bunun sonucunda pirelerden tamam\u0131yla ar\u0131nm\u0131\u015f olursunuz unutmadan s\u00f6yleyelim kedi ve k\u00f6peklerden uzak durman\u0131z\u0131 tavsiye ederiz e\u011fer evcil hayvanlar\u0131n\u0131z\u0131n varsa bunlardan veteriner kontrol\u00fcnden ge\u00e7irerek parazit taramas\u0131 yapt\u0131ktan sonra pire tasmas\u0131 takt\u0131rman\u0131n gerekmektedir<\/p>\n<h2>Garantili Pire \u0130la\u00e7lama<\/h2>\n<p><strong>Pire ila\u00e7lamas\u0131<\/strong> konu hakk\u0131nda detayl\u0131 bilgileri isteyen uzman i\u015fidir daha \u00f6nceki kar\u015f\u0131la\u015ft\u0131\u011f\u0131m\u0131z sorunlar\u0131n ba\u015f\u0131nda m\u00fc\u015fterilerimizin bu konuda bir\u00e7ok defa tehlikeli s\u00fcre\u00e7ler atlat\u0131p ve ba\u015far\u0131s\u0131z olduklar\u0131n\u0131 tecr\u00fcbe etmi\u015f bulunmaktay\u0131z bu ila\u00e7laman\u0131n en avantajl\u0131s\u0131 ve en g\u00fcvenli yolu garantili pire ila\u00e7lama \u015firketleri ile \u00e7al\u0131\u015fman\u0131z\u0131 tavsiye ederiz<\/p>\n<p>&nbsp;<\/p>\n<p>&nbsp;<\/p>\n","protected":false},"excerpt":{"rendered":"<p>Pire \u0130la\u00e7lama Pire canl\u0131lar \u00fczerinde ya\u015fayan bir asalak t\u00fcr\u00fcd\u00fcr. Boylar\u0131 2 ile 8 mm aras\u0131nda de\u011fi\u015fiklik g\u00f6stermektedir. Siyah veya kahve renkli,2 \u00f6n 4 arka olmak \u00fczere toplam 6 baca\u011fa sahiptirler. Bir yerden ba\u015fka bir yere ge\u00e7i\u015f yapacakken genellikle s\u0131\u00e7rayarak giderler. Yakla\u015f\u0131k bir metre y\u00fckselerek bir o kadar da ileriye u\u00e7abilirler. Pire \u0130la\u00e7lama: Bu canl\u0131lar sahip&#8230;<\/p>\n","protected":false},"author":1,"featured_media":0,"parent":0,"menu_order":0,"comment_status":"closed","ping_status":"closed","template":"","meta":{"_joinchat":[],"footnotes":""},"class_list":["post-8216","page","type-page","status-publish","hentry"],"_links":{"self":[{"href":"https:\/\/kocaeli.worldpest.com.tr\/index.php?rest_route=\/wp\/v2\/pages\/8216","targetHints":{"allow":["GET"]}}],"collection":[{"href":"https:\/\/kocaeli.worldpest.com.tr\/index.php?rest_route=\/wp\/v2\/pages"}],"about":[{"href":"https:\/\/kocaeli.worldpest.com.tr\/index.php?rest_route=\/wp\/v2\/types\/page"}],"author":[{"embeddable":true,"href":"https:\/\/kocaeli.worldpest.com.tr\/index.php?rest_route=\/wp\/v2\/users\/1"}],"replies":[{"embeddable":true,"href":"https:\/\/kocaeli.worldpest.com.tr\/index.php?rest_route=%2Fwp%2Fv2%2Fcomments&post=8216"}],"version-history":[{"count":2,"href":"https:\/\/kocaeli.worldpest.com.tr\/index.php?rest_route=\/wp\/v2\/pages\/8216\/revisions"}],"predecessor-version":[{"id":8360,"href":"https:\/\/kocaeli.worldpest.com.tr\/index.php?rest_route=\/wp\/v2\/pages\/8216\/revisions\/8360"}],"wp:attachment":[{"href":"https:\/\/kocaeli.worldpest.com.tr\/index.php?rest_route=%2Fwp%2Fv2%2Fmedia&parent=8216"}],"curies":[{"name":"wp","href":"https:\/\/api.w.org\/{rel}","templated":true}]}}