{"id":8218,"date":"2022-04-27T08:44:09","date_gmt":"2022-04-27T08:44:09","guid":{"rendered":"https:\/\/kocaeli.worldpest.com.tr\/?page_id=8218"},"modified":"2022-04-27T15:22:33","modified_gmt":"2022-04-27T15:22:33","slug":"sivrisinek","status":"publish","type":"page","link":"https:\/\/kocaeli.worldpest.com.tr\/?page_id=8218","title":{"rendered":"Sivrisinek"},"content":{"rendered":"<p>Sivrisinekler; durgun sular (g\u00f6letler, k\u00fc\u00e7\u00fck kaplardaki sular, batakl\u0131klar ve nemli topraklarda) ya\u015far ve \u00fcrerler. Sivrisinekler\u00a0yumurtalar\u0131n\u0131 bu alanlara b\u0131rakarak kulu\u00e7ka d\u00f6neminin olu\u015fmas\u0131n\u0131 beklerler. \u0130lkbahar -yaz aylar\u0131nda g\u00f6r\u00fclmektedirler. D\u00f6rt evreden ge\u00e7erler; yumurta, larva, pupa ve eri\u015fkin hal. B\u00fcy\u00fck \u00e7o\u011funlu\u011fu kan emerek beslenir ancak, sivrisinek kan emmeyen t\u00fcr\u00fc de bulunmaktad\u0131r. Kan emiciler sadece di\u015filerdir ve kan emen her sivrisinek de yumurtlama d\u00f6nemi olu\u015fmaktad\u0131r. Yaz aylar\u0131nda <strong>sivrisinek ila\u00e7lama<\/strong> yap\u0131lmas\u0131 ka\u00e7\u0131n\u0131lmaz bir \u00f6nlemdir. \u00d6zellikle sabah\u0131n erken vakti ve ak\u015fam saatlerinde sivrisinek ila\u00e7lama yap\u0131ld\u0131\u011f\u0131nda \u00e7evrede sivrisinek say\u0131s\u0131nda b\u00fcy\u00fck azalman\u0131n oldu\u011funu g\u00f6receksiniz.<\/p>\n<h2>Sivrisinek \u0130la\u00e7lamas\u0131\u00a0Nas\u0131l Yap\u0131l\u0131r<\/h2>\n<p>Sitemizde okuyaca\u011f\u0131n\u0131z bu makalede <strong>sivrisinek ila\u00e7lamas\u0131 nas\u0131l yap\u0131l\u0131r<\/strong> sorusuna yeterli cevaplar mevcuttur. \u0130lk Ba\u015fta elimizde olan s\u0131v\u0131 veya gran\u00fcl halindeki <strong>sivrisinek ilac\u0131<\/strong> \u00fcr\u00fcn \u00fczerinde belirtilen uygulama miktar\u0131n\u0131 ila\u00e7lama pompas\u0131na bo\u015faltarak istenilen \u00f6l\u00e7ekte su ilave edilmelidir. E\u011fer \u00fcr\u00fcn a\u00e7\u0131klamas\u0131nda bu a\u00e7\u0131klama yazm\u0131yor ise; 5 litrelik bir pompaya s\u0131v\u0131 ila\u00e7 i\u00e7in 0,25 ml ila\u00e7 koyulmal\u0131d\u0131r. E\u011fer gran\u00fcl (toz) ila\u00e7 ise 5 litrelik ila\u00e7lama pompas\u0131na 100 gram ila\u00e7 konulduktan sonra so\u011fuk \u00e7e\u015fme suyu ilave edilir. Su doldurulan ila\u00e7lama pompas\u0131 tam doldurulmadan ilac\u0131n \u00e7alkalanmas\u0131 i\u00e7in bo\u015fluk b\u0131rak\u0131lmal\u0131d\u0131r. \u0130la\u00e7 en az 2 dakika \u00e7alkalanmal\u0131d\u0131r. G\u0131da \u00fcr\u00fcnlerine s\u0131kmamaya dikkat edilmelidir. Evdeki t\u00fcm canl\u0131lar d\u0131\u015far\u0131 \u00e7\u0131kar\u0131lmal\u0131d\u0131r. Daha sonra haz\u0131r olan ila\u00e7 p\u00fcsk\u00fcrtme ba\u015fl\u0131\u011f\u0131 ile t\u00fcm alan \u0131slat\u0131lmal\u0131. B\u00f6ylece<strong>\u00a0<\/strong>sivrisinek ila\u00e7lamas\u0131<strong>\u00a0<\/strong>hakk\u0131nda sizde fikir sahibisiniz.<\/p>\n<h2>Sivrisinek \u0130la\u00e7lama Y\u00f6ntemleri<\/h2>\n<p>Konu ba\u015fl\u0131\u011f\u0131nda da belirtildi\u011fi gibi bilinmelidir ki <strong>sivrisinek ila\u00e7lama y\u00f6ntemleri<\/strong> ila\u00e7laman\u0131n alt\u0131n kurallar\u0131ndand\u0131r.\u00a0Sivrisinek ila\u00e7lama y\u00f6ntemleri yapmakla beraber fiziki \u00f6nlemlerinde al\u0131nmas\u0131 en \u00f6nemli m\u00fccadele \u015feklidir.<\/p>\n<h2>Nedir bu fiziki \u00f6nlemler :<\/h2>\n<ul>\n<li>Batakl\u0131k alanlar\u0131n olabildi\u011fince kurutulmas\u0131 gerekmektedir.<\/li>\n<\/ul>\n<ul>\n<li>G\u00f6letlerin oldu\u011fu alanlarda ise evlerin veya i\u015f yerlerinin pencere ve kap\u0131lar\u0131n\u0131 g\u00f6zenekleri s\u0131k ve montaj\u0131 s\u0131k\u0131 yap\u0131lm\u0131\u015f sineklikler kullan\u0131lmal\u0131d\u0131r.<\/li>\n<li>G\u00f6letlere sineklerin \u00fcremelerini engelleyecek larvasitler s\u0131k\u0131lmal\u0131d\u0131r<\/li>\n<li>Sivrisinek ila\u00e7lamas\u0131 yap\u0131laca\u011f\u0131 g\u00fcn\u00fcn zaman dilimleri g\u00fcne\u015f \u0131\u015f\u0131n\u0131n\u0131n oldu\u011fu zamanlar\u0131n d\u0131\u015f\u0131nda olmal\u0131d\u0131r.<\/li>\n<li>Sivrisinek ila\u00e7lama yap\u0131lmadan hava durumunun bir g\u00fcn sonras\u0131na kadar ya\u011fmurlu olmad\u0131\u011f\u0131na emin olunmal\u0131d\u0131r<\/li>\n<li>R\u00fczg\u00e2r\u0131n h\u0131z\u0131 ve y\u00f6n\u00fc hesaba kat\u0131lmal\u0131d\u0131r. A\u015f\u0131r\u0131 r\u00fczgarl\u0131 havada sivrisinek ila\u00e7lamas\u0131 yap\u0131lamaz.<\/li>\n<li>Sivrisinek ila\u00e7lamas\u0131 bah\u00e7e ve d\u0131\u015f alanlara yaz aylar\u0131nda haftada 2 defa yap\u0131l\u0131rsa olduk\u00e7a fayda sa\u011flayacakt\u0131r.<\/li>\n<\/ul>\n<h2>Sivrisinek larvasit Uygulamas\u0131<\/h2>\n<p><strong>Sivrisinek larvasit ila\u00e7lama<\/strong>\u00a0yapabilmek i\u00e7in yeterli bilgi birikimi ve do\u011fru olan insektistle birlikte \u00fcreme alanlar\u0131na larva sit uygulayarak geride kalanlar\u0131n olu\u015fum s\u00fcre\u00e7lerini ortadan kald\u0131rabilmek i\u00e7in bilirki\u015filer taraf\u0131ndan minimum de\u011ferler i\u00e7erisinde metrekare alana sarf edilen miktar ve ila\u00e7 haz\u0131rlama dozaj\u0131 do\u011fru ayarlanarak uygulama sivrisinek larvasit ila\u00e7lama yap\u0131lmal\u0131d\u0131r. Sivrineklerden korunmak i\u00e7in bizlerden \u00fccretsiz bilgi alabilirsiniz.<\/p>\n","protected":false},"excerpt":{"rendered":"<p>Sivrisinekler; durgun sular (g\u00f6letler, k\u00fc\u00e7\u00fck kaplardaki sular, batakl\u0131klar ve nemli topraklarda) ya\u015far ve \u00fcrerler. Sivrisinekler\u00a0yumurtalar\u0131n\u0131 bu alanlara b\u0131rakarak kulu\u00e7ka d\u00f6neminin olu\u015fmas\u0131n\u0131 beklerler. \u0130lkbahar -yaz aylar\u0131nda g\u00f6r\u00fclmektedirler. D\u00f6rt evreden ge\u00e7erler; yumurta, larva, pupa ve eri\u015fkin hal. B\u00fcy\u00fck \u00e7o\u011funlu\u011fu kan emerek beslenir ancak, sivrisinek kan emmeyen t\u00fcr\u00fc de bulunmaktad\u0131r. Kan emiciler sadece di\u015filerdir ve kan emen her&#8230;<\/p>\n","protected":false},"author":1,"featured_media":0,"parent":0,"menu_order":0,"comment_status":"closed","ping_status":"closed","template":"","meta":{"_joinchat":[],"footnotes":""},"class_list":["post-8218","page","type-page","status-publish","hentry"],"_links":{"self":[{"href":"https:\/\/kocaeli.worldpest.com.tr\/index.php?rest_route=\/wp\/v2\/pages\/8218","targetHints":{"allow":["GET"]}}],"collection":[{"href":"https:\/\/kocaeli.worldpest.com.tr\/index.php?rest_route=\/wp\/v2\/pages"}],"about":[{"href":"https:\/\/kocaeli.worldpest.com.tr\/index.php?rest_route=\/wp\/v2\/types\/page"}],"author":[{"embeddable":true,"href":"https:\/\/kocaeli.worldpest.com.tr\/index.php?rest_route=\/wp\/v2\/users\/1"}],"replies":[{"embeddable":true,"href":"https:\/\/kocaeli.worldpest.com.tr\/index.php?rest_route=%2Fwp%2Fv2%2Fcomments&post=8218"}],"version-history":[{"count":2,"href":"https:\/\/kocaeli.worldpest.com.tr\/index.php?rest_route=\/wp\/v2\/pages\/8218\/revisions"}],"predecessor-version":[{"id":8367,"href":"https:\/\/kocaeli.worldpest.com.tr\/index.php?rest_route=\/wp\/v2\/pages\/8218\/revisions\/8367"}],"wp:attachment":[{"href":"https:\/\/kocaeli.worldpest.com.tr\/index.php?rest_route=%2Fwp%2Fv2%2Fmedia&parent=8218"}],"curies":[{"name":"wp","href":"https:\/\/api.w.org\/{rel}","templated":true}]}}