{"id":8222,"date":"2022-04-27T08:44:38","date_gmt":"2022-04-27T08:44:38","guid":{"rendered":"https:\/\/kocaeli.worldpest.com.tr\/?page_id=8222"},"modified":"2022-04-27T08:44:38","modified_gmt":"2022-04-27T08:44:38","slug":"tekstil-guvesi","status":"publish","type":"page","link":"https:\/\/kocaeli.worldpest.com.tr\/?page_id=8222","title":{"rendered":"Tekstil g\u00fcvesi"},"content":{"rendered":"<p>Tekstil g\u00fcveleri boylar\u0131 2,4 mm ile 6 mm aras\u0131ndad\u0131r. Renkleri kahve, sar\u0131, alacad\u0131r. Tekstil \u00fcr\u00fcnlerinin \u00fczerinde ya\u015farlar. Nemli ortamlarda daha \u00e7abuk \u00fcrerler. Tesktil zararl\u0131lar\u0131 larvalar y\u00fcn, k\u00fcrk ve deri gibi keratin i\u00e7eren \u00fcr\u00fcnleri \u00e7i\u011fneyerek \u00f6nemli oranda hasara neden olur. Zaman zaman bitki kaynakl\u0131 g\u0131da \u00fcr\u00fcnlerine de sald\u0131rabilirler.<\/p>\n<p>Hayvansal \u00fcr\u00fcnleri ve bazen de bitki kaynakl\u0131 \u00fcr\u00fcnleri istila eden Hal\u0131 B\u00f6cekleri tekstil alan\u0131nda \u00e7ok s\u0131k g\u00f6r\u00fcl\u00fcr. Hal\u0131 altlar\u0131, s\u00fcp\u00fcrgelikler gibi rahats\u0131z edilmedikleri alanlarda \u00e7ok h\u0131zl\u0131 \u00e7o\u011fal\u0131rlar.<\/p>\n<p>Evlerde de s\u0131k\u00e7a rastlanan bir zararl\u0131 t\u00fcr\u00fcd\u00fcr. Kendi ba\u015f\u0131n\u0131za m\u00fccadele etmek isterseniz, hal\u0131 temizli\u011fi, k\u0131yafetlerin f\u0131r\u00e7alanmas\u0131, koltuk ve tekstil \u00fcr\u00fcn\u00fc e\u015fyalar\u0131n f\u0131r\u00e7alanmas\u0131 ve elektrik s\u00fcp\u00fcrgesi ile y\u00fcksek vakumlu \u00e7ekilmesi.<\/p>\n<p>E\u011fer kendi ba\u015f\u0131n\u0131za m\u00fccadele edemez iseniz size tekstil g\u00fcvesi ila\u00e7lamas\u0131 hakk\u0131nda yard\u0131mc\u0131 olabiliriz. L\u00fctfen uzman \u00e7a\u011fr\u0131 merkezi temsilcimiz ile ileti\u015fime ge\u00e7iniz.<\/p>\n","protected":false},"excerpt":{"rendered":"<p>Tekstil g\u00fcveleri boylar\u0131 2,4 mm ile 6 mm aras\u0131ndad\u0131r. Renkleri kahve, sar\u0131, alacad\u0131r. Tekstil \u00fcr\u00fcnlerinin \u00fczerinde ya\u015farlar. Nemli ortamlarda daha \u00e7abuk \u00fcrerler. Tesktil zararl\u0131lar\u0131 larvalar y\u00fcn, k\u00fcrk ve deri gibi keratin i\u00e7eren \u00fcr\u00fcnleri \u00e7i\u011fneyerek \u00f6nemli oranda hasara neden olur. Zaman zaman bitki kaynakl\u0131 g\u0131da \u00fcr\u00fcnlerine de sald\u0131rabilirler. Hayvansal \u00fcr\u00fcnleri ve bazen de bitki kaynakl\u0131 \u00fcr\u00fcnleri&#8230;<\/p>\n","protected":false},"author":1,"featured_media":0,"parent":0,"menu_order":0,"comment_status":"closed","ping_status":"closed","template":"","meta":{"_joinchat":[],"footnotes":""},"class_list":["post-8222","page","type-page","status-publish","hentry"],"_links":{"self":[{"href":"https:\/\/kocaeli.worldpest.com.tr\/index.php?rest_route=\/wp\/v2\/pages\/8222","targetHints":{"allow":["GET"]}}],"collection":[{"href":"https:\/\/kocaeli.worldpest.com.tr\/index.php?rest_route=\/wp\/v2\/pages"}],"about":[{"href":"https:\/\/kocaeli.worldpest.com.tr\/index.php?rest_route=\/wp\/v2\/types\/page"}],"author":[{"embeddable":true,"href":"https:\/\/kocaeli.worldpest.com.tr\/index.php?rest_route=\/wp\/v2\/users\/1"}],"replies":[{"embeddable":true,"href":"https:\/\/kocaeli.worldpest.com.tr\/index.php?rest_route=%2Fwp%2Fv2%2Fcomments&post=8222"}],"version-history":[{"count":1,"href":"https:\/\/kocaeli.worldpest.com.tr\/index.php?rest_route=\/wp\/v2\/pages\/8222\/revisions"}],"predecessor-version":[{"id":8223,"href":"https:\/\/kocaeli.worldpest.com.tr\/index.php?rest_route=\/wp\/v2\/pages\/8222\/revisions\/8223"}],"wp:attachment":[{"href":"https:\/\/kocaeli.worldpest.com.tr\/index.php?rest_route=%2Fwp%2Fv2%2Fmedia&parent=8222"}],"curies":[{"name":"wp","href":"https:\/\/api.w.org\/{rel}","templated":true}]}}