{"id":8226,"date":"2022-04-27T08:45:00","date_gmt":"2022-04-27T08:45:00","guid":{"rendered":"https:\/\/kocaeli.worldpest.com.tr\/?page_id=8226"},"modified":"2022-04-27T08:45:00","modified_gmt":"2022-04-27T08:45:00","slug":"yaban-arilari","status":"publish","type":"page","link":"https:\/\/kocaeli.worldpest.com.tr\/?page_id=8226","title":{"rendered":"Yaban ar\u0131lar\u0131"},"content":{"rendered":"<h1><b style=\"color: #333333; font-family: 'Open Sans'; font-size: 16px;\">Ar\u0131 ila\u00e7lama<\/b><span style=\"color: #333333; font-family: 'Open Sans'; font-size: 16px;\"> ad\u0131 alt\u0131ndaki hizmetimiz ile sadece Vespa (e\u015fek ar\u0131lar\u0131) i\u00e7in uygulamalar\u0131m\u0131z mevcuttur. Ancak bir bal ar\u0131s\u0131 gibi do\u011fan\u0131n d\u00f6llenmesinde ve t\u00fcm canl\u0131lar\u0131n ya\u015fam\u0131 i\u00e7in \u00f6nemli rolleri \u00fcstlenen ar\u0131lar i\u00e7in kesinlikle bir ila\u00e7lama hizmetini vermemekteyiz. Yaban ar\u0131lar\u0131 ad\u0131 alt\u0131ndaki ar\u0131 ve ar\u0131 giller familyas\u0131nda olanlar, ya\u015fam alanlar\u0131, beslenme \u015fekilleri ve kovan \u015fekilleri ile orijinal bir bal ar\u0131s\u0131ndan farkl\u0131 \u00f6zelliklere sahiptirler. E\u015fek ar\u0131lar\u0131 ince bel ve uzun kuyruklar\u0131nda; sar\u0131, k\u0131rm\u0131z\u0131ms\u0131 ve siyah \u00e7izgilerle donat\u0131lm\u0131\u015ft\u0131r. Yaban ar\u0131lar\u0131 bal yapmazlar. Bitkilerin \u00f6z\u00fcnde de\u011fil, et\u00e7il olan bir t\u00fcrd\u00fcr.<\/span><\/h1>\n<p class=\"MsoSubtitle\"><span style=\"mso-fareast-font-family: 'Times New Roman'; mso-fareast-language: TR;\">Ar\u0131 \u0130la\u00e7lama Hizmeti<\/span><\/p>\n<p class=\"MsoNormal\"><b><span style=\"mso-fareast-language: TR;\">Ar\u0131 ila\u00e7lama<\/span><\/b><span style=\"mso-fareast-language: TR;\"> ile sadece kesin olarak kontrol alt\u0131na al\u0131nabilirler. Genellikle apartmanlarda, fabrikalarda \u00e7at\u0131 katlar\u0131n\u0131n en u\u00e7 noktalar\u0131na, balkonlarda korkuluk profillerine veya kullan\u0131m d\u0131\u015f\u0131 b\u0131rak\u0131lm\u0131\u015f baca, eski su depolar\u0131 i\u00e7ine \u00e7evreden toplad\u0131klar\u0131 bitkilerle, t\u00fck\u00fcr\u00fck salg\u0131s\u0131n\u0131 da kullanarak tavanda asmal\u0131 ya da duvara yap\u0131\u015ft\u0131r\u0131larak, oval ve kesecikler halinde n\u00fcfusun art\u0131\u015f\u0131na g\u00f6re kademeli olarak petek say\u0131lar\u0131 artt\u0131r\u0131l\u0131r. <\/span><\/p>\n<p class=\"MsoNormal\"><span style=\"mso-fareast-language: TR;\">\u00c7o\u011falan n\u00fcfusa nispeten gittik\u00e7e kovan\u0131n hacmi b\u00fcy\u00fcr. Kovanlar\u0131n\u0131 korumak i\u00e7in yakla\u015fan her canl\u0131y\u0131 kuyruklar\u0131ndaki g\u00fc\u00e7l\u00fc i\u011fnesi ile veya di\u011fer ar\u0131lardan farkl\u0131 olan kesici di\u015fleriyle sald\u0131r\u0131rlar. Ar\u0131 sald\u0131r\u0131lar\u0131na maruz kald\u0131\u011f\u0131n\u0131z durumlarda en yak\u0131n sa\u011fl\u0131k kurulu\u015funa ba\u015fvurman\u0131z gerekmektedir. Eski y\u00f6ntemlerde kullan\u0131lan; duman, su ve di\u011fer g\u00fcr\u00fclt\u00fc \u00e7\u0131karma eylemleri ile sorunu \u00e7\u00f6zmek i\u00e7in yeterli de\u011fildir. <b>Ar\u0131 ila\u00e7lama<\/b> bu y\u00fczden en etkili y\u00f6ntemdir.<\/span><\/p>\n<p class=\"MsoNormal\"><span style=\"mso-fareast-language: TR;\">Duman, ate\u015f yakmak, su tutmak gibi y\u00f6ntemler denemek olduk\u00e7a tehlikelidir. Ar\u0131lar insanlar\u0131n ula\u015famayacaklar\u0131 y\u00fcksek yerlere yuva yapt\u0131\u011f\u0131ndan, d\u00fc\u015fme tehlikesi ve ar\u0131 sokmas\u0131 tehlikeniz vard\u0131r. Ayr\u0131ca duman y\u00f6ntemi ile bina ve evinizin \u00e7at\u0131s\u0131 gibi alanlarda yang\u0131n \u00e7\u0131karma riski vard\u0131r. Bu konuda y\u0131llar\u0131n verdi\u011fi tecr\u00fcbemiz vard\u0131r. Tecr\u00fcbemize dayanarak rahatl\u0131kla bilgi vermekteyiz.<\/span><\/p>\n<p class=\"MsoSubtitle\"><span style=\"mso-fareast-font-family: 'Times New Roman'; mso-fareast-language: TR;\">WORLPES ar\u0131 ila\u00e7lamas\u0131n\u0131 nas\u0131l yap\u0131yor?<\/span><\/p>\n<p class=\"MsoNormal\"><b><span style=\"mso-fareast-language: TR;\">Ar\u0131 ila\u00e7lama<\/span><\/b><span style=\"mso-fareast-language: TR;\"> i\u00e7in gerekli olan personel koruma maskesi, eldiven ve \u00f6zel kost\u00fcm\u00fc ile ar\u0131ya y\u00f6nelik insektisit ile uzman personelin uygulamay\u0131 dikkatli ve tamam\u0131n\u0131 etkisiz hale getirdikten sonra kovan\u0131 bir naylon torba i\u00e7ine sararak bulundu\u011fu yerden uzakla\u015ft\u0131rmaktad\u0131r. \u0130la\u00e7lama yap\u0131ld\u0131ktan sonra kovan\u0131 bulundu\u011fu yerden s\u00f6kmediyseniz, sorun kesin \u00e7\u00f6z\u00fclm\u00fc\u015f say\u0131lmaz. \u00c7\u00fcnk\u00fc ke\u015fif ve avlanmaya giden y\u00fczlerce ar\u0131 d\u00f6nd\u00fcklerinde yuvalar\u0131n\u0131n yak\u0131n\u0131nda yeniden bir yuva in\u015fa etme giri\u015fiminde bulunabilirler. E\u011fer geldiklerinde kovanlar\u0131n olmad\u0131\u011f\u0131n\u0131 g\u00f6r\u00fcrlerse ba\u015f edemeyecekleri bir tehlikenin oldu\u011funun fark\u0131na vararak ba\u015fka yerlere g\u00f6\u00e7 ederler. <\/span><\/p>\n<p class=\"MsoNormal\"><span style=\"mso-fareast-language: TR;\">Ar\u0131 ila\u00e7lamas\u0131 yaparken sizleri ve \u00e7evremizi de koruyucu tedbirler al\u0131yoruz.<\/span><\/p>\n<p class=\"MsoNormal\"><span style=\"mso-fareast-language: TR;\">Bu konuda etkili bir \u00e7\u00f6z\u00fcm almak i\u00e7in l\u00fctfen firmam\u0131z ile irtibata ge\u00e7erek detayl\u0131 bilgi edininiz.<\/span><\/p>\n<p class=\"MsoNormal\">\n","protected":false},"excerpt":{"rendered":"<p>Ar\u0131 ila\u00e7lama ad\u0131 alt\u0131ndaki hizmetimiz ile sadece Vespa (e\u015fek ar\u0131lar\u0131) i\u00e7in uygulamalar\u0131m\u0131z mevcuttur. Ancak bir bal ar\u0131s\u0131 gibi do\u011fan\u0131n d\u00f6llenmesinde ve t\u00fcm canl\u0131lar\u0131n ya\u015fam\u0131 i\u00e7in \u00f6nemli rolleri \u00fcstlenen ar\u0131lar i\u00e7in kesinlikle bir ila\u00e7lama hizmetini vermemekteyiz. Yaban ar\u0131lar\u0131 ad\u0131 alt\u0131ndaki ar\u0131 ve ar\u0131 giller familyas\u0131nda olanlar, ya\u015fam alanlar\u0131, beslenme \u015fekilleri ve kovan \u015fekilleri ile orijinal bir&#8230;<\/p>\n","protected":false},"author":1,"featured_media":0,"parent":0,"menu_order":0,"comment_status":"closed","ping_status":"closed","template":"","meta":{"_joinchat":[],"footnotes":""},"class_list":["post-8226","page","type-page","status-publish","hentry"],"_links":{"self":[{"href":"https:\/\/kocaeli.worldpest.com.tr\/index.php?rest_route=\/wp\/v2\/pages\/8226","targetHints":{"allow":["GET"]}}],"collection":[{"href":"https:\/\/kocaeli.worldpest.com.tr\/index.php?rest_route=\/wp\/v2\/pages"}],"about":[{"href":"https:\/\/kocaeli.worldpest.com.tr\/index.php?rest_route=\/wp\/v2\/types\/page"}],"author":[{"embeddable":true,"href":"https:\/\/kocaeli.worldpest.com.tr\/index.php?rest_route=\/wp\/v2\/users\/1"}],"replies":[{"embeddable":true,"href":"https:\/\/kocaeli.worldpest.com.tr\/index.php?rest_route=%2Fwp%2Fv2%2Fcomments&post=8226"}],"version-history":[{"count":1,"href":"https:\/\/kocaeli.worldpest.com.tr\/index.php?rest_route=\/wp\/v2\/pages\/8226\/revisions"}],"predecessor-version":[{"id":8227,"href":"https:\/\/kocaeli.worldpest.com.tr\/index.php?rest_route=\/wp\/v2\/pages\/8226\/revisions\/8227"}],"wp:attachment":[{"href":"https:\/\/kocaeli.worldpest.com.tr\/index.php?rest_route=%2Fwp%2Fv2%2Fmedia&parent=8226"}],"curies":[{"name":"wp","href":"https:\/\/api.w.org\/{rel}","templated":true}]}}