{"id":8228,"date":"2022-04-27T08:45:19","date_gmt":"2022-04-27T08:45:19","guid":{"rendered":"https:\/\/kocaeli.worldpest.com.tr\/?page_id=8228"},"modified":"2022-04-27T08:45:19","modified_gmt":"2022-04-27T08:45:19","slug":"yilan","status":"publish","type":"page","link":"https:\/\/kocaeli.worldpest.com.tr\/?page_id=8228","title":{"rendered":"Y\u0131lan"},"content":{"rendered":"<h1>Y\u0131lanlar\u0131n Genel \u00d6zellikleri:<\/h1>\n<p>*<strong>Y\u0131lanlar\u0131n genel \u00f6zellikleri<\/strong> s\u00fcr\u00fcngen s\u0131n\u0131f\u0131n\u0131n ilk tak\u0131m\u0131n\u0131 olu\u015ftururlar. D\u00fcnya \u00fczerinde belgelenmi\u015f 3000 civar\u0131nda t\u00fcr\u00fc bulunmaktad\u0131r. \u00dclkemizde ise 50 t\u00fcr bar\u0131nd\u0131rmaktad\u0131r. En yayg\u0131n olan\u0131 ise <strong>engerek y\u0131lan\u0131<\/strong>d\u0131r. Bu t\u00fcr en zehirli olanlar listesindedir.<br \/>\n*<strong>Y\u0131lanlar<\/strong> etobur olduklar\u0131ndan dolay\u0131 s\u0131cakkanl\u0131 canl\u0131larla beslenirler. Ancak hemcinslerini de yiyebildikleri bilinmektedir. Ya\u015fad\u0131klar\u0131 alanlar\u0131n etkisinde kalarak toprak ve bitki rengine b\u00fcr\u00fcnerek kolayca adaptasyon sa\u011flarlar b\u00f6ylece fark edilmeleri hayli zordur. \u0130lkbahardan, sonbahara kadar etkindirler.<\/p>\n<h2>En uzun Y\u0131lan T\u00fcrleri<\/h2>\n<p><strong>Titan boa<\/strong>, <strong>piton<\/strong>, <strong>anakonda<\/strong> ve <strong>boa y\u0131lan\u0131<\/strong>d\u0131r. Bu <strong>y\u0131lanlar<\/strong> \u00fclkemizde iklim \u015fartlar\u0131ndan dolay\u0131 ya\u015fayamamaktad\u0131r.<br \/>\n*Ayaklar\u0131 yoktur. Bunun yerine pullardan olu\u015fmu\u015f g\u00fc\u00e7l\u00fc bir kas sistemine sahiptir.<br \/>\n*D\u0131\u015f kulak yap\u0131s\u0131 bulunmamaktad\u0131r. Ancak \u00e7atall\u0131 dilini d\u0131\u015farda tutarak gelen sinyallerden beyne ileti g\u00f6ndererek durum de\u011ferlendirmesi yaparlar.<br \/>\n*<strong>Piton<\/strong>, <strong>Anakonda<\/strong> ve <strong>Engerek<\/strong> d\u0131\u015far\u0131ya yumurtlamazlar (yumurtalar anne karn\u0131nda kulu\u00e7ka d\u00f6nemini tamamlar. Anne karn\u0131nda tamamlanan kulu\u00e7ka d\u00f6nemi ile \u00e7atlayan yumurtalar, do\u011fumu and\u0131ran bir t\u00fcr \u00fcreme ger\u00e7ekle\u015fir.) Geriye kalan di\u011fer t\u00fcrler yumurtlarlar<br \/>\n*K\u0131\u015f uykusuna yatarlar<br \/>\n*G\u00f6r\u00fc\u015f mesafeleri 3-4 metreyi ge\u00e7mez. Ancak hisleri olduk\u00e7a geli\u015fmi\u015ftir.<br \/>\n*Y\u0131lanlar\u0131n tamam\u0131 zehirli de\u011fildir.<br \/>\n*Baz\u0131 t\u00fcrler av\u0131n\u0131 di\u015flerinden zehir salg\u0131layarak fel\u00e7 ettikten sonra b\u00fct\u00fcn olarak yutar, baz\u0131lar\u0131 ise s\u0131karak bo\u011far.<\/p>\n<p><strong>Y\u0131lanlar<\/strong> genellikle insanlardan ka\u00e7arlar. Fakat bu durum her zaman farkl\u0131l\u0131k g\u00f6stermektedir. \u00c7iftle\u015fme zaman\u0131, a\u00e7 kald\u0131klar\u0131nda, yaz ay\u0131n\u0131n en s\u0131cak g\u00fcnlerinde susuz kald\u0131klar\u0131nda, kendilerini g\u00fcvende hissetmediklerinde veya yuvalar\u0131na yakla\u015ft\u0131klar\u0131nda insanlara sald\u0131r\u0131rlar.<strong> Y\u0131lan sokmas\u0131<\/strong>na maruz kalanlar, kendileri veya birileri taraf\u0131ndan yaral\u0131 b\u00f6lge ile kalp aras\u0131na bir bez par\u00e7as\u0131 vb. ile turnike yapmal\u0131 ve en yak\u0131n sa\u011fl\u0131k kurulu\u015funa ula\u015ft\u0131r\u0131lmal\u0131d\u0131r.<br \/>\nM\u00fcstakil ev, site, apartman veya di\u011fer insanlar\u0131n sosyal aktivite alanlar\u0131 i\u00e7in bu durum tehlike arz etmektedir buna maruz kalmamak i\u00e7in Sa\u011fl\u0131k Bakanl\u0131\u011f\u0131 Onayl\u0131 en yak\u0131n <strong>y\u0131lan ila\u00e7lama firmas\u0131<\/strong> ile irtibata ge\u00e7erek ya\u015fam alanlar\u0131n\u0131za bilir ki\u015filer taraf\u0131ndan gerekli <strong>y\u0131lan ila\u00e7lama<\/strong> uygulamas\u0131 yapt\u0131rman\u0131z dahilinde g\u00fcvende olman\u0131n mutlulu\u011funu ya\u015fayabilirsiniz.<\/p>\n<h2><strong>Y\u0131lan m\u00fccadele y\u00f6ntemi<\/strong><\/h2>\n<p>\u00d6zen ve bilgi birikimi gerektiren bir <strong>ila\u00e7lama<\/strong> y\u00f6ntemidir. D\u0131\u015f alan \u00e7al\u0131\u015fmas\u0131 oldu\u011fundan dolay\u0131, yap\u0131lan ila\u00e7laman\u0131n g\u00fcne\u015f, ya\u011fmur, toz ve r\u00fczg\u00e2r\u0131n etkisi ile \u00f6zelli\u011fini erken yitirmemesi i\u00e7in, \u00e7evrenin ke\u015ffi yap\u0131larak s\u00fcr\u00fcngenlerin ge\u00e7i\u015f noktalar\u0131 saptanmal\u0131d\u0131r. <strong>Y\u0131lan ila\u00e7lama\u00a0<\/strong>uzun s\u00fcre ve etkili kalabilmesi i\u00e7in korunakl\u0131 yerlere yap\u0131lmas\u0131 gerekmektedir.<br \/>\nBunlar\u0131 bilmek sadece yeterli de\u011fildir.<br \/>\n<strong>Y\u0131lan uygulamas\u0131<\/strong> i\u00e7in;<br \/>\n*Do\u011fru ve kaliteli ila\u00e7 kullan\u0131m\u0131<br \/>\n*Uygulama miktar\u0131 ve uygulama yeri<br \/>\n*<strong>Y\u0131lan ila\u00e7lama<\/strong> hakk\u0131nda yeterli teknik bilgi sahibi olmak gerekmektedir.<br \/>\n!!!Bu talimatlar d\u0131\u015f\u0131nda bilin\u00e7siz \u00e7al\u0131\u015fmalar yap\u0131l\u0131rsa \u00f6l\u00fcmc\u00fcl kazalara sebebiyet verebilir!!!<\/p>\n<p>&nbsp;<\/p>\n<h2><strong>Peki y\u0131lan ila\u00e7lamas\u0131n\u0131 nas\u0131l yap\u0131yoruz?<\/strong><\/h2>\n<p>Y\u0131lan ve di\u011fer s\u00fcr\u00fcngenler i\u00e7in d\u00fcnya genelinde y\u0131lan zehirlemek i\u00e7in bir uygulama ya da y\u0131lan \u00f6ld\u00fcr\u00fcc\u00fc insektisit yoktur. Bunun yerine ka\u00e7\u0131r\u0131c\u0131 y\u00f6ntem olan k\u00fck\u00fcrt uygulamas\u0131 ve yakalama y\u00f6ntemi olarak da y\u0131lan yakalama kafesi uygulamalar\u0131m\u0131z vard\u0131r.<\/p>\n<p>Y\u0131lan zararl\u0131s\u0131 ile m\u00fccadele i\u00e7in l\u00fctfen uzman ekibimizden bilgi al\u0131n\u0131z.<\/p>\n<p>&nbsp;<\/p>\n<p>&nbsp;<\/p>\n","protected":false},"excerpt":{"rendered":"<p>Y\u0131lanlar\u0131n Genel \u00d6zellikleri: *Y\u0131lanlar\u0131n genel \u00f6zellikleri s\u00fcr\u00fcngen s\u0131n\u0131f\u0131n\u0131n ilk tak\u0131m\u0131n\u0131 olu\u015ftururlar. D\u00fcnya \u00fczerinde belgelenmi\u015f 3000 civar\u0131nda t\u00fcr\u00fc bulunmaktad\u0131r. \u00dclkemizde ise 50 t\u00fcr bar\u0131nd\u0131rmaktad\u0131r. En yayg\u0131n olan\u0131 ise engerek y\u0131lan\u0131d\u0131r. Bu t\u00fcr en zehirli olanlar listesindedir. *Y\u0131lanlar etobur olduklar\u0131ndan dolay\u0131 s\u0131cakkanl\u0131 canl\u0131larla beslenirler. Ancak hemcinslerini de yiyebildikleri bilinmektedir. Ya\u015fad\u0131klar\u0131 alanlar\u0131n etkisinde kalarak toprak ve bitki rengine&#8230;<\/p>\n","protected":false},"author":1,"featured_media":0,"parent":0,"menu_order":0,"comment_status":"closed","ping_status":"closed","template":"","meta":{"_joinchat":[],"footnotes":""},"class_list":["post-8228","page","type-page","status-publish","hentry"],"_links":{"self":[{"href":"https:\/\/kocaeli.worldpest.com.tr\/index.php?rest_route=\/wp\/v2\/pages\/8228","targetHints":{"allow":["GET"]}}],"collection":[{"href":"https:\/\/kocaeli.worldpest.com.tr\/index.php?rest_route=\/wp\/v2\/pages"}],"about":[{"href":"https:\/\/kocaeli.worldpest.com.tr\/index.php?rest_route=\/wp\/v2\/types\/page"}],"author":[{"embeddable":true,"href":"https:\/\/kocaeli.worldpest.com.tr\/index.php?rest_route=\/wp\/v2\/users\/1"}],"replies":[{"embeddable":true,"href":"https:\/\/kocaeli.worldpest.com.tr\/index.php?rest_route=%2Fwp%2Fv2%2Fcomments&post=8228"}],"version-history":[{"count":1,"href":"https:\/\/kocaeli.worldpest.com.tr\/index.php?rest_route=\/wp\/v2\/pages\/8228\/revisions"}],"predecessor-version":[{"id":8229,"href":"https:\/\/kocaeli.worldpest.com.tr\/index.php?rest_route=\/wp\/v2\/pages\/8228\/revisions\/8229"}],"wp:attachment":[{"href":"https:\/\/kocaeli.worldpest.com.tr\/index.php?rest_route=%2Fwp%2Fv2%2Fmedia&parent=8228"}],"curies":[{"name":"wp","href":"https:\/\/api.w.org\/{rel}","templated":true}]}}