{"id":8299,"date":"2022-04-27T14:54:51","date_gmt":"2022-04-27T14:54:51","guid":{"rendered":"https:\/\/kocaeli.worldpest.com.tr\/?page_id=8299"},"modified":"2022-05-09T21:18:33","modified_gmt":"2022-05-09T21:18:33","slug":"ev-zararlilari-kontrolu","status":"publish","type":"page","link":"https:\/\/kocaeli.worldpest.com.tr\/?page_id=8299","title":{"rendered":"Ev Zararl\u0131lar\u0131 Kontrol\u00fc"},"content":{"rendered":"<h1 style=\"text-align: center;\"><strong>Ev \u0130la\u00e7lama<\/strong><\/h1>\n<p><strong>Ev ila\u00e7lamas\u0131<\/strong> g\u00fcn\u00fcm\u00fczde art\u0131k zorunlu bir ihtiya\u00e7 haline gelmi\u015ftir. \u00c7\u00fcnk\u00fc beklenmedik anlarda tehlike boyutu y\u00fcksek bir\u00e7ok ha\u015fere taraf\u0131ndan ani bask\u0131na u\u011framam\u0131z an meselesidir. Bunlar g\u0131dalar\u0131m\u0131z\u0131 yiyerek, kemirerek veya dokunarak temas etkisiyle \u00e7e\u015fitli hastal\u0131klar\u0131n zeminini olu\u015ftururlar. Bundan daha da \u00f6nemlisi do\u011frudan insanlara sald\u0131rmalar\u0131d\u0131r. Bunun i\u00e7in <strong><em>ev ila\u00e7lamas\u0131<\/em><\/strong> periyodik zamanlama ile en az alt\u0131 ayda bir yap\u0131lmas\u0131 gerekmektedir.<\/p>\n<h2 style=\"text-align: center;\"><strong>B\u00f6ceklerin Ya\u015fam Alanlar\u0131<\/strong><\/h2>\n<p>\u00c7evrede u\u00e7an ve y\u00fcr\u00fcyen: sinek,<strong> b\u00f6cek<\/strong> ve kemirgenler, bilindi\u011fi \u00fczere bodrum, la\u011f\u0131m, \u00e7\u00f6p alanlar\u0131 ve sa\u011fl\u0131k \u015fartlar\u0131na ayk\u0131r\u0131 olan mahzenlerde ya\u015famaktad\u0131rlar. Bunlar olu\u015fumlar\u0131ndan k\u0131sa bir s\u00fcre sonra da\u011f\u0131larak, bah\u00e7e ila\u00e7lamas\u0131, <strong>apartman ila\u00e7lamas\u0131<\/strong> ve en \u00f6nemlisi de <strong><em>ev ila\u00e7lamas\u0131<\/em><\/strong> yap\u0131lmam\u0131\u015f olan yerle\u015fim alanlar\u0131na h\u0131zl\u0131ca elektrik buatlar\u0131, \u00e7atlak duvar, bozuk d\u0131\u015f kap\u0131 ve di\u011fer a\u00e7\u0131k bulduklar\u0131 ge\u00e7itlerden ula\u015farak besin bollu\u011fu ve s\u0131cak alan konusunda zengin olan tesislere yerle\u015firler. E\u011fer oturdu\u011fumuz dairenin fenni bak\u0131mlar\u0131 iyi,<strong><em><u> ev ila\u00e7lamas\u0131<\/u><\/em><\/strong> en son alt\u0131 ay i\u00e7inde yap\u0131lm\u0131\u015f ise gelen ha\u015fere temas yolu ile ald\u0131\u011f\u0131 insektisit sayesinde etkisiz hale gelerek yok olacakt\u0131r. Bunun i\u00e7in endi\u015felenmemize gerek yoktur.<\/p>\n<p>Ha\u015ferelerin evlere girmelerinin ba\u015fl\u0131ca nedenleri<\/p>\n<p>*\u00c7a\u011f\u0131m\u0131zda do\u011fal ya\u015fam alanlar\u0131n bozularak daralmas\u0131,<\/p>\n<p>*Metropol \u015fehirlerde \u00e7\u00f6p ve at\u0131k kontrollerinin ve d\u00fczeninin sa\u011flanamamas\u0131<\/p>\n<p>*\u015eehir alt yap\u0131s\u0131n\u0131n yetersiz veya plans\u0131z olmamas\u0131<\/p>\n<p>*K\u0131\u015f mevsiminin de etkisi buna neden olmaktad\u0131r.<\/p>\n<h3 style=\"text-align: center;\"><strong>Evdeki B\u00f6cekler<\/strong><\/h3>\n<p><strong><em>Ev ila\u00e7lamas\u0131<\/em><\/strong> yap\u0131lmam\u0131\u015f ise, mutfak dolaplar\u0131nda ve a\u00e7\u0131kta bulunan g\u0131dalara her f\u0131rsatta girip \u00e7\u0131kan <strong><em>hamam b\u00f6ce\u011fi<\/em><\/strong>, tavanlar ve duvar k\u00f6\u015felerinde \u00f6r\u00fcmcek, sivrisinek, karasinek mevcuttur. Banyo ve odalar\u0131n tamam\u0131nda g\u00fcm\u00fc\u015f\u00e7\u00fcn(nem b\u00f6ce\u011fi), yatak i\u00e7lerinde <strong>tahtakurusu<\/strong> ve mite-<strong>toz akar\u0131<\/strong>, bah\u00e7e giri\u015flerinde <strong><u>kene<\/u><\/strong>, akrep, k\u0131rkayak, \u00e7\u0131yan ve bir\u00e7ok y\u00fcr\u00fcyen di\u011fer zararl\u0131lara rastlamak m\u00fcmk\u00fcnd\u00fcr.<\/p>\n<h3 style=\"text-align: center;\"><strong>Evimizdeki En Tehlikeli Ha\u015fereler<\/strong><\/h3>\n<p>Bunlardan en \u00f6nemlisi de <strong>fare<\/strong> ve t\u00fcrleridir. \u00d6zellikle la\u011f\u0131m fareleri insanlar\u0131n, kulak, burun, dudak, el ve ayak parmaklar\u0131n\u0131 kemirirler. Buna mukabil <strong><em><u>ev ila\u00e7lamas\u0131<\/u><\/em><\/strong> yap\u0131lmam\u0131\u015f ise tehlike yak\u0131nda demektir. Ha\u015fereler daha \u00e7ok gece sessizli\u011finde aktiftirler, yani insanlar uykuya dald\u0131ktan k\u0131sa bir s\u00fcre sonra onlar i\u00e7in f\u0131rsat do\u011fmu\u015f demektir. Biyolojik s\u0131v\u0131lar\u0131yla <strong><em>fareler kemirdikleri<\/em><\/strong> yerleri uyu\u015fturarak alg\u0131 hissini yok ederler b\u00f6ylece fareler sabaha kadar bir insan \u00fczerinde yukar\u0131da sayd\u0131\u011f\u0131m\u0131z organlar\u0131n tamam\u0131n\u0131 kemirdikleri ge\u00e7mi\u015fte g\u00f6r\u00fclm\u00fc\u015ft\u00fcr. Bunun i\u00e7in <strong><em>ev ila\u00e7lamas\u0131<\/em><\/strong> ihmal edilmeyecek \u00e7ok \u00f6nemli bir savunmad\u0131r. <strong><em>Ha\u015fereler kemirirken<\/em><\/strong>, sokarken, \u0131s\u0131r\u0131rken veya dokunurken \u00f6zellikle; farelerden veba-verem, sinek sokmalar\u0131ndan fil hastal\u0131\u011f\u0131 s\u0131tma, hamam b\u00f6cekleri mutfak tezg\u00e2hlar\u0131 \u00fczerinde bir\u00e7ok basilin ta\u015f\u0131y\u0131c\u0131lar\u0131d\u0131r.<\/p>\n<p>Sa\u011fl\u0131kl\u0131 ve g\u00fcvenli bir ya\u015fam s\u00fcrd\u00fcrebilmek i\u00e7in <strong>ev ila\u00e7lamas\u0131<\/strong> gerekli korunmalarda ba\u015fta gelir. Ancak kaliteli ve do\u011fru bir <strong>ev ila\u00e7lamas\u0131<\/strong> i\u00e7in profesyonel ila\u00e7lama firmalar\u0131nda yard\u0131m almak en do\u011fru se\u00e7imdir. Yanl\u0131\u015f ila\u00e7 ve bilin\u00e7siz bir y\u00f6ntem ile bu i\u015fin \u00fcstesinde gelmek kolay olmayacakt\u0131r. Kendinizi \u00e7e\u015fitli ila\u00e7lar\u0131n kullan\u0131m\u0131 ile tehlikeye sokmadan l\u00fctfen sa\u011fl\u0131k bakanl\u0131\u011f\u0131 onayl\u0131 bir ila\u00e7lama firmas\u0131 ile irtibata ge\u00e7iniz.<\/p>\n<p>\u00d6zellikle s\u0131cak havalar\u0131n ba\u015flamas\u0131yla iyice artan b\u00f6cek sorunlar\u0131, <strong>ev ila\u00e7lama <\/strong>ihtiyac\u0131n\u0131 da beraberinde getirmektedir. Ya\u015fam alanlar\u0131m\u0131zda \u00f6ncelikli ihtiyac\u0131m\u0131z olan hijyen, bu alanlarda b\u00f6ceklerin varl\u0131\u011f\u0131n\u0131n sonland\u0131r\u0131lmas\u0131yla da ilintilidir. Bu nedenle g\u00fcn\u00fcm\u00fcz ko\u015fullar\u0131nda, ev ila\u00e7lamas\u0131n\u0131n art\u0131k belirli d\u00f6nem aral\u0131klar\u0131yla zorunlu olarak yapt\u0131r\u0131lmas\u0131 gerekmektedir. Evlerde m\u00fcdahale edilmeyen b\u00f6cek sorunlar\u0131nda pek \u00e7ok \u00e7e\u015fit b\u00f6cek mutfaklar\u0131m\u0131zda, oturma alanlar\u0131m\u0131zda, yatak odalar\u0131m\u0131zda ve tuvaletlerimizde pek \u00e7ok mikrop ve bakterinin t\u00fcremesine zemin haz\u0131rlamaktad\u0131rlar.<\/p>\n<p>\u00d6zellikle mutfa\u011f\u0131m\u0131zda meydana gelen b\u00f6ceklenme sorunlar\u0131nda hem mutfak ara\u00e7 gere\u00e7lerimize pek \u00e7ok hastal\u0131k yarat\u0131c\u0131 bakteri bula\u015fmakta hem de tezg\u00e2h gibi yiyeceklerin temas etti\u011fi alanlarda b\u00f6ceklerin b\u0131rakt\u0131\u011f\u0131 mikroplar yiyeceklerimize bula\u015fmaktad\u0131r. Ciddi bir sa\u011fl\u0131k sorunu yaratmamas\u0131 ad\u0131na b\u00f6ceklenme sorununu fark etti\u011fimiz anda acilen <strong>uzman <\/strong><strong>ev ila\u00e7lama<\/strong><strong> servisi <\/strong>yard\u0131m\u0131na ba\u015fvurmam\u0131z en do\u011fru se\u00e7enek olacakt\u0131r.<\/p>\n<p>\u00dcstelik evlerimizde kar\u015f\u0131la\u015ft\u0131\u011f\u0131m\u0131z ila\u00e7lama ihtiya\u00e7lar\u0131 sadece b\u00f6ceklerden kaynakl\u0131 olmamaktad\u0131r. U\u00e7an ve y\u00fcr\u00fcyen ha\u015fereler, daha b\u00fcy\u00fck boyutlu ve verece\u011fi zararlar daha tehlikeli olan kemirgenler (fare gibi) evlerimizde \u00e7ok daha b\u00fcy\u00fck sorunlara yol a\u00e7abilmektedir. Genel olarak ha\u015fere ailesi \u00fcyeleri evlerimize k\u00f6t\u00fc alt yap\u0131 in\u015faat\u0131ndan, elektrik saya\u00e7lar\u0131ndan, duvarlardaki k\u0131r\u0131k ve \u00e7atlaklardan, a\u00e7\u0131k ev ve balkon kap\u0131lar\u0131ndan ve di\u011fer \u00f6rneklendirebilece\u011fimiz m\u00fcsait alanlardan giri\u015f yaparak k\u0131sa s\u00fcrede s\u0131cak ve besin k\u0131tl\u0131\u011f\u0131 bulunmayan alanlarda \u00e7o\u011falmakta ve sa\u011fl\u0131\u011f\u0131m\u0131z i\u00e7in birincil risk fakt\u00f6rlerini olu\u015fturmaktad\u0131rlar.<\/p>\n<h3 style=\"text-align: center;\"><strong>Ev \u0130la\u00e7lamas\u0131 Neden Gereklidir?<\/strong><\/h3>\n<p>Evlerimizde yakalad\u0131\u011f\u0131m\u0131z ha\u015ferelerin boyutlar\u0131 ve t\u00fcrleri fark etmeksizin, ev ya\u015fant\u0131m\u0131zda bize sa\u011fl\u0131\u011f\u0131m\u0131z konusunda risk yaratmaktad\u0131rlar. \u00d6zellikle kemirebilen, \u0131s\u0131rabilen ya da sokabilen ha\u015fereler evlerimizde hijyeni yok etmekle kalmay\u0131p acil hastane m\u00fcdahalesi gerektiren durumlara da neden olabilmektedirler. Sinek sokmalar\u0131ndan s\u0131tma ya da fil hastal\u0131\u011f\u0131 kapma, fare \u0131s\u0131r\u0131\u011f\u0131nda ise verem ve veba gibi hastal\u0131klarla kar\u015f\u0131la\u015fma riskimiz olduk\u00e7a y\u00fcksektir.<\/p>\n<p>T\u00fcm bu sayd\u0131\u011f\u0131m\u0131z olumsuzluklardan kurtulabilmek, evimizde b\u00f6ceklerden vb. ha\u015ferelerden uzak hijyenik bir ortama sahip olabilmek i\u00e7in konunun uzman\u0131ndan <strong>profesyonel ev ila\u00e7lama hizmeti <\/strong>almak gerekmektedir. Bu ihtiya\u00e7lar i\u00e7in do\u011fru ila\u00e7lama firmas\u0131yla \u00e7al\u0131\u015fmak, yanl\u0131\u015f ila\u00e7 kullan\u0131m\u0131n ve dolay\u0131s\u0131yla \u00e7\u00f6z\u00fclemeyen problemlerin \u00f6n\u00fcne ge\u00e7ebilmekte, ayn\u0131 zamanda \u00e7ok k\u0131sa zamanda evinizdeki b\u00f6cek probleminizden do\u011fa dostu ila\u00e7lar ve ila\u00e7lama y\u00f6ntemleriyle kurtulman\u0131za yard\u0131mc\u0131 olur. Sekt\u00f6rdeki tecr\u00fcbesiyle her t\u00fcrl\u00fc b\u00f6cek sorununuza olduk\u00e7a k\u0131sa s\u00fcrede do\u011fru m\u00fcdahale edebilen WorldPest ila\u00e7lama olarak bizler, ila\u00e7lama konusunda sizlere 7\/24 destek sa\u011fl\u0131yoruz.<\/p>\n","protected":false},"excerpt":{"rendered":"<p>Ev \u0130la\u00e7lama Ev ila\u00e7lamas\u0131 g\u00fcn\u00fcm\u00fczde art\u0131k zorunlu bir ihtiya\u00e7 haline gelmi\u015ftir. \u00c7\u00fcnk\u00fc beklenmedik anlarda tehlike boyutu y\u00fcksek bir\u00e7ok ha\u015fere taraf\u0131ndan ani bask\u0131na u\u011framam\u0131z an meselesidir. Bunlar g\u0131dalar\u0131m\u0131z\u0131 yiyerek, kemirerek veya dokunarak temas etkisiyle \u00e7e\u015fitli hastal\u0131klar\u0131n zeminini olu\u015ftururlar. Bundan daha da \u00f6nemlisi do\u011frudan insanlara sald\u0131rmalar\u0131d\u0131r. Bunun i\u00e7in ev ila\u00e7lamas\u0131 periyodik zamanlama ile en az alt\u0131 ayda&#8230;<\/p>\n","protected":false},"author":1,"featured_media":0,"parent":0,"menu_order":0,"comment_status":"closed","ping_status":"closed","template":"","meta":{"_joinchat":[],"footnotes":""},"class_list":["post-8299","page","type-page","status-publish","hentry"],"_links":{"self":[{"href":"https:\/\/kocaeli.worldpest.com.tr\/index.php?rest_route=\/wp\/v2\/pages\/8299","targetHints":{"allow":["GET"]}}],"collection":[{"href":"https:\/\/kocaeli.worldpest.com.tr\/index.php?rest_route=\/wp\/v2\/pages"}],"about":[{"href":"https:\/\/kocaeli.worldpest.com.tr\/index.php?rest_route=\/wp\/v2\/types\/page"}],"author":[{"embeddable":true,"href":"https:\/\/kocaeli.worldpest.com.tr\/index.php?rest_route=\/wp\/v2\/users\/1"}],"replies":[{"embeddable":true,"href":"https:\/\/kocaeli.worldpest.com.tr\/index.php?rest_route=%2Fwp%2Fv2%2Fcomments&post=8299"}],"version-history":[{"count":4,"href":"https:\/\/kocaeli.worldpest.com.tr\/index.php?rest_route=\/wp\/v2\/pages\/8299\/revisions"}],"predecessor-version":[{"id":8425,"href":"https:\/\/kocaeli.worldpest.com.tr\/index.php?rest_route=\/wp\/v2\/pages\/8299\/revisions\/8425"}],"wp:attachment":[{"href":"https:\/\/kocaeli.worldpest.com.tr\/index.php?rest_route=%2Fwp%2Fv2%2Fmedia&parent=8299"}],"curies":[{"name":"wp","href":"https:\/\/api.w.org\/{rel}","templated":true}]}}