{"id":8301,"date":"2022-04-27T14:55:02","date_gmt":"2022-04-27T14:55:02","guid":{"rendered":"https:\/\/kocaeli.worldpest.com.tr\/?page_id=8301"},"modified":"2022-05-09T18:50:39","modified_gmt":"2022-05-09T18:50:39","slug":"site-ve-apartman-alanlari","status":"publish","type":"page","link":"https:\/\/kocaeli.worldpest.com.tr\/?page_id=8301","title":{"rendered":"Site ve Apartman Alanlar\u0131"},"content":{"rendered":"<h1 style=\"text-align: center;\"><strong>S\u0130TE \u0130LA\u00c7LAMA<\/strong><\/h1>\n<p><strong>Siteler<\/strong> insanlar\u0131n toplu ya\u015fad\u0131\u011f\u0131 yerler oldu\u011fundan yerlerin ortak kullan\u0131m alanlar\u0131na at\u0131lan \u00e7\u00f6p ve eski e\u015fyalardan ha\u015fere olu\u015fmas\u0131 ka\u00e7\u0131n\u0131lmazd\u0131r. \u00a0B\u00fcy\u00fck sitelerde bu sorun daha fazlad\u0131r. <strong>Site ila\u00e7lama<\/strong> sayesinde bu ha\u015ferelerden kurtulman\u0131z m\u00fcmk\u00fcnd\u00fcr.<\/p>\n<p>Evlerde, bah\u00e7elerde beslenen evcil hayvanlar\u0131n rutin bak\u0131mlar\u0131 yap\u0131lmamas\u0131 nedeniyle olu\u015fan pire, kene, fare ve bit gibi ha\u015fereler site alanlar\u0131nda \u00fcreyen ha\u015ferelerdir. Bu ha\u015ferelerin olu\u015fmamas\u0131 konusunda bilgi almak ve olu\u015fan ha\u015ferelerin ila\u00e7lanmas\u0131 konusunda <strong>profesyonel ila\u00e7lama firmalar\u0131ndan<\/strong> hizmet al\u0131nmal\u0131d\u0131r. <strong>Site<\/strong> otoparklar\u0131, s\u0131\u011f\u0131naklar, depolar ve kazan daireleri <strong>ha\u015fere \u00fcremelerine <\/strong>m\u00fcsait alanlard\u0131r.<\/p>\n<p><strong>Sitelerin<\/strong> kapal\u0131 alanlar\u0131nda oldu\u011fu gibi a\u00e7\u0131k alanlar\u0131nda da <strong>u\u00e7an ha\u015fere <\/strong>ve di\u011fer <strong>ha\u015fereler<\/strong> \u00fcremektedir. <strong>Periyodik ila\u00e7lama<\/strong> ve rutin bak\u0131mlarla <strong>b\u00f6cek ila\u00e7lama servisimizle<\/strong> rahat edebilirsiniz. Yap\u0131lacak hizmetler ve gerekli uygulamalar hakk\u0131nda \u015firketimizden \u00fccretsiz bilgi alabilirsiniz. <a href=\"https:\/\/kocaeli.worldpest.com.tr\/iletisim\/\">\u00dccretsiz ke\u015fif hizmetlerimizden<\/a> faydalanabilirsiniz.<\/p>\n<h2 style=\"text-align: center;\"><strong>APARTMAN \u0130LA\u00c7LAMA<\/strong><\/h2>\n<p>Bilindi\u011fi \u00fczere bir\u00e7ok <strong>ha\u015fere<\/strong> binalar\u0131n ortak kullan\u0131m alanlar\u0131ndan evlerimize girmektedir. Bina \u00e7at\u0131lar\u0131, bodrum katlar\u0131, s\u0131\u011f\u0131naklar, bak\u0131ms\u0131z bah\u00e7eler, a\u00e7\u0131k r\u00f6garlar gibi. <strong>Apartmanlarda <\/strong>bulunan alanlardan \u00e7e\u015fitli b\u00f6cek \u00fcremekte ve bizleri rahats\u0131z etmektedirler. Bu gibi durumlarda apartman ila\u00e7lama ve di\u011fer bak\u0131mlar gerekmektedir.<\/p>\n<h2 style=\"text-align: center;\"><strong>APARTMAN \u0130LA\u00c7LAMANIN \u00d6NEM\u0130<\/strong><\/h2>\n<p><strong>Apartman ila\u00e7lama<\/strong> genel ha\u015fereler \u00fczerinde b\u00fcy\u00fck bir etki olu\u015fturmakla uzun s\u00fcreli koruma sa\u011flar. Bu ha\u015ferelerin baz\u0131lar\u0131 ba\u015fta hamam b\u00f6ce\u011fi, pire, fare, g\u00fcm\u00fc\u015f\u00e7\u00fcn b\u00f6ce\u011fidir. Bah\u00e7e alanlar\u0131nda g\u00f6r\u00fclen<strong> ha\u015fere<\/strong> t\u00fcrleri kene, fare, pire, \u00f6r\u00fcmcek, kertenkele, ormanl\u0131k alanlarda y\u0131lan, akreptir.\u00a0\u00a0\u00a0\u00a0\u00a0\u00a0 \u00c7at\u0131lardan evlerimize ve apartmanlar\u0131m\u0131z\u0131n ortak kullan\u0131m alanlar\u0131na \u00e7\u0131kan ha\u015ferelerin ba\u015fl\u0131calar\u0131; fare, \u00e7at\u0131 s\u0131\u00e7an\u0131, pire \u00f6r\u00fcmcek, akrep ve \u015fark hamam b\u00f6cekleridir. Ancak apartman ila\u00e7lama yap\u0131lm\u0131\u015f olan binalarda bu gibi sorunlarla kar\u015f\u0131la\u015fmak pek azd\u0131r.<\/p>\n<h3 style=\"text-align: center;\"><strong>APARTMAN \u0130LA\u00c7LAMAK \u0130\u00c7\u0130N DO\u011eRU \u0130LA\u00c7\u00a0<\/strong><\/h3>\n<p>Binalar\u0131n r\u00f6gar kapaklar\u0131n\u0131n sa\u011flam olmamas\u0131 veya a\u00e7\u0131k b\u0131rak\u0131lmas\u0131 sonucu r\u00f6gar sinekleri la\u011f\u0131m fareleri gibi ha\u015fere t\u00fcrleri olu\u015fmaktad\u0131r. <strong>Apartman ila\u00e7lama<\/strong> yapmadan kendi \u00e7abalar\u0131n\u0131z ile verimsiz, bu ha\u015ferelerden <strong>profesyonel ila\u00e7lama<\/strong> hizmeti almadan tamamen kurtulman\u0131z m\u00fcmk\u00fcn de\u011fildir. \u0130la\u00e7lama \u015firketi se\u00e7erken onayl\u0131 ve ruhsatl\u0131 ila\u00e7larla ila\u00e7lanmas\u0131na dikkat edilmedir. \u0130stanbul b\u00f6cek ila\u00e7lama firmas\u0131 WORLPEST \u0130LA\u00c7LAMA olarak rutin apartman ila\u00e7lama hizmetini sa\u011fl\u0131k bakanl\u0131\u011f\u0131ndan ruhsatl\u0131 ila\u00e7larla periyodik olarak yapmaktay\u0131z.<a href=\"https:\/\/kocaeli.worldpest.com.tr\/iletisim\/\"> \u0130leti\u015fim<\/a> b\u00f6l\u00fcm\u00fcnden <a href=\"https:\/\/kocaeli.worldpest.com.tr\/iletisim\/\">\u00a0ila\u00e7lama talep formu<\/a> doldurabilirsiniz&#8230;<\/p>\n<p>&nbsp;<\/p>\n<p>&nbsp;<\/p>\n","protected":false},"excerpt":{"rendered":"<p>S\u0130TE \u0130LA\u00c7LAMA Siteler insanlar\u0131n toplu ya\u015fad\u0131\u011f\u0131 yerler oldu\u011fundan yerlerin ortak kullan\u0131m alanlar\u0131na at\u0131lan \u00e7\u00f6p ve eski e\u015fyalardan ha\u015fere olu\u015fmas\u0131 ka\u00e7\u0131n\u0131lmazd\u0131r. \u00a0B\u00fcy\u00fck sitelerde bu sorun daha fazlad\u0131r. Site ila\u00e7lama sayesinde bu ha\u015ferelerden kurtulman\u0131z m\u00fcmk\u00fcnd\u00fcr. Evlerde, bah\u00e7elerde beslenen evcil hayvanlar\u0131n rutin bak\u0131mlar\u0131 yap\u0131lmamas\u0131 nedeniyle olu\u015fan pire, kene, fare ve bit gibi ha\u015fereler site alanlar\u0131nda \u00fcreyen ha\u015ferelerdir. Bu&#8230;<\/p>\n","protected":false},"author":1,"featured_media":0,"parent":0,"menu_order":0,"comment_status":"closed","ping_status":"closed","template":"","meta":{"_joinchat":[],"footnotes":""},"class_list":["post-8301","page","type-page","status-publish","hentry"],"_links":{"self":[{"href":"https:\/\/kocaeli.worldpest.com.tr\/index.php?rest_route=\/wp\/v2\/pages\/8301","targetHints":{"allow":["GET"]}}],"collection":[{"href":"https:\/\/kocaeli.worldpest.com.tr\/index.php?rest_route=\/wp\/v2\/pages"}],"about":[{"href":"https:\/\/kocaeli.worldpest.com.tr\/index.php?rest_route=\/wp\/v2\/types\/page"}],"author":[{"embeddable":true,"href":"https:\/\/kocaeli.worldpest.com.tr\/index.php?rest_route=\/wp\/v2\/users\/1"}],"replies":[{"embeddable":true,"href":"https:\/\/kocaeli.worldpest.com.tr\/index.php?rest_route=%2Fwp%2Fv2%2Fcomments&post=8301"}],"version-history":[{"count":3,"href":"https:\/\/kocaeli.worldpest.com.tr\/index.php?rest_route=\/wp\/v2\/pages\/8301\/revisions"}],"predecessor-version":[{"id":8415,"href":"https:\/\/kocaeli.worldpest.com.tr\/index.php?rest_route=\/wp\/v2\/pages\/8301\/revisions\/8415"}],"wp:attachment":[{"href":"https:\/\/kocaeli.worldpest.com.tr\/index.php?rest_route=%2Fwp%2Fv2%2Fmedia&parent=8301"}],"curies":[{"name":"wp","href":"https:\/\/api.w.org\/{rel}","templated":true}]}}