{"id":8303,"date":"2022-04-27T14:55:23","date_gmt":"2022-04-27T14:55:23","guid":{"rendered":"https:\/\/kocaeli.worldpest.com.tr\/?page_id=8303"},"modified":"2022-05-09T18:59:24","modified_gmt":"2022-05-09T18:59:24","slug":"otel-zararlilari-kontrolu","status":"publish","type":"page","link":"https:\/\/kocaeli.worldpest.com.tr\/?page_id=8303","title":{"rendered":"Otel Zararl\u0131lar\u0131 Kontrol\u00fc"},"content":{"rendered":"<p>&nbsp;<\/p>\n<h1 style=\"text-align: center;\"><strong>Otel \u0130la\u00e7lama<\/strong><\/h1>\n<p><strong>Otellerde pest control hizmeti <\/strong>, konaklama tesislerinde hijyen kurallar\u0131n\u0131n ba\u015f\u0131nda gelmektedir. \u00c7evrede b\u00f6cek ve di\u011fer ha\u015ferelerin varl\u0131\u011f\u0131 otellerde ve di\u011fer benzeri konaklama tesislerinde tiksindirici ve korkutucu g\u00f6r\u00fcn\u00fcmleriyle m\u00fc\u015fteriler \u00fczerinde k\u00f6t\u00fc intibalar b\u0131rakmaktad\u0131r. \u0130\u015flevi gere\u011fi g\u00fcn\u00fcbirlik m\u00fc\u015fteriler taraf\u0131ndan kullan\u0131lan bu tesisler \u00e7e\u015fitli b\u00f6lgelerden gelen insanlar\u0131n, bavullar\u0131 ve di\u011fer kullan\u0131m e\u015fyalar\u0131ndan \u00e7e\u015fitli b\u00f6cek ve di\u011fer mikroskobik canl\u0131lar\u0131n ta\u015f\u0131nmas\u0131na neden olabilmektedir.<\/p>\n<p>Otellerde zararl\u0131 kontrol\u00fc d\u00fczenli ve ayl\u0131k periyotlarla profesyonel firmalar taraf\u0131ndan yap\u0131lmal\u0131d\u0131r. Bu durum ihmal edilirse \u00e7evrede: fare, <a href=\"https:\/\/kocaeli.worldpest.com.tr\/hamam-bocegi\/\">hamam b\u00f6ce\u011fi<\/a>, mite, bit, <a href=\"https:\/\/kocaeli.worldpest.com.tr\/tahtakurusu\/\">tahtakurusu<\/a> ve di\u011fer ha\u015fereler tesiste ho\u015f olmayan g\u00f6r\u00fcnt\u00fcler sergilemekle m\u00fc\u015fterilerin ka\u00e7malar\u0131na neden olabilirler. \u00d6zellikle en \u00e7ok \u015fik\u00e2yet geceyi otelde ge\u00e7iren m\u00fc\u015fterilerin sabaha kadar tahtakurusu \u0131s\u0131r\u0131klar\u0131 ile gece vermi\u015f oldu\u011fu huzursuzlu\u011fun i\u015fletmeye olan g\u00fcvenlerinin bitmesi ile sonu\u00e7lanmas\u0131d\u0131r. Benzer sorunlardan birisi de bit bula\u015fmas\u0131d\u0131r. Yerli ve yabanc\u0131 m\u00fc\u015fterilerin her daim bar\u0131nmas\u0131 ile, otel ila\u00e7lama ve dezenfekte bak\u0131mlar\u0131 aksat\u0131ld\u0131\u011f\u0131nda, salg\u0131n hastal\u0131klar\u0131n olu\u015fumu ve toplu insan k\u0131y\u0131mlar\u0131na sebebiyet verebilir.<\/p>\n<p>&nbsp;<\/p>\n<p><strong>Otel ila\u00e7lama<\/strong> Sa\u011fl\u0131k Bakanl\u0131\u011f\u0131 taraf\u0131ndan da s\u0131k\u0131 takip edilmektedir. Otel ila\u00e7lamas\u0131 ve di\u011fer \u00f6nemli konular\u0131n ba\u015f\u0131ndan gelen, yatak temizli\u011fi, g\u0131da-mutfak, havuz ve spor komplekslerinin hijyen bak\u0131mlar\u0131na dikkat edilmiyorsa, otel mahkeme karar\u0131 ile m\u00fch\u00fcrlenerek \u00f6ng\u00f6r\u00fclen belli bir zamana kadar cezaland\u0131r\u0131l\u0131r ve b\u00fct\u00fcn \u015fartlar\u0131n iyile\u015ftirilmesi ile s\u0131k\u0131 yapt\u0131r\u0131mlar uygulan\u0131r. Bununla da kalmayarak s\u00fcrekli devlet taraf\u0131ndan ani bask\u0131nlarla kontrolleri ger\u00e7ekle\u015fir.<br \/>\n<strong>Otel ila\u00e7lama<\/strong> hizmetini firmam\u0131z Sa\u011fl\u0131k bakanl\u0131\u011f\u0131 ve tar\u0131m K\u00f6y i\u015fleri bakanl\u0131\u011f\u0131n\u0131n onay\u0131na sahip sertifikal\u0131 uzman kadrosu ve bakanl\u0131\u011f\u0131n onaylad\u0131\u011f\u0131 insan sa\u011fl\u0131\u011f\u0131n\u0131 etkilemeyen ila\u00e7larla yapmaktad\u0131r. Kokusuz, renksiz ila\u00e7larla m\u00fc\u015fterileri rahats\u0131z etmeden kolay ve kesin \u00e7\u00f6z\u00fcm sa\u011flayan insektisitlerle <strong>ha\u015fere kontrolleri<\/strong> sa\u011flanarak i\u015fletmenizle m\u00fc\u015fterilerinize g\u00fcven verebilirsiniz.<\/p>\n<p>&nbsp;<\/p>\n","protected":false},"excerpt":{"rendered":"<p>&nbsp; Otel \u0130la\u00e7lama Otellerde pest control hizmeti , konaklama tesislerinde hijyen kurallar\u0131n\u0131n ba\u015f\u0131nda gelmektedir. \u00c7evrede b\u00f6cek ve di\u011fer ha\u015ferelerin varl\u0131\u011f\u0131 otellerde ve di\u011fer benzeri konaklama tesislerinde tiksindirici ve korkutucu g\u00f6r\u00fcn\u00fcmleriyle m\u00fc\u015fteriler \u00fczerinde k\u00f6t\u00fc intibalar b\u0131rakmaktad\u0131r. \u0130\u015flevi gere\u011fi g\u00fcn\u00fcbirlik m\u00fc\u015fteriler taraf\u0131ndan kullan\u0131lan bu tesisler \u00e7e\u015fitli b\u00f6lgelerden gelen insanlar\u0131n, bavullar\u0131 ve di\u011fer kullan\u0131m e\u015fyalar\u0131ndan \u00e7e\u015fitli b\u00f6cek ve&#8230;<\/p>\n","protected":false},"author":1,"featured_media":0,"parent":0,"menu_order":0,"comment_status":"closed","ping_status":"closed","template":"","meta":{"_joinchat":[],"footnotes":""},"class_list":["post-8303","page","type-page","status-publish","hentry"],"_links":{"self":[{"href":"https:\/\/kocaeli.worldpest.com.tr\/index.php?rest_route=\/wp\/v2\/pages\/8303","targetHints":{"allow":["GET"]}}],"collection":[{"href":"https:\/\/kocaeli.worldpest.com.tr\/index.php?rest_route=\/wp\/v2\/pages"}],"about":[{"href":"https:\/\/kocaeli.worldpest.com.tr\/index.php?rest_route=\/wp\/v2\/types\/page"}],"author":[{"embeddable":true,"href":"https:\/\/kocaeli.worldpest.com.tr\/index.php?rest_route=\/wp\/v2\/users\/1"}],"replies":[{"embeddable":true,"href":"https:\/\/kocaeli.worldpest.com.tr\/index.php?rest_route=%2Fwp%2Fv2%2Fcomments&post=8303"}],"version-history":[{"count":4,"href":"https:\/\/kocaeli.worldpest.com.tr\/index.php?rest_route=\/wp\/v2\/pages\/8303\/revisions"}],"predecessor-version":[{"id":8418,"href":"https:\/\/kocaeli.worldpest.com.tr\/index.php?rest_route=\/wp\/v2\/pages\/8303\/revisions\/8418"}],"wp:attachment":[{"href":"https:\/\/kocaeli.worldpest.com.tr\/index.php?rest_route=%2Fwp%2Fv2%2Fmedia&parent=8303"}],"curies":[{"name":"wp","href":"https:\/\/api.w.org\/{rel}","templated":true}]}}