{"id":8305,"date":"2022-04-27T14:55:45","date_gmt":"2022-04-27T14:55:45","guid":{"rendered":"https:\/\/kocaeli.worldpest.com.tr\/?page_id=8305"},"modified":"2022-05-09T22:05:35","modified_gmt":"2022-05-09T22:05:35","slug":"dis-alanlarda-zararli-mucadelesi","status":"publish","type":"page","link":"https:\/\/kocaeli.worldpest.com.tr\/?page_id=8305","title":{"rendered":"D\u0131\u015f Alanlarda Zararl\u0131 M\u00fccadelesi"},"content":{"rendered":"<p><strong>Bah\u00e7e ila\u00e7lama<\/strong>: G\u00fcn\u00fcm\u00fczde h\u0131zla b\u00fcy\u00fcyen mega \u015fehirlerin ba\u015f\u0131n\u0131 \u00e7eken \u0130stanbul\u2019da tabiat\u0131n bozulan do\u011fas\u0131yla i\u00e7 i\u00e7eyiz. Her taraf\u0131 kaplayan beton ve asfalt y\u0131\u011f\u0131nlar\u0131ndan kurtarabildi\u011fimiz tek toprak par\u00e7as\u0131 k\u00fc\u00e7\u00fck bah\u00e7elerimizdir. Fakat her b\u00fcy\u00fck \u015fehrin daralan ya\u015fam alan\u0131yla ekosistemin b\u00fct\u00fcn d\u00f6ng\u00fcs\u00fc bu k\u00fc\u00e7\u00fck do\u011fal alana y\u00f6nelmi\u015f durumdad\u0131r. Bah\u00e7elerimiz hayatta kalabilmek i\u00e7in, y\u00fcr\u00fcyen, u\u00e7an ve kemirgen ha\u015ferelerinde istilas\u0131 alt\u0131ndad\u0131r. Buna istinaden <strong>bah\u00e7e ila\u00e7lama<\/strong> uygulamas\u0131 yap\u0131lamam\u0131\u015f ise do\u011fal olarak bu canl\u0131lar\u0131n varl\u0131\u011f\u0131 insan sa\u011fl\u0131\u011f\u0131 \u00fczerinde b\u00fcy\u00fck risklere yol a\u00e7acakt\u0131r.<\/p>\n<h2>Bah\u00e7e \u0130la\u00e7laman\u0131n \u00d6nemi<\/h2>\n<p>\u0130nsan do\u011fas\u0131 gere\u011fi tabiat\u0131n \u00f6z\u00fcnde olan kat\u0131ks\u0131z ya\u015fam\u0131 \u00f6zledi\u011finden, \u00e7im toprak ve \u00e7i\u00e7eklerle donat\u0131lm\u0131\u015f sessiz bir ortamda dinlenmek ve huzura eri\u015fmek gibi gereksinimlere s\u0131k s\u0131k ihtiya\u00e7 duyar. Bunun i\u00e7inde oturmu\u015f oldu\u011fumuz apartman ve ya m\u00fcstakil evlerin bah\u00e7e katlar\u0131nda bu huzuru arar\u0131z. Fakat bu alanlarda her mevsim zararl\u0131 canl\u0131lar\u0131n sald\u0131r\u0131lar\u0131na maruz kalmam\u0131z an meselesidir. Bunun i\u00e7in <strong>bah\u00e7e ila\u00e7lama <\/strong>b\u00fcy\u00fck bir \u00f6neme sahiptir. \u00d6zellikle y\u0131lan, akrep, \u00e7\u0131yan, kene, fare giller gibi canl\u0131lar, g\u00fcn\u00fcm\u00fczde bir \u00e7ok \u00f6l\u00fcme sebep olmu\u015flard\u0131r. Aileler emniyetli oldu\u011funu d\u00fc\u015f\u00fcnerek \u00e7ocuklar\u0131n oyun i\u00e7in zamanlar\u0131n\u0131n \u00e7o\u011funu bah\u00e7ede ge\u00e7irmesini \u00f6ng\u00f6r\u00fcyorken, fakat bu zararl\u0131lar\u0131n sald\u0131r\u0131lar\u0131na pek \u00e7ok defa u\u011fram\u0131\u015flard\u0131r. Bah\u00e7ede belli bir s\u00fcre sonra yiyecek s\u0131k\u0131nt\u0131s\u0131na d\u00fc\u015ft\u00fckleri i\u00e7in apartman ortak kullan\u0131m alanlar\u0131ndan, dairelere ve oradan da mutfaklar\u0131m\u0131za kadar girerler. Ha\u015fereler u\u011frad\u0131klar\u0131 her yere yumurta b\u0131rakarak ve ya yavru do\u011furarak \u00e7o\u011fal\u0131rlar. Bu nedenle <strong>bah\u00e7e ila\u00e7lamas\u0131<\/strong> ile arkas\u0131 kesilmeyen bu zararl\u0131lardan kesin \u00e7\u00f6z\u00fcm elde etmek m\u00fcmk\u00fcnd\u00fcr.<\/p>\n<h2>Bah\u00e7e \u0130la\u00e7lama nas\u0131l yap\u0131l\u0131r<\/h2>\n<p><strong>Bah\u00e7e ila\u00e7lama<\/strong>, yap\u0131laca\u011f\u0131 zaman g\u00f6z \u00f6n\u00fcnde bulundurulmas\u0131 gereken ha\u015fereler i\u00e7in farkl\u0131 insektisitleri haz\u0131rlayarak <strong>bah\u00e7e ila\u00e7lamas\u0131<\/strong> i\u00e7in gerekli olan<strong> ila\u00e7lama pompas\u0131<\/strong>, fare yem istasyonu ve di\u011fer <strong>ila\u00e7lama ekipmanlar\u0131<\/strong> olan ulv makinas\u0131, atimiz\u00f6r v.b ara\u00e7lar\u0131 kullanarak uygulama yap\u0131l\u0131r.<\/p>\n<p><strong>*Fare ila\u00e7lama i\u015flemi<\/strong> i\u00e7in <strong>kemirgen kontrol istasyonlar\u0131<\/strong>, e\u015fit mesafelerde genellikle yirmi ad\u0131mda bir aral\u0131klarla bah\u00e7e \u00e7it kenarlar\u0131na kurulmal\u0131d\u0131r.<\/p>\n<p><strong>Salyangoz ila\u00e7lama i\u015flemi<\/strong> i\u00e7in, salyangozit bah\u00e7eye tohum serper gibi abart\u0131lmadan yap\u0131lmal\u0131d\u0131r, ve ya bir ya\u011fmur ve g\u00fcne\u015f g\u00f6rmeyen bir ka\u00e7 b\u00f6lge belirlenerek \u00e7ay ka\u015f\u0131\u011f\u0131 ile \u00f6l\u00e7eklendirerek topluca b\u0131rak\u0131lmal\u0131d\u0131r.<\/p>\n<p><strong>Kene ila\u00e7lama i\u00e7in<\/strong> s\u0131v\u0131 ila\u00e7lar su ile seyreltilip <strong>p\u00fcsk\u00fcrtme pompas\u0131<\/strong> ve di\u011fer makinalarla alanda kuru yer kalmayacak \u015fekilde \u00e7imlerin \u0131slanaca\u011f\u0131 bi\u00e7imde ila\u00e7lanmal\u0131d\u0131r.<\/p>\n<p><strong>Y\u0131lan ila\u00e7lama i\u00e7in<\/strong> ise (<em>kesin bir ilac\u0131 yoktur, ancak bu hususta en iyi madde k\u00fck\u00fcrtt\u00fcr)<\/em> K\u00fck\u00fcrt bina duvar dibi ve bah\u00e7e duvar\u0131 kenar\u0131na, uygunlu\u011funa g\u00f6re i\u00e7 alan veya d\u0131\u015f alan i\u00e7in futbol sahas\u0131n\u0131 kire\u00e7 ile \u00e7izer gibi k\u00fck\u00fcrt uygulanmal\u0131d\u0131r. (<strong>Not :k\u00fck\u00fcrt ve kene ila\u00e7lamas\u0131 i\u00e7in tulum ve \u00e7izme giyilmesi \u015fartt\u0131r)<\/strong><\/p>\n<p><strong>Sinek ila\u00e7lama i\u00e7in<\/strong> ise seyreltilen gran\u00fcr ila\u00e7 bah\u00e7e bitkileri, \u00f6zellikle a\u011fa\u00e7 dal ve yapraklar\u0131na, bina duvar\u0131na bir insan boyu kadar \u0131slat\u0131lacak kadar ila\u00e7lanmal\u0131d\u0131r.<\/p>\n<p>Di\u011fer b\u00f6cekler:<a href=\"https:\/\/kocaeli.worldpest.com.tr\/karincalar\/\"> <strong>Kar\u0131nca \u0130la\u00e7lama<\/strong><\/a>, <strong>hamam b\u00f6ce\u011fi ila\u00e7lama<\/strong>, <a href=\"https:\/\/kocaeli.worldpest.com.tr\/akrep\/\"><strong>akrep ila\u00e7lama<\/strong><\/a> gibi <strong>bah\u00e7e ila\u00e7lamas\u0131<\/strong> i\u00e7in ise yukar\u0131da a\u00e7\u0131klanan<strong> kene ila\u00e7lamas\u0131<\/strong> gibi ila\u00e7lama yap\u0131lmal\u0131d\u0131r.<\/p>\n<h3>Bah\u00e7e \u0130la\u00e7lamas\u0131 Ne Zaman Yap\u0131lmal\u0131d\u0131r<\/h3>\n<p><strong>Bah\u00e7e ila\u00e7lama ne zaman yap\u0131l\u0131r<\/strong> diye d\u00fc\u015f\u00fcnd\u00fc\u011f\u00fcm\u00fczde, d\u0131\u015far\u0131da g\u00fcnl\u00fck kar\u015f\u0131la\u015ft\u0131\u011f\u0131m\u0131z ha\u015fereler g\u00f6z \u00f6n\u00fcnde bulundurularak hesap yapmak gerekir. Yaz\u0131n bir\u00e7ok ha\u015fere g\u00fcn y\u00fcz\u00fcnde var iken; k\u0131\u015f ay\u0131nda ise \u00e7e\u015fitlerin azalmas\u0131 olsa da fare, s\u0131\u00e7anlar, akrep gibi di\u011fer ha\u015fereler mevcuttur. Bunun i\u00e7in <strong>bah\u00e7e ila\u00e7lamas\u0131 ne zaman yap\u0131lmal\u0131d\u0131r <\/strong>diye sormadan mevsimine g\u00f6re \u00f6nlemler al\u0131nmal\u0131d\u0131r.<\/p>\n<h4>Bah\u00e7e ila\u00e7lama Y\u00f6ntemleri<\/h4>\n<p><strong>Bah\u00e7e ila\u00e7lamas\u0131<\/strong>, bilgi isteyen bir i\u015f oldu\u011fundan, bilmeden ve tavsiye \u00fczerine al\u0131nan ila\u00e7larla uygulama yapmak sorunu \u00e7\u00f6zemeyece\u011fi gibi \u00f6l\u00fcmc\u00fcl kazalara da neden olacakt\u0131r. <strong>Bah\u00e7e ila\u00e7lama<\/strong> i\u00e7in <strong>Sa\u011fl\u0131k Bakanl\u0131\u011f\u0131 onayl\u0131 profesyonel ila\u00e7lama \u015firketi <\/strong>ile g\u00f6r\u00fc\u015ferek\u00a0yard\u0131m almak en do\u011fru se\u00e7imdir. Daha \u00e7ok bilgi ve bah\u00e7enize \u00fccretsiz ke\u015fif istemek i\u00e7in l\u00fctfen ileti\u015fim k\u0131sm\u0131ndan uzman kadromuzla 7\/24 irtibata ge\u00e7iniz. <a href=\"https:\/\/kocaeli.worldpest.com.tr\/yilan\/\">Y\u0131lan ila\u00e7lama<\/a> makalemize g\u00f6z atman\u0131z\u0131 tavsiye ederiz.<\/p>\n<p>\u0130nsanlar bar\u0131nd\u0131klar\u0131 ve bulunduklar\u0131 her ortam i\u00e7in, steril ve rahats\u0131z edici her t\u00fcrl\u00fc etmenden uzak bir alan yaratmaya \u00f6zen g\u00f6stermektedirler. Bu sterilli\u011fi bozacak problemlerden olan b\u00f6cek ve ha\u015fere sorunu, \u00f6zellikle apartman dairelerimizde; bah\u00e7esi bulunan binalar\u0131m\u0131zda, bah\u00e7e vb. alanlara sahip m\u00fcstakil yap\u0131lar\u0131n bulundu\u011fu alanlarda s\u0131kl\u0131kla kar\u015f\u0131m\u0131za \u00e7\u0131kar. Bu tip sorunlarla ba\u015f edilebilmesi i\u00e7in ba\u015fvurulan birincil \u00f6nlem ise <strong>bah\u00e7e ila\u00e7lama <\/strong>servisidir.<\/p>\n<p>Konuyla ilgili uzman kadrosuyla b\u00f6cek sorunu tiplerine uygun bir \u015fekilde m\u00fcdahale edebilen ekiplerle \u00e7al\u0131\u015fan bir ila\u00e7lama firmas\u0131 bulmak olduk\u00e7a \u00f6nemlidir. \u00c7\u00fcnk\u00fc do\u011fru ila\u00e7larla do\u011fru uygulama yaparak ge\u00e7irilen s\u00fcre\u00e7, sorunun \u00e7ok k\u0131sa s\u00fcrede k\u00f6kten \u00e7\u00f6z\u00fclebilmesi i\u00e7in en \u00f6nemli esast\u0131r.<\/p>\n<p>WorldPest ila\u00e7lama firmas\u0131 olarak bizler <strong>bah\u00e7e ila\u00e7lama servisi <\/strong>konusunda her zaman en iyi ve en do\u011fru hizmeti vermekteyiz. \u0130la\u00e7lamaya ihtiya\u00e7 duyan t\u00fcm alanlara en k\u0131sa s\u00fcrede ula\u015f\u0131p uygulamay\u0131 memnuniyet garantisi sunarak yap\u0131yor olmam\u0131z, marka olarak yapt\u0131\u011f\u0131m\u0131z her i\u015fi profesyonel olarak y\u00fcr\u00fctebilmemizden kaynaklanmaktad\u0131r.<\/p>\n<h2>Bah\u00e7e \u0130la\u00e7lamas\u0131 Hangi S\u00fcre\u00e7lerde Yap\u0131lmal\u0131d\u0131r?<\/h2>\n<p>Bah\u00e7e ila\u00e7lamas\u0131 s\u00f6z konusu oldu\u011funda, esasen kesin bir ila\u00e7lama s\u00fcrecinden bahsedilmesi pek m\u00fcmk\u00fcn de\u011fildir. Bunun nedeni, ila\u00e7lama ihtiyac\u0131n\u0131n her mevsim ortaya \u00e7\u0131kabilme ihtimalidir. Yani b\u00f6ceklerin ve ha\u015ferelerin yaz mevsimini daha \u00e7ok sevdikleri bilinmektedir ancak do\u011fan\u0131n uyan\u0131\u015f\u0131n\u0131 temsilen canl\u0131l\u0131\u011f\u0131n ve yiyecek ihtiyac\u0131n\u0131n artt\u0131\u011f\u0131 bahar aylar\u0131 ya da so\u011fuk ko\u015fullardan dolay\u0131 ha\u015ferelerin yiyecek ve bar\u0131nma konusundaki ihtiya\u00e7lar\u0131n\u0131 giderebilmek i\u00e7in bizlerin ya\u015fam alanlar\u0131na ak\u0131n ettikleri k\u0131\u015f aylar\u0131 da ayn\u0131 \u015fekilde ila\u00e7lama ihtiyac\u0131n\u0131n yo\u011fun oldu\u011fu d\u00f6nemlerdir.<\/p>\n<p>\u00d6zellikle bah\u00e7eli alanlara sahip olan evler, ofisler, d\u00fckkanlar vb. yap\u0131lar\u0131n her mevsim b\u00f6cek sorunuyla daha s\u0131k kar\u015f\u0131la\u015ft\u0131\u011f\u0131n\u0131 da s\u00f6ylemek m\u00fcmk\u00fcnd\u00fcr. Pek \u00e7ok \u00e7e\u015fit istenmeyen t\u00fcrdeki b\u00f6ceklerin yan\u0131nda bir de fare, akrep, s\u0131\u00e7an gibi \u00f6rneklendirebilece\u011fimiz daha b\u00fcy\u00fck ha\u015ferelerin bizlerin alan\u0131na dahil olmas\u0131n\u0131 engelleyebilmek i\u00e7in k\u0131saca her mevsim <strong>bah\u00e7e b\u00f6cek ila\u00e7lama <\/strong>hizmetine ihtiya\u00e7 duyuldu\u011funu s\u00f6ylemek m\u00fcmk\u00fcnd\u00fcr.<\/p>\n<h2>Bah\u00e7e \u0130la\u00e7lamas\u0131 Nas\u0131l Yap\u0131lmal\u0131d\u0131r?<\/h2>\n<p>Yap\u0131lacak bah\u00e7e ila\u00e7lamalar\u0131nda, do\u011fru insektisit (b\u00f6cek ilac\u0131) kullan\u0131m\u0131 ve do\u011fru ekipmanlarla uygulamay\u0131 ba\u015farma s\u00fcre\u00e7leri \u00e7ok \u00f6nemlidir. \u00c7\u00fcnk\u00fc do\u011fru ila\u00e7 ve do\u011fru y\u00f6ntemle yap\u0131lmayan ila\u00e7lamalar b\u00f6cek ve ha\u015fere sorununa fayda g\u00f6stermeyecek, sorununuza \u00e7\u00f6z\u00fcm olunmad\u0131\u011f\u0131 gibi ekstradan birka\u00e7 kere daha ila\u00e7land\u0131rma yapman\u0131z gerekece\u011fi i\u00e7in maddi manevi zarara u\u011frama ihtimaliniz olacakt\u0131r.<\/p>\n<p>\u0130lac\u0131n do\u011fru belirlenmesinin haricinde <strong>b\u00f6cek ila\u00e7lama pompas\u0131<\/strong> ya da atomiz\u00f6r gibi ila\u00e7lama damlal\u0131klar\u0131n\u0131n da do\u011fru bir \u015fekilde se\u00e7ilmesi s\u00fcreci \u00e7ok \u00f6nemlidir. Bu konularda do\u011fru se\u00e7imler, yaz\u0131m\u0131z\u0131n ba\u015f\u0131nda da bahsetti\u011fimiz gibi bu i\u015fte profesyonel olarak hizmet veren ve ila\u00e7lamay\u0131 yapan uzmanlar\u0131n nerede hangi i\u015flem ve ilac\u0131n kullan\u0131lmas\u0131 gerekti\u011fini bilmeleri durumunda yap\u0131lm\u0131\u015f say\u0131lmaktad\u0131r.<\/p>\n<p>Ha\u015fereler ve b\u00f6ceklerin t\u00fcrlerine g\u00f6re yap\u0131lmas\u0131 uygun g\u00f6r\u00fclen ila\u00e7lamalar \u015fu \u015fekilde \u00f6zetlenebilir;<\/p>\n<p>B\u00f6cek ila\u00e7lama: Evlerimizde denk geldi\u011fimiz b\u00f6cek t\u00fcrlerinin hemen hemen hepsi (kar\u0131nca, hamam b\u00f6ce\u011fi, kalorifer b\u00f6ce\u011fi vb.) s\u0131v\u0131 ila\u00e7lar kullan\u0131larak ila\u00e7lanmal\u0131d\u0131r. \u00d6ncelikle su ile seyreltilen bu ila\u00e7lar daha sonra p\u00fcsk\u00fcrtme pompas\u0131yla sorunun ya\u015fand\u0131\u011f\u0131 alanda kuru yer kalmayacak \u015fekilde uygulanmaktad\u0131r.<\/p>\n<p>Fare ila\u00e7lama: Fare gibi b\u00fcy\u00fck yap\u0131l\u0131 ha\u015fereler girdikleri ortamlarda sorunlar \u00e7\u0131kard\u0131klar\u0131 gibi insan sa\u011fl\u0131\u011f\u0131 i\u00e7in ciddi sorunlar yaratan canl\u0131lar olduklar\u0131ndan insanlar\u0131n bulunduklar\u0131 alanlardan ivedilikle uzakla\u015ft\u0131r\u0131lmalar\u0131 gerekmektedir. Bunun i\u00e7in farenin bulundu\u011fu alana e\u015fit mesafelerle kemirgen kontrol istasyonlar\u0131 kurularak sorun kontrol alt\u0131na al\u0131nmaya \u00e7al\u0131\u015f\u0131l\u0131r.<\/p>\n<p>S\u00fcr\u00fcngen ila\u00e7lama: Y\u0131lan gibi s\u00fcr\u00fcngenlerin insan ya\u015fam alanlar\u0131nda ya da insanlar\u0131n sosyalle\u015fti\u011fi alanlarda bulunmas\u0131 \u00f6nemli bir tehlikedir. Y\u0131lanlar\u0131 bu ortamdan uzakla\u015ft\u0131rmak i\u00e7in k\u00fck\u00fcrt kullan\u0131ld\u0131\u011f\u0131 s\u00f6ylenebilir. \u0130la\u00e7lamayla alakal\u0131 kesin bir etkin ila\u00e7 bulunamad\u0131\u011f\u0131ndan bunun yerine evlerde, binalarda, geni\u015f alanlarda uzmanlar koruyucu k\u0131yafetlerini giyerek k\u00fck\u00fcrt uygulamas\u0131n\u0131 bulunulan alan\u0131n kenarlar\u0131na d\u00f6kerek bitirmektedirler.<\/p>\n<p>Sinek ila\u00e7lama: Sinekler her ne kadar k\u00fc\u00e7\u00fck ve u\u00e7an canl\u0131lar olsalar da, bir alanda toplanarak \u00e7o\u011falmalar\u0131 rahats\u0131z edici olabilmektedir. <strong>Acil bah\u00e7e ila\u00e7lama <\/strong>durumlar\u0131nda sineklerin de bir sorun yaratt\u0131\u011f\u0131n\u0131 bu sebepten s\u00f6yleyebilmek m\u00fcmk\u00fcnd\u00fcr. Bah\u00e7elerdeki bitkilerin yapraklar\u0131na ve dallar\u0131na, e\u011fer ev ya da apartmanda uygulama yap\u0131l\u0131yorsa insanlar\u0131n ortalama boyuyla e\u015fit olacak \u015fekilde seyreltilerek p\u00fcsk\u00fcrtme i\u015flemi yap\u0131l\u0131r.<\/p>\n","protected":false},"excerpt":{"rendered":"<p>Bah\u00e7e ila\u00e7lama: G\u00fcn\u00fcm\u00fczde h\u0131zla b\u00fcy\u00fcyen mega \u015fehirlerin ba\u015f\u0131n\u0131 \u00e7eken \u0130stanbul\u2019da tabiat\u0131n bozulan do\u011fas\u0131yla i\u00e7 i\u00e7eyiz. Her taraf\u0131 kaplayan beton ve asfalt y\u0131\u011f\u0131nlar\u0131ndan kurtarabildi\u011fimiz tek toprak par\u00e7as\u0131 k\u00fc\u00e7\u00fck bah\u00e7elerimizdir. Fakat her b\u00fcy\u00fck \u015fehrin daralan ya\u015fam alan\u0131yla ekosistemin b\u00fct\u00fcn d\u00f6ng\u00fcs\u00fc bu k\u00fc\u00e7\u00fck do\u011fal alana y\u00f6nelmi\u015f durumdad\u0131r. Bah\u00e7elerimiz hayatta kalabilmek i\u00e7in, y\u00fcr\u00fcyen, u\u00e7an ve kemirgen ha\u015ferelerinde istilas\u0131 alt\u0131ndad\u0131r&#8230;.<\/p>\n","protected":false},"author":1,"featured_media":0,"parent":0,"menu_order":0,"comment_status":"closed","ping_status":"closed","template":"","meta":{"_joinchat":[],"footnotes":""},"class_list":["post-8305","page","type-page","status-publish","hentry"],"_links":{"self":[{"href":"https:\/\/kocaeli.worldpest.com.tr\/index.php?rest_route=\/wp\/v2\/pages\/8305","targetHints":{"allow":["GET"]}}],"collection":[{"href":"https:\/\/kocaeli.worldpest.com.tr\/index.php?rest_route=\/wp\/v2\/pages"}],"about":[{"href":"https:\/\/kocaeli.worldpest.com.tr\/index.php?rest_route=\/wp\/v2\/types\/page"}],"author":[{"embeddable":true,"href":"https:\/\/kocaeli.worldpest.com.tr\/index.php?rest_route=\/wp\/v2\/users\/1"}],"replies":[{"embeddable":true,"href":"https:\/\/kocaeli.worldpest.com.tr\/index.php?rest_route=%2Fwp%2Fv2%2Fcomments&post=8305"}],"version-history":[{"count":3,"href":"https:\/\/kocaeli.worldpest.com.tr\/index.php?rest_route=\/wp\/v2\/pages\/8305\/revisions"}],"predecessor-version":[{"id":8438,"href":"https:\/\/kocaeli.worldpest.com.tr\/index.php?rest_route=\/wp\/v2\/pages\/8305\/revisions\/8438"}],"wp:attachment":[{"href":"https:\/\/kocaeli.worldpest.com.tr\/index.php?rest_route=%2Fwp%2Fv2%2Fmedia&parent=8305"}],"curies":[{"name":"wp","href":"https:\/\/api.w.org\/{rel}","templated":true}]}}