{"id":8319,"date":"2022-04-27T14:57:31","date_gmt":"2022-04-27T14:57:31","guid":{"rendered":"https:\/\/kocaeli.worldpest.com.tr\/?page_id=8319"},"modified":"2022-05-09T18:43:30","modified_gmt":"2022-05-09T18:43:30","slug":"dezenfeksiyon-ve-virus-mucadelesi","status":"publish","type":"page","link":"https:\/\/kocaeli.worldpest.com.tr\/?page_id=8319","title":{"rendered":"Dezenfeksiyon ve Vir\u00fcs M\u00fccadelesi"},"content":{"rendered":"<h1 style=\"text-align: center;\">Dezenfeksiyon<\/h1>\n<h3 style=\"text-align: center;\"><img loading=\"lazy\" decoding=\"async\" class=\"alignnone size-medium wp-image-8411\" style=\"font-size: 16px;\" src=\"https:\/\/kocaeli.worldpest.com.tr\/wp-content\/uploads\/2022\/05\/WhatsApp-Image-2020-03-31-at-20.04.25-300x169.jpeg\" alt=\"\" width=\"300\" height=\"169\" srcset=\"https:\/\/kocaeli.worldpest.com.tr\/wp-content\/uploads\/2022\/05\/WhatsApp-Image-2020-03-31-at-20.04.25-300x169.jpeg 300w, https:\/\/kocaeli.worldpest.com.tr\/wp-content\/uploads\/2022\/05\/WhatsApp-Image-2020-03-31-at-20.04.25-1024x576.jpeg 1024w, https:\/\/kocaeli.worldpest.com.tr\/wp-content\/uploads\/2022\/05\/WhatsApp-Image-2020-03-31-at-20.04.25.jpeg 1600w\" sizes=\"auto, (max-width: 300px) 100vw, 300px\" \/><\/h3>\n<p style=\"text-align: center;\">Hijyenik alanlar ve \u00fcr\u00fcnler elde edebilmek i\u00e7in her daim gerekli olan temizlik y\u00f6ntemleri alan\u0131nda olan en iyi korunma ve detayl\u0131 savunma tedbirleri aras\u0131nda Dezenfeksiyon \u00e7al\u0131\u015fmalar\u0131 sa\u011fl\u0131kl\u0131, g\u00fcvenli alanlar olu\u015fturur. Aktif olarak kullan\u0131lan yerle\u015fim yerleri, \u00e7al\u0131\u015fma alanlar\u0131 insan, hayvan, bitki, i\u015flenmi\u015f ve stoklanm\u0131\u015f g\u0131dalar, yerle\u015fim alanlar\u0131 ve uzun s\u00fcre kullan\u0131lmam\u0131\u015f \u00fcr\u00fcn ve ekipmanlar \u00fczerinde olu\u015fan bakteri, vir\u00fcs, mantar ve mikroorganizmalar\u0131n olu\u015fumlar\u0131n\u0131 engellemek ve olu\u015fumlar\u0131n\u0131 bertaraf etmek i\u00e7in detayl\u0131 temizlik \u00e7al\u0131\u015fmalar\u0131 i\u00e7in periyodik olarak uygulamalar\u0131 yap\u0131lmal\u0131d\u0131r.<\/p>\n<h2 style=\"text-align: center;\">BAKTER\u0130 YA\u015eAM ALANLARI VE \u00dcREMELER\u0130<br \/>\nBAKTER\u0130<\/h2>\n<p>Vir\u00fcs ve bakteri konular\u0131 olduk\u00e7a uzun uzad\u0131ya konulard\u0131r. Burada sadece k\u0131sa bilgiler ile konuya de\u011finece\u011fiz. Bakteri ve vir\u00fcsler canl\u0131lar \u00fczerinde olu\u015fan ve daha sonra ise ta\u015f\u0131y\u0131c\u0131 taraf\u0131ndan canl\u0131ya, e\u015fyaya ve ortam atmosferine yay\u0131lan konak\u00e7\u0131 mikro canl\u0131lard\u0131r, canl\u0131 \u00fczerinde h\u0131zl\u0131 \u00fcredi\u011fi gibi, di\u011fer cans\u0131z ve nesnelerin ve alan\u0131n hava \u015fartlar\u0131na konumuna ve madde bi\u00e7imine g\u00f6re tutunurlar. B\u00f6ylece bazen tazeli\u011fini koruyarak konak\u00e7\u0131s\u0131n\u0131 bekler bazen de canl\u0131lar d\u0131\u015f\u0131nda \u0131s\u0131 yard\u0131m\u0131 ile \u00e7o\u011fal\u0131p \u00fcreyerek say\u0131lar\u0131n\u0131 artt\u0131r\u0131rlar. Bakteriler vir\u00fcslere oranla do\u011fada daha yayg\u0131nd\u0131r ve olduk\u00e7a fazla t\u00fcrlere sahiptirler. \u0130ki ana ba\u015fl\u0131k alt\u0131nda faydal\u0131 ve zararl\u0131 bakteriler olarak da nitelendirebiliriz. Bula\u015fma y\u00f6ntemleri temas ve akut yoldan almayla ger\u00e7ekle\u015fir. Bu nedenle dezenfektan \u00fcr\u00fcnleri ile her daim dezenfeksiyon i\u015flemi yap\u0131lmal\u0131d\u0131r.<\/p>\n<h2 style=\"text-align: center;\">V\u0130R\u00dcS<\/h2>\n<p>Daha \u00e7ok akut ve biyolojik al\u0131mlardan ge\u00e7i\u015f sa\u011flar. Bakterilerden olduk\u00e7a farkl\u0131d\u0131r. Bakterilerin aksine b\u00f6l\u00fcnerek \u00e7o\u011falmazlar ancak vir\u00fcs canl\u0131 h\u00fccrelerine ge\u00e7tikten sonra h\u00fccre de proteinler RNA ve DNA\u2019dan a\u00e7\u0131\u011fa \u00e7\u0131karak konak h\u00fccrelerinde hayat bulur. Vir\u00fcsler i\u00e7in canl\u0131 varl\u0131klar demek tam olarak do\u011fru bir tabir de\u011fildir. Bunun nedeni canl\u0131l\u0131k \u00f6zelli\u011fini ta\u015f\u0131y<\/p>\n<p>an yap\u0131lardan metabolizmalardan yoksun olmas\u0131d\u0131r. Ancak bir hayata sahip olduklar\u0131n\u0131 s\u00f6ylemek tarif i\u00e7in uygundur. Konak\u00e7\u0131 mikroorganizmalard\u0131r. Bakterilerden 1000\/1 ne denk gelmektedir.<\/p>\n<h3 style=\"text-align: center;\">BAKTER\u0130LER SICAK VE SO\u011eUKTA \u00d6L\u00dcRLER M\u0130?<\/h3>\n<p>Vir\u00fcs ve bakteri aras\u0131nda olduk\u00e7a b\u00fcy\u00fck fark vard\u0131r. Vir\u00fcs, bir bakterinin 100%1b\u00fcy\u00fckl\u00fc\u011f\u00fcndedir. V\u0130R\u00dcS; plazmidler (kendi kendini e\u015fleyen) veya bakterilerden evrilmi\u015ftir. Vir\u00fcslerin \u00e7o\u011funlu\u011fu proteinlerle olu\u015ftu\u011fu kabul edilmektedir.<\/p>\n<h3 style=\"text-align: center;\">DEZENFEKS\u0130YONUN \u00d6NEM\u0130<br \/>\nNANO TEKNOLOJ\u0130-DEZENFEKS\u0130YON<\/h3>\n<p>Bir ofis veya \u00fcretim alan\u0131nda bakteriler ve vir\u00fcsler; masa, sandalye, dolap, kap\u0131 ve pencere kolu ve y\u00fczeyleri, havada as\u0131l\u0131 kalan agresol t\u00fcr\u00fcnde bile alan i\u00e7indeki hava ak\u0131m\u0131 ile ki\u015fiye bula\u015fabilir. \u00dcretim alanlar\u0131nda ise daim\u00ee kullan\u0131lan; makine ve cihaz kontrol d\u00fc\u011fmeleri, ta\u015f\u0131ma el arabalar\u0131, kumandalar, gibi s\u00fcrekli el de\u011fen alanlarda ge\u00e7i\u015fleri ve varl\u0131klar\u0131 her daim olmaktad\u0131r.<br \/>\nGenel anlamda bu vir\u00fcs ve bakterilere y\u00f6nelik sterilizasyon ve dezenfeksiyon \u00fcr\u00fcnleri do\u011fru kullan\u0131mlar\u0131 hastal\u0131k etmenleri olan yerlerde vakay\u0131 par\u00e7alayarak yok eder. Dezenfeksiyon \u00fcr\u00fcnlerinin kal\u0131c\u0131l\u0131k boyutu ger\u00e7ek\u00e7i de\u011fildir. Baz\u0131lar\u0131 olsa bile bu toksin madde kal\u0131nt\u0131s\u0131 b\u0131rakt\u0131\u011f\u0131ndan kanserojen kal\u0131nt\u0131lar k\u0131sa s\u00fcrede ba\u015fka hastal\u0131klar\u0131n zeminini olu\u015fturmaktad\u0131r. At\u0131k \u00e7er\u00e7evesi i\u00e7erisinde vir\u00fcs ve bakteriler g\u00fcnl\u00fck temas etme olana\u011f\u0131 y\u00fcksek olan kullan\u0131m yerleri (masa, kap\u0131 kolu, tuvalet sifonu, para gibi) h\u0131zla el de\u011fi\u015fen \u00fcr\u00fcnlerin \u00fczerinde zaten ilac\u0131n kal\u0131c\u0131l\u0131\u011f\u0131 1 g\u00fcn\u00fc ge\u00e7meyecektir. Bu nedenle insan ve di\u011fer varl\u0131klar\u0131n h\u0131zl\u0131 sirk\u00fclasyonlar\u0131n\u0131n oldu\u011fu alanlar\u0131 en az haftada 1 olmak \u015fart\u0131 ile dezenfekte etmenin faydalar\u0131 y\u00fcksektir. Evinizde ayda bir defa dezenfeksiyon yapt\u0131rmak sizin de belli ba\u015fl\u0131 \u00f6nlemler ald\u0131\u011f\u0131n\u0131z anlam\u0131na gelir.<\/p>\n<p>World Pest \u0130la\u00e7lama olarak sizin ihtiya\u00e7 duydu\u011funuz ya\u015fam alanlar\u0131, i\u015f yeri ev ve ara\u00e7lar\u0131n\u0131z\u0131 Nanoteknoloji \u00fcr\u00fcn ve ekipmanlarla dezenfeksiyon hizmetini sa\u011flamam\u0131z i\u00e7in l\u00fctfen m\u00fc\u015fteri temsilcilerimiz ile ileti\u015fime ge\u00e7iniz<\/p>\n","protected":false},"excerpt":{"rendered":"<p>Dezenfeksiyon Hijyenik alanlar ve \u00fcr\u00fcnler elde edebilmek i\u00e7in her daim gerekli olan temizlik y\u00f6ntemleri alan\u0131nda olan en iyi korunma ve detayl\u0131 savunma tedbirleri aras\u0131nda Dezenfeksiyon \u00e7al\u0131\u015fmalar\u0131 sa\u011fl\u0131kl\u0131, g\u00fcvenli alanlar olu\u015fturur. Aktif olarak kullan\u0131lan yerle\u015fim yerleri, \u00e7al\u0131\u015fma alanlar\u0131 insan, hayvan, bitki, i\u015flenmi\u015f ve stoklanm\u0131\u015f g\u0131dalar, yerle\u015fim alanlar\u0131 ve uzun s\u00fcre kullan\u0131lmam\u0131\u015f \u00fcr\u00fcn ve ekipmanlar \u00fczerinde olu\u015fan&#8230;<\/p>\n","protected":false},"author":1,"featured_media":0,"parent":0,"menu_order":0,"comment_status":"closed","ping_status":"closed","template":"","meta":{"_joinchat":[],"footnotes":""},"class_list":["post-8319","page","type-page","status-publish","hentry"],"_links":{"self":[{"href":"https:\/\/kocaeli.worldpest.com.tr\/index.php?rest_route=\/wp\/v2\/pages\/8319","targetHints":{"allow":["GET"]}}],"collection":[{"href":"https:\/\/kocaeli.worldpest.com.tr\/index.php?rest_route=\/wp\/v2\/pages"}],"about":[{"href":"https:\/\/kocaeli.worldpest.com.tr\/index.php?rest_route=\/wp\/v2\/types\/page"}],"author":[{"embeddable":true,"href":"https:\/\/kocaeli.worldpest.com.tr\/index.php?rest_route=\/wp\/v2\/users\/1"}],"replies":[{"embeddable":true,"href":"https:\/\/kocaeli.worldpest.com.tr\/index.php?rest_route=%2Fwp%2Fv2%2Fcomments&post=8319"}],"version-history":[{"count":4,"href":"https:\/\/kocaeli.worldpest.com.tr\/index.php?rest_route=\/wp\/v2\/pages\/8319\/revisions"}],"predecessor-version":[{"id":8413,"href":"https:\/\/kocaeli.worldpest.com.tr\/index.php?rest_route=\/wp\/v2\/pages\/8319\/revisions\/8413"}],"wp:attachment":[{"href":"https:\/\/kocaeli.worldpest.com.tr\/index.php?rest_route=%2Fwp%2Fv2%2Fmedia&parent=8319"}],"curies":[{"name":"wp","href":"https:\/\/api.w.org\/{rel}","templated":true}]}}