{"id":8321,"date":"2022-04-27T14:57:38","date_gmt":"2022-04-27T14:57:38","guid":{"rendered":"https:\/\/kocaeli.worldpest.com.tr\/?page_id=8321"},"modified":"2022-05-09T19:18:18","modified_gmt":"2022-05-09T19:18:18","slug":"fumigasyon-hizmetleri","status":"publish","type":"page","link":"https:\/\/kocaeli.worldpest.com.tr\/?page_id=8321","title":{"rendered":"Fumigasyon Hizmetleri"},"content":{"rendered":"<p>\u00c7e\u015fitli \u00f6zel kimyasallardan olu\u015fan bile\u015fimlerin kapal\u0131 alanlarda olmak \u015fart\u0131 ile \u00e7e\u015fitli \u00fcr\u00fcn ve ya herhangi bir ya\u015fam alan\u0131n\u0131, ha\u015fere ve di\u011fer mikroskobik canl\u0131lardan ar\u0131nd\u0131rmak ya da olu\u015fumlar\u0131n\u0131 engellemek i\u00e7in yeterli dozda gaz ve \u0131s\u0131 \u015feklinde yay\u0131l\u0131m sa\u011flayarak uzman ki\u015filer taraf\u0131ndan uygulanan en etkili steril etme bi\u00e7imine<strong> fumigasyon<\/strong> denir?<\/p>\n<p>Not: <strong>Fumigasyon<\/strong> kal\u0131c\u0131 etkisi bulunmamaktad\u0131r. Ayn\u0131 zamanda i\u015flem sonras\u0131nda \u00fcr\u00fcnler iyi muhafaza edilmese ha\u015fere ve di\u011fer zararl\u0131lar\u0131n istilas\u0131na tekrar maruz kalabilir.<\/p>\n<h2>\u0130ki \u00e7e\u015fit fumigasyon \u015fekli vard\u0131r.<\/h2>\n<p>a)<strong> Vakumlu fumigasyon<\/strong>: \u00d6ncelikle \u00e7al\u0131\u015fma alan\u0131n havas\u0131n\u0131 emerek i\u00e7eride \u00e7ekim g\u00fcc\u00fc olu\u015fturmaktad\u0131r. Bu esnada fumigasyon i\u015flemi ba\u015flad\u0131\u011f\u0131nda \u00e7\u0131kan gazlar h\u0131zl\u0131ca alana yay\u0131larak alan\u0131n d\u0131\u015f kabu\u011funa bas\u0131n\u00e7 uygulamaktad\u0131rlar. B\u00f6ylece i\u00e7eride bulunan t\u00fcm \u00fcr\u00fcnler gaz ve \u0131s\u0131ya maruz kalarak bakteri ve ha\u015fereleri etkisiz hale getirir. Bu en iyi y\u00f6ntemdir. (Burada dikkat edilmesi gereken husus i\u015flem yap\u0131lacak alan\u0131n bas\u0131nca dayan\u0131kl\u0131 olmas\u0131d\u0131r. \u00c7\u00f6kme, ayr\u0131lma ve s\u0131zd\u0131rmaya kar\u015f\u0131 dayan\u0131kl\u0131l\u0131k g\u00f6stermesi gereklidir)<\/p>\n<p>b) <strong>klasik gaz bas\u0131n\u00e7l\u0131 fumigasyon<\/strong>: B\u00fct\u00fcn haz\u0131rl\u0131klar tamamland\u0131ktan sonra<strong> fumigasyon<\/strong> i\u015flemlerinin ba\u015flamas\u0131d\u0131r. Gaz, \u0131s\u0131 yava\u015f ve hacimli bir \u015fekilde etraf\u0131 sarar burada <strong>vakumlu fumigasyon<\/strong> miktar\u0131ndan daha az <strong>fumigant<\/strong> ve \u0131s\u0131 bas\u0131nc\u0131 bulunmaktad\u0131r.<\/p>\n<h2>Peki neden fumigasyon?<\/h2>\n<p><strong>Pest control<\/strong> m\u00fccadelesinde kullan\u0131lan kat\u0131, toz ve s\u0131v\u0131 insektisitler \u00e7o\u011fu zaman<strong> ha\u015fere<\/strong> ve di\u011fer mikro canl\u0131lara ula\u015famazlar, bazen de ula\u015ft\u0131klar\u0131nda yeterli gelmemekle veya etken maddesi formu uyu\u015fmad\u0131\u011f\u0131ndan; mantar, bakteri gibi canl\u0131lar\u0131 etkisi alt\u0131na alamamaktad\u0131rlar.<\/p>\n<p>*G\u00fcn\u00fcm\u00fczde y\u00fck ta\u015f\u0131mac\u0131l\u0131\u011f\u0131 ve ya di\u011fer t\u00fcrl\u00fc depo-antrepo stok \u00fcr\u00fcnlerindeki muhafazay\u0131 sa\u011flamak a\u00e7\u0131s\u0131nda uluslar aras\u0131 ve yurt i\u00e7i y\u00f6netmeliklerinde g\u00fcvenli kabul edilir y\u00f6ntem <strong>fumigasyon<\/strong> ile yap\u0131lan hijyen \u00e7al\u0131\u015fmalar\u0131d\u0131r.<\/p>\n<p>\u00d6nemli :<strong> Fumigasyon<\/strong> do\u011fru \u015fekilde yap\u0131lm\u0131\u015f ise; steril edilmek istenilen \u00fcr\u00fcnlerin kimyas\u0131, \u015fekli veya verimlili\u011fi gibi \u00f6zelliklerine olumsuz etki sa\u011flamaz.<\/p>\n<h3>Dikkat edilmesi gerekilen durumlar<\/h3>\n<p>*\u00c7ok iyi bilinmelidir ki <strong>fumigasyon<\/strong> tehlikeli bir operasyondur.<\/p>\n<p>*En az iki uzman personelin nezaretinde yap\u0131lmal\u0131d\u0131r.<\/p>\n<p>*Gaz maskesi ve \u00f6zel kost\u00fcm ile \u00e7al\u0131\u015fmalar ba\u015flamal\u0131d\u0131r.<\/p>\n<p>*Uygulama yap\u0131lmadan \u00f6nce fiziki \u00f6nlemler al\u0131nmal\u0131d\u0131r.<\/p>\n<p>*<strong>Fumigasyon<\/strong> olmas\u0131 gereken \u00fcr\u00fcnlerin temel \u00f6zelliklerine g\u00f6re <strong>fumigant<\/strong> se\u00e7ilmelidir.<\/p>\n<p>*\u0130nsan ve di\u011fer hayvanlar\u0131 uzakla\u015ft\u0131rmak gerekmektedir.<\/p>\n<p>*<strong>Fumugasyon<\/strong> \u00e7ad\u0131r\u0131, konteyner ve ya betonarme binan\u0131n gaz ka\u00e7ak alan tespitlerinin iyi yap\u0131lmas\u0131 gereklidir.<\/p>\n<p>* Alan havaland\u0131rmas\u0131 i\u00e7in aspirat\u00f6r, yang\u0131n s\u00f6nd\u00fcr\u00fcc\u00fc, oksijen t\u00fcp\u00fc, ilk yard\u0131m \u00e7antas\u0131 olmal\u0131d\u0131r.<\/p>\n<p>*Gerekli bas\u0131n\u00e7, nem, \u0131s\u0131 ve gaz de\u011ferlerini \u00f6l\u00e7en dereceli \u00f6l\u00e7eklerin \u00e7al\u0131\u015f\u0131r olmas\u0131 gereklidir.<\/p>\n<p>*D\u0131\u015f alanda girilmesi yasak olan levhalar ile \u0131\u015f\u0131kl\u0131 ikazlar\u0131n bulunmas\u0131 gereklidir.<\/p>\n<p>*Etkili olabilmesi i\u00e7in uygulamay\u0131 yapan ki\u015finin s\u00f6yledi\u011fi zaman aral\u0131\u011f\u0131nda yine ayn\u0131 ki\u015fi taraf\u0131ndan havaland\u0131r\u0131larak emin bir \u015fekilde kullan\u0131ma a\u00e7\u0131lmas\u0131 gerekmektedir.<\/p>\n<p>Unutulmadan!<strong> fumigasyon<\/strong> bilin\u00e7sizce ve ki\u015fisel y\u00f6ntemler e\u015fli\u011finde yap\u0131lmamal\u0131d\u0131r. \u00d6l\u00fcmc\u00fcl kazalar veren en tehlikeli ila\u00e7lama \u015feklidir. L\u00fctfen \u0130\u015f kazalar\u0131na kar\u015f\u0131 duyarl\u0131 olal\u0131m. <strong>Fumigasyon<\/strong> hakk\u0131nda detayl\u0131 bilgi almak i\u00e7in uzman kadromuzdan yard\u0131m alabilirsiniz.<\/p>\n","protected":false},"excerpt":{"rendered":"<p>\u00c7e\u015fitli \u00f6zel kimyasallardan olu\u015fan bile\u015fimlerin kapal\u0131 alanlarda olmak \u015fart\u0131 ile \u00e7e\u015fitli \u00fcr\u00fcn ve ya herhangi bir ya\u015fam alan\u0131n\u0131, ha\u015fere ve di\u011fer mikroskobik canl\u0131lardan ar\u0131nd\u0131rmak ya da olu\u015fumlar\u0131n\u0131 engellemek i\u00e7in yeterli dozda gaz ve \u0131s\u0131 \u015feklinde yay\u0131l\u0131m sa\u011flayarak uzman ki\u015filer taraf\u0131ndan uygulanan en etkili steril etme bi\u00e7imine fumigasyon denir? Not: Fumigasyon kal\u0131c\u0131 etkisi bulunmamaktad\u0131r. Ayn\u0131 zamanda&#8230;<\/p>\n","protected":false},"author":1,"featured_media":0,"parent":0,"menu_order":0,"comment_status":"closed","ping_status":"closed","template":"","meta":{"_joinchat":[],"footnotes":""},"class_list":["post-8321","page","type-page","status-publish","hentry"],"_links":{"self":[{"href":"https:\/\/kocaeli.worldpest.com.tr\/index.php?rest_route=\/wp\/v2\/pages\/8321","targetHints":{"allow":["GET"]}}],"collection":[{"href":"https:\/\/kocaeli.worldpest.com.tr\/index.php?rest_route=\/wp\/v2\/pages"}],"about":[{"href":"https:\/\/kocaeli.worldpest.com.tr\/index.php?rest_route=\/wp\/v2\/types\/page"}],"author":[{"embeddable":true,"href":"https:\/\/kocaeli.worldpest.com.tr\/index.php?rest_route=\/wp\/v2\/users\/1"}],"replies":[{"embeddable":true,"href":"https:\/\/kocaeli.worldpest.com.tr\/index.php?rest_route=%2Fwp%2Fv2%2Fcomments&post=8321"}],"version-history":[{"count":3,"href":"https:\/\/kocaeli.worldpest.com.tr\/index.php?rest_route=\/wp\/v2\/pages\/8321\/revisions"}],"predecessor-version":[{"id":8420,"href":"https:\/\/kocaeli.worldpest.com.tr\/index.php?rest_route=\/wp\/v2\/pages\/8321\/revisions\/8420"}],"wp:attachment":[{"href":"https:\/\/kocaeli.worldpest.com.tr\/index.php?rest_route=%2Fwp%2Fv2%2Fmedia&parent=8321"}],"curies":[{"name":"wp","href":"https:\/\/api.w.org\/{rel}","templated":true}]}}