{"id":8323,"date":"2022-04-27T14:57:50","date_gmt":"2022-04-27T14:57:50","guid":{"rendered":"https:\/\/kocaeli.worldpest.com.tr\/?page_id=8323"},"modified":"2022-04-27T14:57:50","modified_gmt":"2022-04-27T14:57:50","slug":"zararli-canli-yakalama-monitorleri-cihaz-kafes-ve-kovucular","status":"publish","type":"page","link":"https:\/\/kocaeli.worldpest.com.tr\/?page_id=8323","title":{"rendered":"Zararl\u0131 Canl\u0131 Yakalama Monit\u00f6rleri \u2013 cihaz- kafes ve kovucular"},"content":{"rendered":"","protected":false},"excerpt":{"rendered":"","protected":false},"author":1,"featured_media":0,"parent":0,"menu_order":0,"comment_status":"closed","ping_status":"closed","template":"","meta":{"_joinchat":[],"footnotes":""},"class_list":["post-8323","page","type-page","status-publish","hentry"],"_links":{"self":[{"href":"https:\/\/kocaeli.worldpest.com.tr\/index.php?rest_route=\/wp\/v2\/pages\/8323","targetHints":{"allow":["GET"]}}],"collection":[{"href":"https:\/\/kocaeli.worldpest.com.tr\/index.php?rest_route=\/wp\/v2\/pages"}],"about":[{"href":"https:\/\/kocaeli.worldpest.com.tr\/index.php?rest_route=\/wp\/v2\/types\/page"}],"author":[{"embeddable":true,"href":"https:\/\/kocaeli.worldpest.com.tr\/index.php?rest_route=\/wp\/v2\/users\/1"}],"replies":[{"embeddable":true,"href":"https:\/\/kocaeli.worldpest.com.tr\/index.php?rest_route=%2Fwp%2Fv2%2Fcomments&post=8323"}],"version-history":[{"count":1,"href":"https:\/\/kocaeli.worldpest.com.tr\/index.php?rest_route=\/wp\/v2\/pages\/8323\/revisions"}],"predecessor-version":[{"id":8324,"href":"https:\/\/kocaeli.worldpest.com.tr\/index.php?rest_route=\/wp\/v2\/pages\/8323\/revisions\/8324"}],"wp:attachment":[{"href":"https:\/\/kocaeli.worldpest.com.tr\/index.php?rest_route=%2Fwp%2Fv2%2Fmedia&parent=8323"}],"curies":[{"name":"wp","href":"https:\/\/api.w.org\/{rel}","templated":true}]}}