{"id":8331,"date":"2022-04-27T14:58:26","date_gmt":"2022-04-27T14:58:26","guid":{"rendered":"https:\/\/kocaeli.worldpest.com.tr\/?page_id=8331"},"modified":"2022-05-10T16:47:45","modified_gmt":"2022-05-10T16:47:45","slug":"raporlama-ve-biyosidal-urun-uygulama-yonetmeligi","status":"publish","type":"page","link":"https:\/\/kocaeli.worldpest.com.tr\/?page_id=8331","title":{"rendered":"Raporlama ve Biyosidal \u00dcr\u00fcn Uygulama Y\u00f6netmeli\u011fi"},"content":{"rendered":"<p>\u0130la\u00e7lama yapt\u0131\u011f\u0131m\u0131z t\u00fcm alanlarda ha\u015fere ila\u00e7lamas\u0131nda kullan\u0131lan ila\u00e7lar\u0131n markalar\u0131, ila\u00e7lar\u0131n aktif maddeleri, \u00fcretici firmalar\u0131, msds raporlar\u0131 kullan\u0131m dozajlar\u0131 ve kullan\u0131lan ila\u00e7lar\u0131n ila\u00e7 antidotlar\u0131 ile \u015firketimizin biyosidal \u00fcr\u00fcn uygulama izin belgeleri uygulamalarda sunulmaktad\u0131r. Ha\u015fere ila\u00e7lama uygulamas\u0131 yapan ila\u00e7lama teknisyen belgeleri de taraf\u0131n\u0131za sunulmaktad\u0131r. Dosya halinde t\u00fcm evraklar i\u015fletme yetkilisine teslim edilir.<\/p>\n<p>T\u00fcm alanlarda zararl\u0131 kontrol\u00fc sa\u011flamak i\u00e7in iki tarafl\u0131 s\u00f6zle\u015fme yap\u0131l\u0131r. S\u00f6zle\u015fme sonras\u0131nda i\u015fletmeyi ziyaret ederiz. \u0130\u015fletme i\u00e7 ve d\u0131\u015f alanlar\u0131nda canl\u0131 yakalama ve zehirli istasyonlar kurulacak ise, kurulum yap\u0131lacak alanlar belirlenir. Risk analizi yap\u0131larak ve i\u015fletme sorumlusundan onay al\u0131narak kurulumlar yap\u0131l\u0131r. Kurulan kemirgen monit\u00f6rlerinin duvara sabitlemeleri yap\u0131l\u0131r ve bilgi etiketleri d\u00fczenlenir. Harita \u00fczerinde de kurulan sistem ve numaraland\u0131rmalar\u0131 yap\u0131l\u0131r. D\u00fczenlenen pest kotrol \u015femas\u0131 dosya halinde i\u015fletme yetkiline teslim edilir.<\/p>\n<p>\u0130\u015fletme kapal\u0131 alanlar\u0131nda u\u00e7an ha\u015fereler i\u00e7in de efk cihaz\u0131 dedi\u011fimiz y\u00f6netmeli\u011fe uygun sinek cihazlar\u0131 kurulumlar\u0131 yap\u0131l\u0131r. Sinek cihazlar\u0131 \u00f6ncelikle uzman teknisyenlerimiz, sonras\u0131nda i\u015fletme sorumlusunun ortak karar\u0131 ile yer belirlemesi yap\u0131l\u0131r. Kurulan efk cihazlar\u0131 da numaraland\u0131r\u0131l\u0131p pest \u015femas\u0131 \u00e7izilir pest kontrol dosyas\u0131na eklenir. Her yap\u0131lan ha\u015fere ila\u00e7lama sonras\u0131nda taraf\u0131n\u0131za biyosidal \u00fcr\u00fcn uygulama servis formu d\u00fczenlenir. (ek1 formu) \u0130\u015eLETMEN\u0130ZDE PROFESYONEL H\u0130ZMET ALACAKSINIZ.<\/p>\n<p><strong><u>DAHA DETAYLI B\u0130LG\u0130 \u0130\u00c7\u0130N \u00c7A\u011eRI MERKEZ\u0130M\u0130Z\u0130 ARAYINIZ<\/u><\/strong><\/p>\n<p>Sorumluluk alanlar\u0131m\u0131zda sizin \u00fcst\u00fcn\u00fcze d\u00fc\u015fen sorumluluklar\u0131n\u0131z ya da i\u015fletmede al\u0131nacak fiziksel \u00f6nlemler var ise size bildirece\u011fiz.<\/p>\n<p>WORLDPEST \u00e7al\u0131\u015fmalar\u0131n\u0131 \u00f6zenle yapacakt\u0131r. \u0130\u015fletmeler denetimlerden kolayca ge\u00e7ecektir. \u00c7\u00fcnk\u00fc \u015firketimiz biyosidal \u00fcr\u00fcn uygulama iznine sahiptir. T\u00fcm yeterlilik belgelerimiz tamd\u0131r.<\/p>\n<p>Biyosidal \u00fcr\u00fcn uygulama y\u00f6netmeli\u011fi a\u015fa\u011f\u0131dad\u0131r l\u00fctfen inceleyeniz. Ruhsats\u0131z ila\u00e7lama \u015firketleriyle \u00e7al\u0131\u015f\u0131p risk almay\u0131n\u0131z.<\/p>\n<p>&nbsp;<\/p>\n<p style=\"text-align: center;\"><strong>\u00a0<\/strong><strong>B\u0130YOS\u0130DAL \u00dcR\u00dcNLER\u0130N KULLANIM USUL VE ESASLARI<\/strong><\/p>\n<p style=\"text-align: center;\"><strong>HAKKINDA Y\u00d6NETMEL\u0130K<\/strong><\/p>\n<p><strong>\u00a0<\/strong><\/p>\n<p><strong>B\u0130R\u0130NC\u0130 B\u00d6L\u00dcM<\/strong><\/p>\n<p><strong>Ama\u00e7, Kapsam, Dayanak ve Tan\u0131mlar<\/strong><\/p>\n<p><strong>Ama\u00e7<\/strong><\/p>\n<p><strong>MADDE 1 \u2013<\/strong>\u00a0(1) Bu Y\u00f6netmelik, halk sa\u011fl\u0131\u011f\u0131 alan\u0131nda halk sa\u011fl\u0131\u011f\u0131n\u0131 ve huzurunu bozan zararl\u0131lara kar\u015f\u0131 biyosidal \u00fcr\u00fcn kullanarak m\u00fccadele etmek isteyen ger\u00e7ek ve t\u00fczel ki\u015filere ait i\u015f yerlerinin \u00e7al\u0131\u015fma usul ve esaslar\u0131 ile kamu kurum ve kurulu\u015flar\u0131n\u0131n uygulama usul ve esaslar\u0131n\u0131 belirlemek suretiyle halk sa\u011fl\u0131\u011f\u0131n\u0131n korunmas\u0131 amac\u0131yla haz\u0131rlanm\u0131\u015ft\u0131r.<\/p>\n<p><strong>Kapsam<\/strong><\/p>\n<p><strong>MADDE 2 \u2013<\/strong>\u00a0(1) Bu Y\u00f6netmelik, halk sa\u011fl\u0131\u011f\u0131 alan\u0131nda biyosidal \u00fcr\u00fcn kullan\u0131larak zararl\u0131lar ile m\u00fccadele etmek isteyen ger\u00e7ek, t\u00fczel ki\u015filer ve bunlar\u0131n i\u015f yerleri ile kamu kurum ve kurulu\u015flar\u0131n\u0131n izin alma \u015fekil ve \u015fartlar\u0131n\u0131, \u00e7al\u0131\u015fma usul ve esaslar\u0131n\u0131, denetimlerini ve \u00e7al\u0131\u015fan personeli kapsar.<\/p>\n<p>(2) Bakanl\u0131k\u00e7a halk\u0131n genel kullan\u0131m\u0131 i\u00e7in izin verilen biyosidal \u00fcr\u00fcnlerle yap\u0131lan bireysel uygulamalar bu Y\u00f6netmelik kapsam\u0131 d\u0131\u015f\u0131ndad\u0131r.<\/p>\n<p><strong>Dayanak<\/strong><\/p>\n<p><strong>MADDE 3 \u2013\u00a0<\/strong>(1) 10\/7\/2018 tarihli ve 30474 say\u0131l\u0131 Resm\u00ee Gazete\u2019de yay\u0131mlanan 1 say\u0131l\u0131 Cumhurba\u015fkanl\u0131\u011f\u0131 Te\u015fkilat\u0131 Hakk\u0131nda Cumhurba\u015fkanl\u0131\u011f\u0131 Kararnamesinin 361 inci maddesinin birinci f\u0131kras\u0131n\u0131n (d) bendi ve 508 inci maddesine dayan\u0131larak haz\u0131rlanm\u0131\u015ft\u0131r.<\/p>\n<p><strong>Tan\u0131mlar<\/strong><\/p>\n<p><strong>MADDE 4 \u2013<\/strong>\u00a0(1) Bu Y\u00f6netmelikte ge\u00e7en;<\/p>\n<ol>\n<li>a) Alet ve cihaz: Uygulamada kullan\u0131lan nakil ara\u00e7lar\u0131 da dahil olmak \u00fczere motorlu, motorsuz, sabit veya seyyar her \u00e7e\u015fit alet, ara\u00e7 ve makine ile bunlar\u0131n \u00e7al\u0131\u015ft\u0131r\u0131lmas\u0131 i\u00e7in gerekli malzemeleri,<\/li>\n<li>b) Bakanl\u0131k: Sa\u011fl\u0131k Bakanl\u0131\u011f\u0131n\u0131,<\/li>\n<li>c) Biyosidal \u00fcr\u00fcn: Bir veya birden fazla aktif madde i\u00e7eren, kullan\u0131ma haz\u0131r halde sat\u0131\u015fa sunulmu\u015f, kimyasal veya biyolojik a\u00e7\u0131dan herhangi bir hedef organizma \u00fczerinde kontrol edici etki g\u00f6steren veya hareketini k\u0131s\u0131tlayan, zarars\u0131z k\u0131lan, yok eden aktif madde ve preparatlar\u0131,<\/li>\n<\/ol>\n<p>\u00e7) E\u011fitilmi\u015f profesyonel kullan\u0131c\u0131: Biyosidal \u00fcr\u00fcn uygulay\u0131c\u0131lar\u0131na y\u00f6nelik mesul m\u00fcd\u00fcr e\u011fitimi veya uygulay\u0131c\u0131 e\u011fitimine kat\u0131larak sertifika almaya hak kazanan ki\u015fiyi,<\/p>\n<ol>\n<li>d) Elektronik ortam: Biyosidal \u00fcr\u00fcn uygulama i\u015f yerlerinin kay\u0131tlar\u0131n\u0131n ve uygulama giri\u015flerinin yap\u0131ld\u0131\u011f\u0131 elektronik sistemi,<\/li>\n<li>e) E\u011fitim veren kurulu\u015f: Bakanl\u0131k\u00e7a uygulay\u0131c\u0131 e\u011fitimi i\u00e7in yeterlili\u011fi tespit edilerek belgelendirilmi\u015f kurum ve kurulu\u015flar\u0131,<\/li>\n<li>f) Ekip: Zararl\u0131 m\u00fccadelesini fiilen yapan ekip sorumlusu ile uygulay\u0131c\u0131dan olu\u015fan en az iki, en fazla on ki\u015fiyi,<\/li>\n<li>g) Ekip sorumlusu: Biyosidal \u00fcr\u00fcn uygulama sertifikas\u0131na sahip olanlar aras\u0131ndan 9 uncu maddede belirtilen meslek gruplar\u0131ndan birine sahip veya lise mezunu olup bu alanda en az 3 y\u0131l uygulama tecr\u00fcbesi olan uygulama ekibinin ba\u015f\u0131nda bulunan ki\u015fiyi,<\/li>\n<\/ol>\n<p>\u011f) Genel M\u00fcd\u00fcrl\u00fck: Halk Sa\u011fl\u0131\u011f\u0131 Genel M\u00fcd\u00fcrl\u00fc\u011f\u00fcn\u00fc,<\/p>\n<ol>\n<li>h) Gere\u00e7: \u00dcr\u00fcn haz\u0131rlama ve \u00fcr\u00fcn uygulamada kullan\u0131lan su kaplar\u0131, i\u00e7erisinde haz\u0131rlama kaplar\u0131, nakil kaplar\u0131, su tulumbalar\u0131, \u00e7ad\u0131r, \u00f6rt\u00fc, koruyucu elbiseler, maskeler, lastik veya kau\u00e7uk eldivenler, \u00e7izmeler, g\u00f6zl\u00fck siperler gibi koruyucu malzemeyi,<\/li>\n<\/ol>\n<p>\u0131) Halk sa\u011fl\u0131\u011f\u0131 alan\u0131: Ev, otel, okul, hastane, i\u015f yeri, \u00fcretim yeri, fabrika benzeri; halk\u0131n yemesi, i\u00e7mesi, e\u011flenmesi, spor yapmas\u0131 gibi insan yerle\u015fim ve \u00e7al\u0131\u015fma yerleri ve g\u00fcndelik ya\u015fam\u0131yla ilgili fiziki mek\u00e2nlar ve \u00e7evreyi,<\/p>\n<ol>\n<li>i) \u0130zin: Biyosidal \u00fcr\u00fcnleri kullanarak zararl\u0131larla m\u00fccadele etmek isteyenlere verilen belgeyi,<\/li>\n<li>j) Mesul m\u00fcd\u00fcr: Hekim, veteriner hekim, eczac\u0131, kimyager, m\u00fchendis (kimya, ziraat, \u00e7evre, g\u0131da, su \u00fcr\u00fcnleri, t\u00fct\u00fcn teknolojisi), biyoloji alan\u0131nda lisans veya entomoloji, toksikoloji alan\u0131nda y\u00fcksek lisans veyahut doktora diplomas\u0131na sahip olup, Bakanl\u0131ktan sertifika almaya hak kazanan ki\u015fiyi,<\/li>\n<li>k) M\u00fcd\u00fcrl\u00fck: \u0130l Sa\u011fl\u0131k M\u00fcd\u00fcrl\u00fc\u011f\u00fcn\u00fc,<\/li>\n<li>l) Sa\u011fl\u0131k te\u015fkilat\u0131: Bakanl\u0131k merkez ve ta\u015fra te\u015fkilat\u0131n\u0131,<\/li>\n<li>m) Uygulama: Halk sa\u011fl\u0131\u011f\u0131 alan\u0131nda kullan\u0131lan biyosidal \u00fcr\u00fcnlerle yap\u0131lan zararl\u0131 m\u00fccadelesini,<\/li>\n<li>n) Uygulay\u0131c\u0131: Halk sa\u011fl\u0131\u011f\u0131 alan\u0131nda kullan\u0131lan biyosidal \u00fcr\u00fcnlerle yap\u0131lan zararl\u0131 m\u00fccadelesini fiilen yapan ki\u015fiyi,<\/li>\n<li>o) Uygulay\u0131c\u0131 e\u011fitimi: Uygulay\u0131c\u0131lara y\u00f6nelik olarak biyosidal \u00fcr\u00fcnlerin uygulamalar\u0131 hakk\u0131nda d\u00fczenlenen ve esaslar\u0131 Bakanl\u0131k\u00e7a belirlenen e\u011fitimi,<\/li>\n<\/ol>\n<p>\u00f6) Zararl\u0131 organizma: \u0130nsanlara, insan faaliyetlerine veya insanlar\u0131n kulland\u0131klar\u0131 veya \u00fcrettikleri \u00fcr\u00fcnlere; hayvanlara ya da \u00e7evreye y\u00f6nelik istenmeyen veya zararl\u0131 etkileri olan her t\u00fcrl\u00fc organizmay\u0131,<\/p>\n<p>ifade eder.<\/p>\n<p>&nbsp;<\/p>\n<p>&nbsp;<\/p>\n","protected":false},"excerpt":{"rendered":"<p>\u0130la\u00e7lama yapt\u0131\u011f\u0131m\u0131z t\u00fcm alanlarda ha\u015fere ila\u00e7lamas\u0131nda kullan\u0131lan ila\u00e7lar\u0131n markalar\u0131, ila\u00e7lar\u0131n aktif maddeleri, \u00fcretici firmalar\u0131, msds raporlar\u0131 kullan\u0131m dozajlar\u0131 ve kullan\u0131lan ila\u00e7lar\u0131n ila\u00e7 antidotlar\u0131 ile \u015firketimizin biyosidal \u00fcr\u00fcn uygulama izin belgeleri uygulamalarda sunulmaktad\u0131r. Ha\u015fere ila\u00e7lama uygulamas\u0131 yapan ila\u00e7lama teknisyen belgeleri de taraf\u0131n\u0131za sunulmaktad\u0131r. Dosya halinde t\u00fcm evraklar i\u015fletme yetkilisine teslim edilir. T\u00fcm alanlarda zararl\u0131 kontrol\u00fc sa\u011flamak&#8230;<\/p>\n","protected":false},"author":1,"featured_media":0,"parent":0,"menu_order":0,"comment_status":"closed","ping_status":"closed","template":"","meta":{"_joinchat":[],"footnotes":""},"class_list":["post-8331","page","type-page","status-publish","hentry"],"_links":{"self":[{"href":"https:\/\/kocaeli.worldpest.com.tr\/index.php?rest_route=\/wp\/v2\/pages\/8331","targetHints":{"allow":["GET"]}}],"collection":[{"href":"https:\/\/kocaeli.worldpest.com.tr\/index.php?rest_route=\/wp\/v2\/pages"}],"about":[{"href":"https:\/\/kocaeli.worldpest.com.tr\/index.php?rest_route=\/wp\/v2\/types\/page"}],"author":[{"embeddable":true,"href":"https:\/\/kocaeli.worldpest.com.tr\/index.php?rest_route=\/wp\/v2\/users\/1"}],"replies":[{"embeddable":true,"href":"https:\/\/kocaeli.worldpest.com.tr\/index.php?rest_route=%2Fwp%2Fv2%2Fcomments&post=8331"}],"version-history":[{"count":4,"href":"https:\/\/kocaeli.worldpest.com.tr\/index.php?rest_route=\/wp\/v2\/pages\/8331\/revisions"}],"predecessor-version":[{"id":8458,"href":"https:\/\/kocaeli.worldpest.com.tr\/index.php?rest_route=\/wp\/v2\/pages\/8331\/revisions\/8458"}],"wp:attachment":[{"href":"https:\/\/kocaeli.worldpest.com.tr\/index.php?rest_route=%2Fwp%2Fv2%2Fmedia&parent=8331"}],"curies":[{"name":"wp","href":"https:\/\/api.w.org\/{rel}","templated":true}]}}